{"id":1469,"date":"2025-11-17T14:33:30","date_gmt":"2025-11-17T14:33:30","guid":{"rendered":"https:\/\/lootzinocasino.net\/login-and-registration\/"},"modified":"2025-11-18T09:34:45","modified_gmt":"2025-11-18T09:34:45","slug":"logowanie-i-rejestracja","status":"publish","type":"page","link":"https:\/\/lootzinocasino.net\/pl\/logowanie-i-rejestracja\/","title":{"rendered":"Logowanie i rejestracja"},"content":{"rendered":"<h1>Zaloguj si\u0119 i zarejestruj si\u0119 w serwisie Lootzino<\/h1>\n<p>Lootzino login zapewnia szybki i nieprzerwany dost\u0119p do naszej platformy wci\u0105gaj\u0105cych gier online. W Loot Zino stworzyli\u015bmy szybki i bezpieczny spos\u00f3b logowania dla nowych i powracaj\u0105cych polskich graczy, dost\u0119pny w dowolnym momencie. Wspieramy to usprawnionym systemem rejestracji. Zosta\u0142 on zaprojektowany tak, aby tworzenie konta by\u0142o proste. Dzi\u0119ki Lootzino Casino nasi gracze korzystaj\u0105 z bezpiecznego \u015brodowiska, r\u00f3\u017cnorodnego wyboru gier i funkcji zarz\u0105dzania kontem.<\/p>\n<p><div class=\"banner-wrap\" aria-label=\"Banner\"><img src=\"https:\/\/lootzinocasino.net\/wp-content\/uploads\/2025\/11\/Lootzino-banner-carousel-800\u0445400.webp\" class=\"w-100 d-none d-lg-block img-pc main-banner-img\" alt=\"Lootzino banner desktop\" fetchpriority=\"high\" decoding=\"async\"><img src=\"https:\/\/lootzinocasino.net\/wp-content\/uploads\/2025\/12\/Group-25.webp\" class=\"w-100 d-none d-md-block d-lg-none main-banner-img\" alt=\"Lootzino banner mobile\" fetchpriority=\"high\" decoding=\"async\"><img src=\"https:\/\/lootzinocasino.net\/wp-content\/uploads\/2025\/12\/Group-25.webp\" class=\"w-100 d-md-none\" alt=\"Lootzino banner mobile\" fetchpriority=\"high\" decoding=\"async\"><div class=\"banner-description\">\n<div class=\"banner-title\">Bonusy powitalne<\/div>\n<p class=\"banner-header-title\">1500 \u20ac<\/p>\n<div class=\"banner-header-AdditionalText\">+ 250 Darmowe obroty<\/div>\n<button data-item=\"homepage_banner_link\" class=\"goto m-button m-gradient-border m-button--primary m-button--large banner-button btn-orange\">\n            <div class=\"m-button-content\">\n                <span>Zarejestruj si\u0119 teraz<\/span>\n                <span><\/span>\n            <\/div>\n        <\/button>\n<\/div>\n<div class=\"WelcomePack\">\n<p><img loading=\"lazy\" decoding=\"async\" class=\"alignnone size-full wp-image-1391\" src=\"https:\/\/lootzinocasino.net\/wp-content\/uploads\/2025\/11\/welcome-crown.svg\" alt=\"crown\" width=\"25\" height=\"26\" \/><\/p>\n<div class=\"WelcomePack-Info\">Cotygodniowy zwrot got\u00f3wki do 25%<\/div>\n<p><img loading=\"lazy\" decoding=\"async\" class=\"alignnone size-full wp-image-1391\" src=\"https:\/\/lootzinocasino.net\/wp-content\/uploads\/2025\/11\/welcome-crown.svg\" alt=\"crown\" width=\"25\" height=\"26\" \/><\/p>\n<\/div>\n<\/div><div class=\"scrollable-content-wrap my-5\"><div class=\"scrollable-content-inner\"><h2>Kasyno Lootzino procedura rejestracji<\/h2>\n<p>Rejestracja konta w Lootzino Casino otwiera drzwi do szerokiej gamy korzy\u015bci w naszym kasynie. Na przyk\u0142ad wszyscy nasi nowi cz\u0142onkowie otrzymuj\u0105 atrakcyjny pakiet powitalny o warto\u015bci 1500 \u20ac z 250 darmowymi spinami.<\/p>\n<p>Ponadto przygotowujemy hojne bonusy od depozytu, kt\u00f3re s\u0105 podzielone na trzy cz\u0119\u015bci w miar\u0119 dokonywania wp\u0142at i otrzymywania za to nagr\u00f3d, a tak\u017ce oferujemy wi\u0119cej darmowych spin\u00f3w, umo\u017cliwiaj\u0105cych natychmiastowe korzystanie z naszej biblioteki gier.<\/p>\n<p>Rejestracja zapewnia r\u00f3wnie\u017c dost\u0119p do spersonalizowanego zarz\u0105dzania kontem, ekskluzywnych promocji oraz udzia\u0142u w turniejach kasynowych na \u017cywo.<\/p>\n<p>Rejestracja w naszym serwisie oznacza mo\u017cliwo\u015b\u0107 korzystania z nast\u0119puj\u0105cych korzy\u015bci:<\/p>\n<ul>\n<li>Pakiet bonus\u00f3w powitalnych o warto\u015bci do 1500 \u20ac + 200 darmowych spin\u00f3w<\/li>\n<li>Nieograniczony dost\u0119p do naszej bogatej oferty gier<\/li>\n<li>Bezpieczne opcje wp\u0142at i wyp\u0142at na telefonie i komputerze<\/li>\n<li>Trwaj\u0105ce promocje i nagrody lojalno\u015bciowe<\/li>\n<li>Wieloj\u0119zyczne wsparcie dla globalnych graczy<\/li>\n<li>Efektywne procesy zarz\u0105dzania kontami i weryfikacji<\/li>\n<\/ul>\n<p>Podsumowuj\u0105c, rejestracja w Loot Zino jest naprawd\u0119 op\u0142acalna \u2013 przekonasz si\u0119 o tym sam. Utworzenie konta Lootzino gwarantuje graczom pe\u0142ny dost\u0119p do funkcji naszej platformy, od zarz\u0105dzania wp\u0142atami po \u015bledzenie historii rozgrywek. Proces logowania do Loozino jest szybki, dzi\u0119ki czemu mo\u017cesz bezzw\u0142ocznie zacz\u0105\u0107 cieszy\u0107 si\u0119 ulubionymi tytu\u0142ami.<\/p>\n<h2>Logowanie do Lootzino kroki<\/h2>\n<p>Logowanie do serwisu Lootzino to prosty proces, kt\u00f3ry zapewnia natychmiastowy dost\u0119p do wszystkich funkcji naszej platformy. Kroki obejmuj\u0105:<\/p>\n<ol>\n<li>Przejd\u017a do prawego g\u00f3rnego rogu naszej strony g\u0142\u00f3wnej i wybierz przycisk Lootzino login.<\/li>\n<li>Wpisz sw\u00f3j zarejestrowany adres e-mail i has\u0142o (je\u015bli zapomnia\u0142e\u015b has\u0142a, przeczytaj poni\u017cej, jak je odzyska\u0107).<\/li>\n<li>Potwierdzam Lootzino login, aby uzyska\u0107 dost\u0119p do pulpitu nawigacyjnego konta.<\/li>\n<\/ol>\n<p>Po zalogowaniu si\u0119 mo\u017cesz wp\u0142aca\u0107 \u015brodki, przegl\u0105da\u0107 histori\u0119 transakcji, aktualizowa\u0107 dane osobowe i w razie potrzeby kontaktowa\u0107 si\u0119 z naszym wieloj\u0119zycznym zespo\u0142em pomocy technicznej za po\u015brednictwem czatu na \u017cywo. Intuicyjny interfejs naszej platformy u\u0142atwia zarz\u0105dzanie kontem. \u0141atwo jest porusza\u0107 si\u0119 po r\u00f3\u017cnych opcjach i ustawia\u0107 limity wp\u0142at, przegl\u0105da\u0107 histori\u0119 gier lub bra\u0107 udzia\u0142 w wydarzeniach promocyjnych.<\/p>\n<p>Po zalogowaniu si\u0119 masz dost\u0119p do szerokiej gamy przydatnych opcji Loot Zino :<\/p>\n<table>\n<tbody>\n<tr>\n<td>Funkcja logowania Loozino<\/td>\n<td>Cel<\/td>\n<\/tr>\n<tr>\n<td>Aktualizacja danych osobowych<\/td>\n<td>Edytuj dane osobowe<\/td>\n<\/tr>\n<tr>\n<td>Ustaw limity wp\u0142at\/wyp\u0142at<\/td>\n<td>Kontroluj swoje wydatki<\/td>\n<\/tr>\n<tr>\n<td>Zobacz histori\u0119 transakcji\/rozgrywki<\/td>\n<td>Dzia\u0142alno\u015b\u0107 zwi\u0105zana z recenzowaniem<\/td>\n<\/tr>\n<tr>\n<td>Ciesz si\u0119 poleceniem<\/td>\n<td>Rozbudowuj sie\u0107 kontakt\u00f3w, zdobywaj nagrody<\/td>\n<\/tr>\n<tr>\n<td>Zarz\u0105dzaj ofertami promocyjnymi<\/td>\n<td>Uzyskaj dost\u0119p do bonus\u00f3w i aktywuj je<\/td>\n<\/tr>\n<\/tbody>\n<\/table>\n<h3>Nie pami\u0119tasz has\u0142a lub nazwy u\u017cytkownika?<\/h3>\n<p>Zapominanie zdarza si\u0119, a konta nie s\u0105 tu wyj\u0105tkiem. W przypadku problem\u00f3w z logowaniem do Lootzino mamy prosty proces odzyskiwania danych. U\u017cytkownicy mog\u0105 zresetowa\u0107 swoje has\u0142o (klikaj\u0105c \u201eNie pami\u0119tasz has\u0142a?\u201d podczas logowania) lub odzyska\u0107 swoj\u0105 nazw\u0119 u\u017cytkownika za pomoc\u0105 naszych dedykowanych funkcji pomocy technicznej. Dzi\u0119ki temu zapewniamy ci\u0105g\u0142y dost\u0119p bez wzgl\u0119du na okoliczno\u015bci, zachowuj\u0105c jednocze\u015bnie wysokie standardy bezpiecze\u0144stwa.<\/p>\n<h2>Loot Zino dost\u0119p do konta<\/h2>\n<p>Kasyno Lootzino priorytetowo traktuje bezpieczny i niezawodny dost\u0119p do konta. Nasz portal Lootzino login jest chroniony zaawansowanym szyfrowaniem (SSL secure) w celu ochrony danych u\u017cytkownik\u00f3w. Zapewniamy, \u017ce ka\u017cda sesja logowania pozostaje poufna. Dla dodatkowego bezpiecze\u0144stwa zalecamy w\u0142\u0105czenie uwierzytelniania dwusk\u0142adnikowego, je\u015bli to mo\u017cliwe, oraz nigdy nieudost\u0119pnianie nikomu danych swojego konta. Nasza platforma obs\u0142uguje wiele j\u0119zyk\u00f3w, dzi\u0119ki czemu jest dost\u0119pna dla graczy na ca\u0142ym \u015bwiecie, wi\u0119c w razie problem\u00f3w po prostu napisz do nas.<\/p>\n<h2>Cz\u0119sto zadawane pytania<\/h2>\n<h3>Czy zapisanie danych logowania do serwisu Lootzino w przegl\u0105darce jest bezpieczne?<\/h3>\n<p>Zapisywanie danych logowania mo\u017ce by\u0107 wygodne, ale mo\u017ce stanowi\u0107 zagro\u017cenie dla bezpiecze\u0144stwa, je\u015bli nie podejmiesz odpowiednich \u015brodk\u00f3w ostro\u017cno\u015bci. Zalecamy wszystkim naszym graczom korzystanie z bezpiecznych przegl\u0105darek z wy\u0142\u0105czon\u0105 funkcj\u0105 autouzupe\u0142niania oraz wylogowywanie si\u0119 po ka\u017cdej sesji, aby zapobiec nieautoryzowanemu dost\u0119powi.<\/p>\n<h3>Jak mog\u0119 chroni\u0107 swoje konto w kasynie Lootzino?<\/h3>\n<p>C\u00f3\u017c, z naszej strony chronimy Ci\u0119 za pomoc\u0105 szyfrowania SSL. Ale Ty r\u00f3wnie\u017c mo\u017cesz do\u0142o\u017cy\u0107 swoj\u0105 cegie\u0142k\u0119. Aby zabezpieczy\u0107 swoje konto, u\u017cywaj silnego, unikalnego has\u0142a, w\u0142\u0105cz uwierzytelnianie dwusk\u0142adnikowe, je\u015bli jest dost\u0119pne, i unikaj udost\u0119pniania danych logowania \u2014 Twoja data urodzin lub data urodzin Twojej babci s\u0105 \u0142atwe do z\u0142amania. Regularne sprawdzanie aktywno\u015bci na koncie Loot Zino i aktualizowanie danych kontaktowych dodatkowo zwi\u0119ksza bezpiecze\u0144stwo.<\/p>\n<h3>Dlaczego musz\u0119 zweryfikowa\u0107 swoje konto przed zalogowaniem si\u0119?<\/h3>\n<p>Proces weryfikacji jest niezb\u0119dny do potwierdzenia Twojej to\u017csamo\u015bci. Dok\u0142adamy wszelkich stara\u0144, aby zapobiega\u0107 oszustwom, a od Ciebie oczekujemy przestrzegania wymog\u00f3w prawnych jako cz\u0142onka naszej spo\u0142eczno\u015bci Loot Zino. Weryfikacja konta odblokowuje r\u00f3wnie\u017c pe\u0142ne mo\u017cliwo\u015bci wyp\u0142aty \u015brodk\u00f3w i zwi\u0119ksza og\u00f3lne bezpiecze\u0144stwo.<\/p>\n<\/div><\/div><\/p>\n","protected":false},"excerpt":{"rendered":"<p>Zaloguj si\u0119 i zarejestruj si\u0119 w serwisie Lootzino Lootzino login zapewnia szybki i nieprzerwany dost\u0119p do naszej platformy wci\u0105gaj\u0105cych gier online. W Loot Zino stworzyli\u015bmy szybki i bezpieczny spos\u00f3b logowania dla nowych i powracaj\u0105cych polskich graczy, dost\u0119pny w dowolnym momencie. Wspieramy to usprawnionym systemem rejestracji. Zosta\u0142 on zaprojektowany tak, aby tworzenie konta by\u0142o proste. Dzi\u0119ki [&hellip;]<\/p>\n","protected":false},"author":1,"featured_media":0,"parent":0,"menu_order":0,"comment_status":"closed","ping_status":"closed","template":"template-builder.php","meta":{"_acf_changed":false,"inline_featured_image":false,"footnotes":""},"class_list":["post-1469","page","type-page","status-publish","hentry"],"acf":[],"yoast_head":"<!-- This site is optimized with the Yoast SEO plugin v27.3 - https:\/\/yoast.com\/product\/yoast-seo-wordpress\/ -->\n<title>Lootzino Login \u2013 Rejestracja i Dost\u0119p do Konta<\/title>\n<meta name=\"description\" content=\"Lootzino Login \u2013 zaloguj si\u0119 bezpiecznie lub utw\u00f3rz konto w kilka sekund. Zarz\u0105dzaj weryfikacj\u0105, odzyskiwaniem has\u0142a i ustawieniami profilu w Loot Zino.\" \/>\n<meta name=\"robots\" content=\"index, follow, max-snippet:-1, max-image-preview:large, max-video-preview:-1\" \/>\n<link rel=\"canonical\" href=\"https:\/\/lootzinocasino.net\/pl\/logowanie-i-rejestracja\/\" \/>\n<meta property=\"og:locale\" content=\"pl_PL\" \/>\n<meta property=\"og:type\" content=\"article\" \/>\n<meta property=\"og:title\" content=\"Lootzino Login \u2013 Rejestracja i Dost\u0119p do Konta\" \/>\n<meta property=\"og:description\" content=\"Lootzino Login \u2013 zaloguj si\u0119 bezpiecznie lub utw\u00f3rz konto w kilka sekund. Zarz\u0105dzaj weryfikacj\u0105, odzyskiwaniem has\u0142a i ustawieniami profilu w Loot Zino.\" \/>\n<meta property=\"og:url\" content=\"https:\/\/lootzinocasino.net\/pl\/logowanie-i-rejestracja\/\" \/>\n<meta property=\"og:site_name\" content=\"lootzino\" \/>\n<meta property=\"article:modified_time\" content=\"2025-11-18T09:34:45+00:00\" \/>\n<meta name=\"twitter:card\" content=\"summary_large_image\" \/>\n<meta name=\"twitter:label1\" content=\"Est. reading time\" \/>\n\t<meta name=\"twitter:data1\" content=\"1 minuta\" \/>\n<script type=\"application\/ld+json\" class=\"yoast-schema-graph\">{\"@context\":\"https:\\\/\\\/schema.org\",\"@graph\":[{\"@type\":\"WebPage\",\"@id\":\"https:\\\/\\\/lootzinocasino.net\\\/pl\\\/logowanie-i-rejestracja\\\/\",\"url\":\"https:\\\/\\\/lootzinocasino.net\\\/pl\\\/logowanie-i-rejestracja\\\/\",\"name\":\"Lootzino Login \u2013 Rejestracja i Dost\u0119p do Konta\",\"isPartOf\":{\"@id\":\"https:\\\/\\\/lootzinocasino.net\\\/pl\\\/#website\"},\"datePublished\":\"2025-11-17T14:33:30+00:00\",\"dateModified\":\"2025-11-18T09:34:45+00:00\",\"description\":\"Lootzino Login \u2013 zaloguj si\u0119 bezpiecznie lub utw\u00f3rz konto w kilka sekund. Zarz\u0105dzaj weryfikacj\u0105, odzyskiwaniem has\u0142a i ustawieniami profilu w Loot Zino.\",\"breadcrumb\":{\"@id\":\"https:\\\/\\\/lootzinocasino.net\\\/pl\\\/logowanie-i-rejestracja\\\/#breadcrumb\"},\"inLanguage\":\"pl-PL\",\"potentialAction\":[{\"@type\":\"ReadAction\",\"target\":[\"https:\\\/\\\/lootzinocasino.net\\\/pl\\\/logowanie-i-rejestracja\\\/\"]}]},{\"@type\":\"BreadcrumbList\",\"@id\":\"https:\\\/\\\/lootzinocasino.net\\\/pl\\\/logowanie-i-rejestracja\\\/#breadcrumb\",\"itemListElement\":[{\"@type\":\"ListItem\",\"position\":1,\"name\":\"Lootzino\",\"item\":\"https:\\\/\\\/lootzinocasino.net\\\/pl\\\/\"},{\"@type\":\"ListItem\",\"position\":2,\"name\":\"Logowanie i rejestracja\"}]},{\"@type\":\"WebSite\",\"@id\":\"https:\\\/\\\/lootzinocasino.net\\\/pl\\\/#website\",\"url\":\"https:\\\/\\\/lootzinocasino.net\\\/pl\\\/\",\"name\":\"Lootzino\",\"description\":\"\",\"publisher\":{\"@id\":\"https:\\\/\\\/lootzinocasino.net\\\/pl\\\/#organization\"},\"potentialAction\":[{\"@type\":\"SearchAction\",\"target\":{\"@type\":\"EntryPoint\",\"urlTemplate\":\"https:\\\/\\\/lootzinocasino.net\\\/pl\\\/?s={search_term_string}\"},\"query-input\":{\"@type\":\"PropertyValueSpecification\",\"valueRequired\":true,\"valueName\":\"search_term_string\"}}],\"inLanguage\":\"pl-PL\"},{\"@type\":\"Organization\",\"@id\":\"https:\\\/\\\/lootzinocasino.net\\\/pl\\\/#organization\",\"name\":\"Lootzino\",\"url\":\"https:\\\/\\\/lootzinocasino.net\\\/pl\\\/\",\"logo\":{\"@type\":\"ImageObject\",\"inLanguage\":\"pl-PL\",\"@id\":\"https:\\\/\\\/lootzinocasino.net\\\/pl\\\/#\\\/schema\\\/logo\\\/image\\\/\",\"url\":\"https:\\\/\\\/lootzinocasino.net\\\/wp-content\\\/uploads\\\/2025\\\/11\\\/lootzino.svg\",\"contentUrl\":\"https:\\\/\\\/lootzinocasino.net\\\/wp-content\\\/uploads\\\/2025\\\/11\\\/lootzino.svg\",\"width\":16,\"height\":20,\"caption\":\"Lootzino\"},\"image\":{\"@id\":\"https:\\\/\\\/lootzinocasino.net\\\/pl\\\/#\\\/schema\\\/logo\\\/image\\\/\"}}]}<\/script>\n<!-- \/ Yoast SEO plugin. -->","yoast_head_json":{"title":"Lootzino Login \u2013 Rejestracja i Dost\u0119p do Konta","description":"Lootzino Login \u2013 zaloguj si\u0119 bezpiecznie lub utw\u00f3rz konto w kilka sekund. Zarz\u0105dzaj weryfikacj\u0105, odzyskiwaniem has\u0142a i ustawieniami profilu w Loot Zino.","robots":{"index":"index","follow":"follow","max-snippet":"max-snippet:-1","max-image-preview":"max-image-preview:large","max-video-preview":"max-video-preview:-1"},"canonical":"https:\/\/lootzinocasino.net\/pl\/logowanie-i-rejestracja\/","og_locale":"pl_PL","og_type":"article","og_title":"Lootzino Login \u2013 Rejestracja i Dost\u0119p do Konta","og_description":"Lootzino Login \u2013 zaloguj si\u0119 bezpiecznie lub utw\u00f3rz konto w kilka sekund. Zarz\u0105dzaj weryfikacj\u0105, odzyskiwaniem has\u0142a i ustawieniami profilu w Loot Zino.","og_url":"https:\/\/lootzinocasino.net\/pl\/logowanie-i-rejestracja\/","og_site_name":"lootzino","article_modified_time":"2025-11-18T09:34:45+00:00","twitter_card":"summary_large_image","twitter_misc":{"Est. reading time":"1 minuta"},"schema":{"@context":"https:\/\/schema.org","@graph":[{"@type":"WebPage","@id":"https:\/\/lootzinocasino.net\/pl\/logowanie-i-rejestracja\/","url":"https:\/\/lootzinocasino.net\/pl\/logowanie-i-rejestracja\/","name":"Lootzino Login \u2013 Rejestracja i Dost\u0119p do Konta","isPartOf":{"@id":"https:\/\/lootzinocasino.net\/pl\/#website"},"datePublished":"2025-11-17T14:33:30+00:00","dateModified":"2025-11-18T09:34:45+00:00","description":"Lootzino Login \u2013 zaloguj si\u0119 bezpiecznie lub utw\u00f3rz konto w kilka sekund. Zarz\u0105dzaj weryfikacj\u0105, odzyskiwaniem has\u0142a i ustawieniami profilu w Loot Zino.","breadcrumb":{"@id":"https:\/\/lootzinocasino.net\/pl\/logowanie-i-rejestracja\/#breadcrumb"},"inLanguage":"pl-PL","potentialAction":[{"@type":"ReadAction","target":["https:\/\/lootzinocasino.net\/pl\/logowanie-i-rejestracja\/"]}]},{"@type":"BreadcrumbList","@id":"https:\/\/lootzinocasino.net\/pl\/logowanie-i-rejestracja\/#breadcrumb","itemListElement":[{"@type":"ListItem","position":1,"name":"Lootzino","item":"https:\/\/lootzinocasino.net\/pl\/"},{"@type":"ListItem","position":2,"name":"Logowanie i rejestracja"}]},{"@type":"WebSite","@id":"https:\/\/lootzinocasino.net\/pl\/#website","url":"https:\/\/lootzinocasino.net\/pl\/","name":"Lootzino","description":"","publisher":{"@id":"https:\/\/lootzinocasino.net\/pl\/#organization"},"potentialAction":[{"@type":"SearchAction","target":{"@type":"EntryPoint","urlTemplate":"https:\/\/lootzinocasino.net\/pl\/?s={search_term_string}"},"query-input":{"@type":"PropertyValueSpecification","valueRequired":true,"valueName":"search_term_string"}}],"inLanguage":"pl-PL"},{"@type":"Organization","@id":"https:\/\/lootzinocasino.net\/pl\/#organization","name":"Lootzino","url":"https:\/\/lootzinocasino.net\/pl\/","logo":{"@type":"ImageObject","inLanguage":"pl-PL","@id":"https:\/\/lootzinocasino.net\/pl\/#\/schema\/logo\/image\/","url":"https:\/\/lootzinocasino.net\/wp-content\/uploads\/2025\/11\/lootzino.svg","contentUrl":"https:\/\/lootzinocasino.net\/wp-content\/uploads\/2025\/11\/lootzino.svg","width":16,"height":20,"caption":"Lootzino"},"image":{"@id":"https:\/\/lootzinocasino.net\/pl\/#\/schema\/logo\/image\/"}}]}},"_links":{"self":[{"href":"https:\/\/lootzinocasino.net\/pl\/wp-json\/wp\/v2\/pages\/1469","targetHints":{"allow":["GET"]}}],"collection":[{"href":"https:\/\/lootzinocasino.net\/pl\/wp-json\/wp\/v2\/pages"}],"about":[{"href":"https:\/\/lootzinocasino.net\/pl\/wp-json\/wp\/v2\/types\/page"}],"author":[{"embeddable":true,"href":"https:\/\/lootzinocasino.net\/pl\/wp-json\/wp\/v2\/users\/1"}],"replies":[{"embeddable":true,"href":"https:\/\/lootzinocasino.net\/pl\/wp-json\/wp\/v2\/comments?post=1469"}],"version-history":[{"count":2,"href":"https:\/\/lootzinocasino.net\/pl\/wp-json\/wp\/v2\/pages\/1469\/revisions"}],"predecessor-version":[{"id":1772,"href":"https:\/\/lootzinocasino.net\/pl\/wp-json\/wp\/v2\/pages\/1469\/revisions\/1772"}],"wp:attachment":[{"href":"https:\/\/lootzinocasino.net\/pl\/wp-json\/wp\/v2\/media?parent=1469"}],"curies":[{"name":"wp","href":"https:\/\/api.w.org\/{rel}","templated":true}]}}