{"id":1423,"date":"2025-11-17T14:31:34","date_gmt":"2025-11-17T14:31:34","guid":{"rendered":"https:\/\/lootzinocasino.net\/app\/"},"modified":"2025-11-18T09:31:23","modified_gmt":"2025-11-18T09:31:23","slug":"aplikacja","status":"publish","type":"page","link":"https:\/\/lootzinocasino.net\/pl\/aplikacja\/","title":{"rendered":"Aplikacja"},"content":{"rendered":"<h1>Aplikacja Lootzino<\/h1>\n<p>Nasza najbardziej przemy\u015blana technologicznie Lootzino app zmienia spos\u00f3b, w jaki grasz, oferuj\u0105c Ci \u015bwietne mobilne kasyno, kt\u00f3re dzia\u0142a tak samo dobrze jak nasza wersja na komputery stacjonarne. Dzi\u0119ki nowoczesnej technologii nasza aplikacja pozwala cieszy\u0107 si\u0119 ekscytuj\u0105cym \u015bwiatem gier z dowolnego miejsca. Jest \u0142atwa w obs\u0142udze, szybka w nawigacji i zapewnia bezpiecze\u0144stwo transakcji, dzi\u0119ki czemu kasyno Lootzino jest doskona\u0142ym wyborem dla polskich u\u017cytkownik\u00f3w poszukuj\u0105cych wygody i niezawodno\u015bci.<\/p>\n<div class=\"banner-wrap\" aria-label=\"Banner\"><img src=\"https:\/\/lootzinocasino.net\/wp-content\/uploads\/2025\/11\/Lootzino-banner-carousel-800\u0445400.webp\" class=\"w-100 d-none d-lg-block img-pc main-banner-img\" alt=\"Lootzino banner desktop\" fetchpriority=\"high\" decoding=\"async\"><img src=\"https:\/\/lootzinocasino.net\/wp-content\/uploads\/2025\/12\/Group-25.webp\" class=\"w-100 d-none d-md-block d-lg-none main-banner-img\" alt=\"Lootzino banner mobile\" fetchpriority=\"high\" decoding=\"async\"><img src=\"https:\/\/lootzinocasino.net\/wp-content\/uploads\/2025\/12\/Group-25.webp\" class=\"w-100 d-md-none\" alt=\"Lootzino banner mobile\" fetchpriority=\"high\" decoding=\"async\"><div class=\"banner-description\">\n<div class=\"banner-title\">Bonusy powitalne<\/div>\n<p class=\"banner-header-title\">1500 \u20ac<\/p>\n<div class=\"banner-header-AdditionalText\">+ 250 Darmowe obroty<\/div>\n<button data-item=\"homepage_banner_link\" class=\"goto m-button m-gradient-border m-button--primary m-button--large banner-button btn-orange\">\n            <div class=\"m-button-content\">\n                <span>Zarejestruj si\u0119 teraz<\/span>\n                <span><\/span>\n            <\/div>\n        <\/button>\n<\/div>\n<div class=\"WelcomePack\">\n<p><img loading=\"lazy\" decoding=\"async\" class=\"alignnone size-full wp-image-1391\" src=\"https:\/\/lootzinocasino.net\/wp-content\/uploads\/2025\/11\/welcome-crown.svg\" alt=\"crown\" width=\"25\" height=\"26\" \/><\/p>\n<div class=\"WelcomePack-Info\">Cotygodniowy zwrot got\u00f3wki do 25%<\/div>\n<p><img loading=\"lazy\" decoding=\"async\" class=\"alignnone size-full wp-image-1391\" src=\"https:\/\/lootzinocasino.net\/wp-content\/uploads\/2025\/11\/welcome-crown.svg\" alt=\"crown\" width=\"25\" height=\"26\" \/><\/p>\n<\/div>\n<\/div>\n<h2>Aplikacja Lootzino na urz\u0105dzenia mobilne<\/h2>\n<p>W przeciwie\u0144stwie do gry na komputerze, aplikacja Lootzino jest \u0142atwa do przenoszenia i dzia\u0142a dobrze na telefonach i tabletach. Oferuje t\u0119 sam\u0105 \u015bwietn\u0105 grafik\u0119 i wiele gier do wyboru. Zadbali\u015bmy o to, aby dzia\u0142a\u0142a dobrze na systemach Android i iOS, bez \u017cadnych b\u0142\u0119d\u00f3w. Opcje mobilne Loot Zino zapewniaj\u0105 szybk\u0105, bezpieczn\u0105 i przyjemn\u0105 rozrywk\u0119. Korzystanie z naszych automat\u00f3w online, gier kasynowych na \u017cywo i gier sto\u0142owych bez utraty jako\u015bci nigdy nie by\u0142o \u0142atwiejsze.<\/p>\n<p>Aplikacja Lootzino na telefony i tablety zosta\u0142a zaprojektowana tak, aby by\u0142a jak naj\u0142atwiejsza i najszybsza w u\u017cyciu. Dostosowuje si\u0119 do ka\u017cdego rozmiaru ekranu, dzi\u0119ki czemu \u0142atwo si\u0119 po niej porusza\u0107 \u2014 mo\u017cna j\u0105 powi\u0119ksza\u0107 i pomniejsza\u0107. Mo\u017cesz natychmiast uzyska\u0107 dost\u0119p do wielu naszych automat\u00f3w online, gier kasynowych na \u017cywo i gier sto\u0142owych. Wszystkie s\u0105 dostosowane do p\u0142ynnego dzia\u0142ania na urz\u0105dzeniach mobilnych. Aplikacje kasynowe s\u0105 czasami irytuj\u0105ce, poniewa\u017c dzia\u0142aj\u0105 z op\u00f3\u017anieniem, ale dzi\u0119ki Loot Zino Twoje gry dzia\u0142aj\u0105 p\u0142ynnie, nawet gdy gra wiele os\u00f3b.<\/p>\n<p>Zosta\u0142a zaprojektowana z my\u015bl\u0105 o bezpiecze\u0144stwie, zapewniaj\u0105c chronione transakcje i prosty spos\u00f3b weryfikacji to\u017csamo\u015bci u\u017cytkownika, chroni\u0105c jego dane i pieni\u0105dze. W przeciwie\u0144stwie do grania na komputerze osobistym, aplikacja Lootzino pozwala zabra\u0107 gry ze sob\u0105, aby gra\u0107 na przyk\u0142ad w poci\u0105gu, w drodze do domu lub skr\u00f3ci\u0107 czas oczekiwania w korku samochodowym. Mo\u017cesz gra\u0107 w swoje ulubione gry bez konieczno\u015bci pozostawania w domu. Nie oznacza to utraty jako\u015bci; nasza aplikacja nadal ma \u015bwietn\u0105 grafik\u0119 i dzia\u0142a doskonale, co czyni nas doskona\u0142ym wyborem dla ka\u017cdego, kto kocha gry mobilne.<\/p>\n<p><div style=\"clear: both\"><\/div><div class=\"d-flex justify-content-center\"><button data-item=\"decouvrez_link\" data-group=\"website_links\" class=\"goto fw-bold rounded-pill btn btn-orange\" aria-label=\"Pobierz aplikacj\u0119 Lootzino\" >Pobierz aplikacj\u0119 Lootzino<\/button><\/div><div class=\"scrollable-content-wrap my-5\"><div class=\"scrollable-content-inner\"><h2>Aplikacja Lootzino dla systemu Android<\/h2>\n<p>Nasza aplikacja Lootzino dla systemu Android dzia\u0142a jako aplikacja internetowa PWA, wi\u0119c nie musisz r\u0119cznie pobiera\u0107 \u017cadnych plik\u00f3w. Dzi\u0119ki temu jest ona bezpieczniejsza i \u0142atwiejsza w instalacji, a ponadto aktualizuje si\u0119 automatycznie, zapewniaj\u0105c Ci sta\u0142y dost\u0119p do najnowszych funkcji i gier.<\/p>\n<p>Aby zainstalowa\u0107 aplikacj\u0119, wystarczy klikn\u0105\u0107 \u201eAplikacja kasyna\u201d, a zostaniesz przeniesiony do naszej aplikacji PWA, gdzie zobaczysz, \u017ce pobra\u0142o j\u0105 ju\u017c ponad milion innych graczy!<\/p>\n<p>Po zainstalowaniu na ekranie g\u0142\u00f3wnym pojawi si\u0119 symbol naszego kasyna Lootzino , kt\u00f3ry pozwoli Ci szybko przej\u015b\u0107 do kasyna. Nasza wersja na Androida ma wszystko, czego potrzebujesz, w tym transakcje prawdziwymi pieni\u0119dzmi, powiadomienia o nowych ofertach i dost\u0119p do wszystkich gier, takich jak automaty online, gry kasynowe na \u017cywo i gry sto\u0142owe. Wygl\u0105da i dzia\u0142a bardzo podobnie do wersji na komputery stacjonarne \u2013 praktycznie tak samo \u2013 wi\u0119c jest \u0142atwa do zrozumienia i mo\u017cesz jej zaufa\u0107.<\/p>\n<p>Sprawd\u017amy zalety posiadania aplikacji PWA kasyna online:<\/p>\n<table>\n<tbody>\n<tr>\n<td>Kasyno Lootzino cechy<\/td>\n<td>Zalety<\/td>\n<\/tr>\n<tr>\n<td>Dost\u0119pno\u015b\u0107<\/td>\n<td>Dzia\u0142a na ka\u017cdym urz\u0105dzeniu z przegl\u0105dark\u0105 i na telefonach<\/td>\n<\/tr>\n<tr>\n<td>Loot Zino aktualizacje<\/td>\n<td>Automatyczny<\/td>\n<\/tr>\n<tr>\n<td>Wydajno\u015b\u0107<\/td>\n<td>\u015awietna jako\u015b\u0107<\/td>\n<\/tr>\n<tr>\n<td>Zaanga\u017cowanie<\/td>\n<td>Powiadomienia push<\/td>\n<\/tr>\n<tr>\n<td>Zasi\u0119g<\/td>\n<td>Szeroka kompatybilno\u015b\u0107 urz\u0105dze\u0144<\/td>\n<\/tr>\n<\/tbody>\n<\/table>\n<h3>\u0141up Z\u0119by APK<\/h3>\n<p>Teraz, gdy korzystamy z aplikacji internetowej, Lootzino nie u\u017cywa ju\u017c zwyk\u0142ych plik\u00f3w APK. Dzi\u0119ki temu jest to znacznie bezpieczniejsze dla naszych graczy, poniewa\u017c nie musz\u0105 si\u0119 martwi\u0107 o pobieranie plik\u00f3w, a konfiguracja jest \u0142atwiejsza. Cz\u0119sto konta telefoniczne mog\u0105 oznacza\u0107 nieznane aplikacje i nie pozwala\u0107 na ich instalacj\u0119. Wyeliminowali\u015bmy wszystkie te problemy.<\/p>\n<p>Mo\u017cesz zainstalowa\u0107 Lootzino bezpo\u015brednio z przegl\u0105darki i szybko doda\u0107 je do ekranu g\u0142\u00f3wnego. Aplikacja internetowa aktualizuje si\u0119 samodzielnie, dzi\u0119ki czemu zawsze masz dost\u0119p do najnowszych funkcji, zabezpiecze\u0144 i gier. Ten prosty system \u0142aduje si\u0119 szybko i dzia\u0142a dobrze na wszystkich urz\u0105dzeniach z systemem Android, zapewniaj\u0105c doskona\u0142e wra\u017cenia z gry bez konieczno\u015bci pobierania lub aktualizowania czegokolwiek.<\/p>\n<p><img loading=\"lazy\" decoding=\"async\" src=\"https:\/\/lootzinocasino.net\/wp-content\/uploads\/2025\/11\/Lootzino-Android-App.webp\" alt=\"Lootzino Android App\" width=\"1248\" height=\"536\" \/><\/p>\n<\/div><\/div><div style=\"clear: both\"><\/div><div class=\"d-flex justify-content-center\"><button data-item=\"decouvrez_link\" data-group=\"website_links\" class=\"goto fw-bold rounded-pill btn btn-orange\" aria-label=\"Pobierz Lootzino\" >Pobierz Lootzino<\/button><\/div><div class=\"scrollable-content-wrap my-5\"><div class=\"scrollable-content-inner\"><h2>Aplikacja Lootzino dla systemu iOS<\/h2>\n<p>Dla graczy korzystaj\u0105cych z iPhone&#8217;\u00f3w i iPad\u00f3w, Loot Zino oferuje r\u00f3wnie\u017c specjaln\u0105 aplikacj\u0119 mobiln\u0105 PWA, kt\u00f3r\u0105 mo\u017cna \u0142atwo doda\u0107 do ekranu g\u0142\u00f3wnego. Aby j\u0105 zainstalowa\u0107, wystarczy klikn\u0105\u0107 \u201eDodaj do ekranu g\u0142\u00f3wnego\u201d w menu udost\u0119pniania Safari, a symbol aplikacji pojawi si\u0119 na ekranie g\u0142\u00f3wnym urz\u0105dzenia. Dzi\u0119ki temu uzyskasz szybki dost\u0119p do wszystkich naszych automat\u00f3w online, gier kasynowych na \u017cywo i gier typu crash, kt\u00f3re dzia\u0142aj\u0105 idealnie na urz\u0105dzeniach Apple. Konstrukcja aplikacji zapewnia brak op\u00f3\u017anie\u0144, a grafika i animacje s\u0105 dostosowane do urz\u0105dze\u0144 Apple. Wszystkie transakcje s\u0105 chronione szyfrowaniem, a spos\u00f3b sprawdzania konta pod k\u0105tem wyp\u0142at i wp\u0142at jest zgodny z wszystkimi zasadami. Aplikacja Lootzino na iOS jest \u0142atwa w u\u017cyciu i bezpieczna. Jeste\u015bmy pewni, \u017ce zapewnimy Ci niezawodne wra\u017cenia z mobilnego kasyna, podobne do korzystania z komputera.<\/p>\n<p><img loading=\"lazy\" decoding=\"async\" src=\"https:\/\/lootzinocasino.net\/wp-content\/uploads\/2025\/11\/Lootzino-iOS-App.webp\" alt=\"Lootzino iOS App\" width=\"1248\" height=\"536\" \/><\/p>\n<\/div><\/div><div style=\"clear: both\"><\/div><div class=\"d-flex justify-content-center\"><button data-item=\"decouvrez_link\" data-group=\"website_links\" class=\"goto fw-bold rounded-pill btn btn-orange\" aria-label=\"Pobierz aplikacj\u0119 Lootzino\" >Pobierz aplikacj\u0119 Lootzino<\/button><\/div><div class=\"scrollable-content-wrap my-5\"><div class=\"scrollable-content-inner\"><h2>Wersja komputerowa Loot Zino Casino<\/h2>\n<p>Opr\u00f3cz opcji mobilnych, kasyno Lootzino posiada r\u00f3wnie\u017c wersj\u0119 na komputery stacjonarne, do kt\u00f3rej mo\u017cna uzyska\u0107 dost\u0119p z dowolnej przegl\u0105darki internetowej i gra\u0107 na laptopie lub komputerze stacjonarnym. Nasza wersja na komputery stacjonarne wygl\u0105da podobnie do aplikacji mobilnej, ale ma jeszcze lepsz\u0105 grafik\u0119 i \u0142atwy w obs\u0142udze interfejs. Mo\u017cesz zarz\u0105dza\u0107 swoim kontem, uzyska\u0107 dost\u0119p do wszystkich gier \u2014 w tym gra\u0107 na automatach online, rozdawa\u0107 karty w grach kasynowych na \u017cywo i robi\u0107 pokerow\u0105 min\u0119 w Hold&#8217;em \u2014 oraz szybko dokonywa\u0107 bezpiecznych transakcji.<\/p>\n<p>Je\u015bli chcesz, mo\u017cesz utworzy\u0107 skr\u00f3t do kasyna Lootzino na swoim pulpicie, aby mie\u0107 do niego natychmiastowy dost\u0119p bez konieczno\u015bci wyszukiwania. Wersja na komputery stacjonarne dzia\u0142a tak samo dobrze jak aplikacja mobilna, wi\u0119c zawsze mo\u017cesz cieszy\u0107 si\u0119 doskona\u0142\u0105 rozgrywk\u0105. Nasz zesp\u00f3\u0142 pomocy technicznej jest gotowy pom\u00f3c Ci w przypadku wszelkich pyta\u0144 dotycz\u0105cych technologii lub konta za po\u015brednictwem czatu na \u017cywo.<\/p>\n<h3>Wydajno\u015b\u0107 i kompatybilno\u015b\u0107<\/h3>\n<p>Aplikacje kasyna Lootzino s\u0105 wszechstronne i dzia\u0142aj\u0105 bez zarzutu. Nasza fajna aplikacja mobilna dostosowuje si\u0119 do r\u00f3\u017cnych rozmiar\u00f3w ekran\u00f3w, dzi\u0119ki czemu mo\u017cesz cieszy\u0107 si\u0119 p\u0142ynn\u0105 rozgrywk\u0105 na telefonach i tabletach. Nasza aplikacja PWA \u0142aduje si\u0119 szybko, nie zu\u017cywa du\u017co baterii i aktualizuje si\u0119 automatycznie. Nie musisz nic robi\u0107 samodzielnie. Dzia\u0142a na wszystkich g\u0142\u00f3wnych urz\u0105dzeniach z systemem Android i iOS, a my testujemy j\u0105, aby upewni\u0107 si\u0119, \u017ce jest stabilna i bezpieczna. Wersja na komputery stacjonarne jest kompatybilna ze wszystkimi przegl\u0105darkami internetowymi, w tym Chrome, Firefox, Safari i Edge. Zapewnia \u015bwietn\u0105 grafik\u0119 i p\u0142ynn\u0105 rozgrywk\u0119. Podsumowuj\u0105c:<\/p>\n<ul>\n<li>\u0141adunki s\u0105 szybkie<\/li>\n<li>Bezpieczne transakcje s\u0105 chronione przez szyfrowanie SSL.<\/li>\n<li>Automatyczna aktualizacja<\/li>\n<li>\u0141atwa instalacja i dost\u0119p do wszystkich bibliotek kasyna Lootzino.<\/li>\n<\/ul>\n<p>W przypadku naszych wersji mobilnych i stacjonarnych, platforma Lootzino zadba\u0142a o to, aby wszystko dzia\u0142a\u0142o prawid\u0142owo, oferuj\u0105c te same funkcje, bezpiecze\u0144stwo i \u0142atw\u0105 w obs\u0142udze konstrukcj\u0119.<\/p>\n<p><img loading=\"lazy\" decoding=\"async\" src=\"https:\/\/lootzinocasino.net\/wp-content\/uploads\/2025\/11\/Lootzino-Desktop.webp\" alt=\"Lootzino Desktop\" width=\"1248\" height=\"536\" \/><\/p>\n<\/div><\/div><div style=\"clear: both\"><\/div><div class=\"d-flex justify-content-center\"><button data-item=\"decouvrez_link\" data-group=\"website_links\" class=\"goto fw-bold rounded-pill btn btn-orange\" aria-label=\"Pobierz Lootzino\" >Pobierz Lootzino<\/button><\/div><div class=\"scrollable-content-wrap my-5\"><div class=\"scrollable-content-inner\"><h2>Cz\u0119sto zadawane pytania<\/h2>\n<h3>Czy mog\u0119 zalogowa\u0107 si\u0119 przy u\u017cyciu tych samych danych, kt\u00f3rych u\u017cywam na stronie internetowej kasyna Lootzino?<\/h3>\n<p>Wszystko dzieje si\u0119 jednocze\u015bnie na wszystkich urz\u0105dzeniach, z kt\u00f3rych korzystasz na naszej platformie. Nasza aplikacja Lootzino i platforma komputerowa u\u017cywaj\u0105 tych samych danych logowania, wi\u0119c mo\u017cesz z \u0142atwo\u015bci\u0105 korzysta\u0107 z nich na dowolnym urz\u0105dzeniu. Dane Twojego konta, ustawienia i historia s\u0105 zsynchronizowane, wi\u0119c niezale\u017cnie od tego, gdzie grasz, masz takie same wra\u017cenia.<\/p>\n<h3>Czy wszystkie gry Lootzino s\u0105 dost\u0119pne w aplikacji?<\/h3>\n<p>Nasza aplikacja zawiera wszystkie gry Lootzino casino, w tym automaty online, kasyno na \u017cywo i gry sto\u0142owe. Platforma zosta\u0142a stworzona tak, aby zapewni\u0107 p\u0142ynne dzia\u0142anie gier i \u0142atwy dost\u0119p do nich. Tryb demo dzia\u0142a tak samo jak wersja PC naszej platformy Loot Zino, wi\u0119c dost\u0119pne s\u0105 wszystkie gry.<\/p>\n<h3>Czy potrzebuj\u0119 weryfikacji nawet do grania w aplikacji?<\/h3>\n<p>Proces weryfikacji jest wymagany, aby gra\u0107 w naszym kasynie, je\u015bli w gr\u0119 wchodz\u0105 prawdziwe pieni\u0105dze. Jest to jednak prosta procedura. Potwierdzasz swoj\u0105 to\u017csamo\u015b\u0107 poprzez \u015brodki bezpiecze\u0144stwa (przesy\u0142aj\u0105c nam paszport lub prawo jazdy), zazwyczaj podczas pierwszej wyp\u0142aty pieni\u0119dzy. Jest to zgodne z wszystkimi zasadami i zapewnia bezpiecze\u0144stwo Twoich pieni\u0119dzy.<\/p>\n<\/div><\/div><\/p>\n","protected":false},"excerpt":{"rendered":"<p>Aplikacja Lootzino Nasza najbardziej przemy\u015blana technologicznie Lootzino app zmienia spos\u00f3b, w jaki grasz, oferuj\u0105c Ci \u015bwietne mobilne kasyno, kt\u00f3re dzia\u0142a tak samo dobrze jak nasza wersja na komputery stacjonarne. Dzi\u0119ki nowoczesnej technologii nasza aplikacja pozwala cieszy\u0107 si\u0119 ekscytuj\u0105cym \u015bwiatem gier z dowolnego miejsca. Jest \u0142atwa w obs\u0142udze, szybka w nawigacji i zapewnia bezpiecze\u0144stwo transakcji, dzi\u0119ki [&hellip;]<\/p>\n","protected":false},"author":1,"featured_media":0,"parent":0,"menu_order":0,"comment_status":"closed","ping_status":"closed","template":"template-builder.php","meta":{"_acf_changed":false,"inline_featured_image":false,"footnotes":""},"class_list":["post-1423","page","type-page","status-publish","hentry"],"acf":[],"yoast_head":"<!-- This site is optimized with the Yoast SEO plugin v27.3 - https:\/\/yoast.com\/product\/yoast-seo-wordpress\/ -->\n<title>Lootzino App na Mobile | iOS, Android<\/title>\n<meta name=\"description\" content=\"Lootzino App \u2013 graj w gry kasynowe na iOS i Android z pe\u0142nym dost\u0119pem do slot\u00f3w, sto\u0142\u00f3w i gier na \u017cywo. Ciesz si\u0119 p\u0142ynn\u0105 rozgrywk\u0105 i aktualizacjami w czasie rzeczywistym w Loot Zino.\" \/>\n<meta name=\"robots\" content=\"index, follow, max-snippet:-1, max-image-preview:large, max-video-preview:-1\" \/>\n<link rel=\"canonical\" href=\"https:\/\/lootzinocasino.net\/pl\/aplikacja\/\" \/>\n<meta property=\"og:locale\" content=\"pl_PL\" \/>\n<meta property=\"og:type\" content=\"article\" \/>\n<meta property=\"og:title\" content=\"Lootzino App na Mobile | iOS, Android\" \/>\n<meta property=\"og:description\" content=\"Lootzino App \u2013 graj w gry kasynowe na iOS i Android z pe\u0142nym dost\u0119pem do slot\u00f3w, sto\u0142\u00f3w i gier na \u017cywo. Ciesz si\u0119 p\u0142ynn\u0105 rozgrywk\u0105 i aktualizacjami w czasie rzeczywistym w Loot Zino.\" \/>\n<meta property=\"og:url\" content=\"https:\/\/lootzinocasino.net\/pl\/aplikacja\/\" \/>\n<meta property=\"og:site_name\" content=\"lootzino\" \/>\n<meta property=\"article:modified_time\" content=\"2025-11-18T09:31:23+00:00\" \/>\n<meta name=\"twitter:card\" content=\"summary_large_image\" \/>\n<meta name=\"twitter:label1\" content=\"Est. reading time\" \/>\n\t<meta name=\"twitter:data1\" content=\"2 minuty\" \/>\n<script type=\"application\/ld+json\" class=\"yoast-schema-graph\">{\"@context\":\"https:\\\/\\\/schema.org\",\"@graph\":[{\"@type\":\"WebPage\",\"@id\":\"https:\\\/\\\/lootzinocasino.net\\\/pl\\\/aplikacja\\\/\",\"url\":\"https:\\\/\\\/lootzinocasino.net\\\/pl\\\/aplikacja\\\/\",\"name\":\"Lootzino App na Mobile | iOS, Android\",\"isPartOf\":{\"@id\":\"https:\\\/\\\/lootzinocasino.net\\\/pl\\\/#website\"},\"datePublished\":\"2025-11-17T14:31:34+00:00\",\"dateModified\":\"2025-11-18T09:31:23+00:00\",\"description\":\"Lootzino App \u2013 graj w gry kasynowe na iOS i Android z pe\u0142nym dost\u0119pem do slot\u00f3w, sto\u0142\u00f3w i gier na \u017cywo. Ciesz si\u0119 p\u0142ynn\u0105 rozgrywk\u0105 i aktualizacjami w czasie rzeczywistym w Loot Zino.\",\"breadcrumb\":{\"@id\":\"https:\\\/\\\/lootzinocasino.net\\\/pl\\\/aplikacja\\\/#breadcrumb\"},\"inLanguage\":\"pl-PL\",\"potentialAction\":[{\"@type\":\"ReadAction\",\"target\":[\"https:\\\/\\\/lootzinocasino.net\\\/pl\\\/aplikacja\\\/\"]}]},{\"@type\":\"BreadcrumbList\",\"@id\":\"https:\\\/\\\/lootzinocasino.net\\\/pl\\\/aplikacja\\\/#breadcrumb\",\"itemListElement\":[{\"@type\":\"ListItem\",\"position\":1,\"name\":\"Lootzino\",\"item\":\"https:\\\/\\\/lootzinocasino.net\\\/pl\\\/\"},{\"@type\":\"ListItem\",\"position\":2,\"name\":\"Aplikacja\"}]},{\"@type\":\"WebSite\",\"@id\":\"https:\\\/\\\/lootzinocasino.net\\\/pl\\\/#website\",\"url\":\"https:\\\/\\\/lootzinocasino.net\\\/pl\\\/\",\"name\":\"Lootzino\",\"description\":\"\",\"publisher\":{\"@id\":\"https:\\\/\\\/lootzinocasino.net\\\/pl\\\/#organization\"},\"potentialAction\":[{\"@type\":\"SearchAction\",\"target\":{\"@type\":\"EntryPoint\",\"urlTemplate\":\"https:\\\/\\\/lootzinocasino.net\\\/pl\\\/?s={search_term_string}\"},\"query-input\":{\"@type\":\"PropertyValueSpecification\",\"valueRequired\":true,\"valueName\":\"search_term_string\"}}],\"inLanguage\":\"pl-PL\"},{\"@type\":\"Organization\",\"@id\":\"https:\\\/\\\/lootzinocasino.net\\\/pl\\\/#organization\",\"name\":\"Lootzino\",\"url\":\"https:\\\/\\\/lootzinocasino.net\\\/pl\\\/\",\"logo\":{\"@type\":\"ImageObject\",\"inLanguage\":\"pl-PL\",\"@id\":\"https:\\\/\\\/lootzinocasino.net\\\/pl\\\/#\\\/schema\\\/logo\\\/image\\\/\",\"url\":\"https:\\\/\\\/lootzinocasino.net\\\/wp-content\\\/uploads\\\/2025\\\/11\\\/lootzino.svg\",\"contentUrl\":\"https:\\\/\\\/lootzinocasino.net\\\/wp-content\\\/uploads\\\/2025\\\/11\\\/lootzino.svg\",\"width\":16,\"height\":20,\"caption\":\"Lootzino\"},\"image\":{\"@id\":\"https:\\\/\\\/lootzinocasino.net\\\/pl\\\/#\\\/schema\\\/logo\\\/image\\\/\"}}]}<\/script>\n<!-- \/ Yoast SEO plugin. -->","yoast_head_json":{"title":"Lootzino App na Mobile | iOS, Android","description":"Lootzino App \u2013 graj w gry kasynowe na iOS i Android z pe\u0142nym dost\u0119pem do slot\u00f3w, sto\u0142\u00f3w i gier na \u017cywo. Ciesz si\u0119 p\u0142ynn\u0105 rozgrywk\u0105 i aktualizacjami w czasie rzeczywistym w Loot Zino.","robots":{"index":"index","follow":"follow","max-snippet":"max-snippet:-1","max-image-preview":"max-image-preview:large","max-video-preview":"max-video-preview:-1"},"canonical":"https:\/\/lootzinocasino.net\/pl\/aplikacja\/","og_locale":"pl_PL","og_type":"article","og_title":"Lootzino App na Mobile | iOS, Android","og_description":"Lootzino App \u2013 graj w gry kasynowe na iOS i Android z pe\u0142nym dost\u0119pem do slot\u00f3w, sto\u0142\u00f3w i gier na \u017cywo. Ciesz si\u0119 p\u0142ynn\u0105 rozgrywk\u0105 i aktualizacjami w czasie rzeczywistym w Loot Zino.","og_url":"https:\/\/lootzinocasino.net\/pl\/aplikacja\/","og_site_name":"lootzino","article_modified_time":"2025-11-18T09:31:23+00:00","twitter_card":"summary_large_image","twitter_misc":{"Est. reading time":"2 minuty"},"schema":{"@context":"https:\/\/schema.org","@graph":[{"@type":"WebPage","@id":"https:\/\/lootzinocasino.net\/pl\/aplikacja\/","url":"https:\/\/lootzinocasino.net\/pl\/aplikacja\/","name":"Lootzino App na Mobile | iOS, Android","isPartOf":{"@id":"https:\/\/lootzinocasino.net\/pl\/#website"},"datePublished":"2025-11-17T14:31:34+00:00","dateModified":"2025-11-18T09:31:23+00:00","description":"Lootzino App \u2013 graj w gry kasynowe na iOS i Android z pe\u0142nym dost\u0119pem do slot\u00f3w, sto\u0142\u00f3w i gier na \u017cywo. Ciesz si\u0119 p\u0142ynn\u0105 rozgrywk\u0105 i aktualizacjami w czasie rzeczywistym w Loot Zino.","breadcrumb":{"@id":"https:\/\/lootzinocasino.net\/pl\/aplikacja\/#breadcrumb"},"inLanguage":"pl-PL","potentialAction":[{"@type":"ReadAction","target":["https:\/\/lootzinocasino.net\/pl\/aplikacja\/"]}]},{"@type":"BreadcrumbList","@id":"https:\/\/lootzinocasino.net\/pl\/aplikacja\/#breadcrumb","itemListElement":[{"@type":"ListItem","position":1,"name":"Lootzino","item":"https:\/\/lootzinocasino.net\/pl\/"},{"@type":"ListItem","position":2,"name":"Aplikacja"}]},{"@type":"WebSite","@id":"https:\/\/lootzinocasino.net\/pl\/#website","url":"https:\/\/lootzinocasino.net\/pl\/","name":"Lootzino","description":"","publisher":{"@id":"https:\/\/lootzinocasino.net\/pl\/#organization"},"potentialAction":[{"@type":"SearchAction","target":{"@type":"EntryPoint","urlTemplate":"https:\/\/lootzinocasino.net\/pl\/?s={search_term_string}"},"query-input":{"@type":"PropertyValueSpecification","valueRequired":true,"valueName":"search_term_string"}}],"inLanguage":"pl-PL"},{"@type":"Organization","@id":"https:\/\/lootzinocasino.net\/pl\/#organization","name":"Lootzino","url":"https:\/\/lootzinocasino.net\/pl\/","logo":{"@type":"ImageObject","inLanguage":"pl-PL","@id":"https:\/\/lootzinocasino.net\/pl\/#\/schema\/logo\/image\/","url":"https:\/\/lootzinocasino.net\/wp-content\/uploads\/2025\/11\/lootzino.svg","contentUrl":"https:\/\/lootzinocasino.net\/wp-content\/uploads\/2025\/11\/lootzino.svg","width":16,"height":20,"caption":"Lootzino"},"image":{"@id":"https:\/\/lootzinocasino.net\/pl\/#\/schema\/logo\/image\/"}}]}},"_links":{"self":[{"href":"https:\/\/lootzinocasino.net\/pl\/wp-json\/wp\/v2\/pages\/1423","targetHints":{"allow":["GET"]}}],"collection":[{"href":"https:\/\/lootzinocasino.net\/pl\/wp-json\/wp\/v2\/pages"}],"about":[{"href":"https:\/\/lootzinocasino.net\/pl\/wp-json\/wp\/v2\/types\/page"}],"author":[{"embeddable":true,"href":"https:\/\/lootzinocasino.net\/pl\/wp-json\/wp\/v2\/users\/1"}],"replies":[{"embeddable":true,"href":"https:\/\/lootzinocasino.net\/pl\/wp-json\/wp\/v2\/comments?post=1423"}],"version-history":[{"count":2,"href":"https:\/\/lootzinocasino.net\/pl\/wp-json\/wp\/v2\/pages\/1423\/revisions"}],"predecessor-version":[{"id":1770,"href":"https:\/\/lootzinocasino.net\/pl\/wp-json\/wp\/v2\/pages\/1423\/revisions\/1770"}],"wp:attachment":[{"href":"https:\/\/lootzinocasino.net\/pl\/wp-json\/wp\/v2\/media?parent=1423"}],"curies":[{"name":"wp","href":"https:\/\/api.w.org\/{rel}","templated":true}]}}