{"id":1468,"date":"2025-11-17T14:33:30","date_gmt":"2025-11-17T14:33:30","guid":{"rendered":"https:\/\/lootzinocasino.net\/login-and-registration\/"},"modified":"2025-11-18T09:08:26","modified_gmt":"2025-11-18T09:08:26","slug":"accesso-e-registrazione","status":"publish","type":"page","link":"https:\/\/lootzinocasino.net\/it\/accesso-e-registrazione\/","title":{"rendered":"Accesso e registrazione"},"content":{"rendered":"<h1>Accedi e registrati su Lootzino<\/h1>\n<p>Lootzino login offre un accesso veloce e senza interruzioni alla nostra piattaforma di giochi online coinvolgenti. Su Loot Zino, abbiamo creato un accesso rapido e sicuro per i giocatori italiani nuovi e quelli che tornano a giocare, in qualsiasi momento lo desiderino. Lo supportiamo con un sistema di registrazione semplificato. \u00c8 progettato per rendere la creazione del tuo account semplice e immediata. Con Lootzino Casino, i nostri giocatori beneficiano di un ambiente sicuro, una selezione diversificata di giochi e funzioni di gestione dell&#8217;account.<\/p>\n<p><div class=\"banner-wrap\" aria-label=\"Banner\"><img src=\"https:\/\/lootzinocasino.net\/wp-content\/uploads\/2025\/11\/Lootzino-banner-carousel-800\u0445400.webp\" class=\"w-100 d-none d-lg-block img-pc main-banner-img\" alt=\"Lootzino banner desktop\" fetchpriority=\"high\" decoding=\"async\"><img src=\"https:\/\/lootzinocasino.net\/wp-content\/uploads\/2025\/12\/Group-25.webp\" class=\"w-100 d-none d-md-block d-lg-none main-banner-img\" alt=\"Lootzino banner mobile\" fetchpriority=\"high\" decoding=\"async\"><img src=\"https:\/\/lootzinocasino.net\/wp-content\/uploads\/2025\/12\/Group-25.webp\" class=\"w-100 d-md-none\" alt=\"Lootzino banner mobile\" fetchpriority=\"high\" decoding=\"async\"><div class=\"banner-description\">\n<div class=\"banner-title\">Bonus di benvenuto<\/div>\n<p class=\"banner-header-title\">1500 \u20ac<\/p>\n<div class=\"banner-header-AdditionalText\">+ 250 Giri Gratuiti<\/div>\n<button data-item=\"homepage_banner_link\" class=\"goto m-button m-gradient-border m-button--primary m-button--large banner-button btn-orange\">\n            <div class=\"m-button-content\">\n                <span>Iscriviti ora<\/span>\n                <span><\/span>\n            <\/div>\n        <\/button>\n<\/div>\n<div class=\"WelcomePack\">\n<p><img loading=\"lazy\" decoding=\"async\" class=\"alignnone size-full wp-image-1391\" src=\"https:\/\/lootzinocasino.net\/wp-content\/uploads\/2025\/11\/welcome-crown.svg\" alt=\"crown\" width=\"25\" height=\"26\" \/><\/p>\n<div class=\"WelcomePack-Info\">Cashback settimanale fino al 25%<\/div>\n<p><img loading=\"lazy\" decoding=\"async\" class=\"alignnone size-full wp-image-1391\" src=\"https:\/\/lootzinocasino.net\/wp-content\/uploads\/2025\/11\/welcome-crown.svg\" alt=\"crown\" width=\"25\" height=\"26\" \/><\/p>\n<\/div>\n<\/div><div class=\"scrollable-content-wrap my-5\"><div class=\"scrollable-content-inner\"><h2>Procedura di registrazione al casin\u00f2 Lootzino<\/h2>\n<p>Registrando un account su Lootzino Casino potrai accedere a una vasta gamma di vantaggi offerti dal nostro casin\u00f2. Ad esempio, tutti i nostri nuovi membri ricevono un interessante pacchetto di benvenuto del valore di 1.500 \u20ac con 250 giri gratuiti.<\/p>\n<p>Inoltre, prepariamo generosi bonus di deposito che vengono suddivisi in tre parti man mano che effettui i tuoi depositi e vieni ricompensato per questo, e ti offriamo anche pi\u00f9 giri gratuiti, consentendoti di interagire immediatamente con la nostra libreria di giochi.<\/p>\n<p>La registrazione ti d\u00e0 anche accesso alla gestione personalizzata del tuo account, a promozioni esclusive e alla partecipazione ai tornei di casin\u00f2 dal vivo.<\/p>\n<p>Iscriversi con noi significa poter usufruire dei seguenti vantaggi:<\/p>\n<ul>\n<li>Pacchetto bonus di benvenuto fino a 1.500 \u20ac + 200 giri gratuiti<\/li>\n<li>Accesso illimitato al nostro ampio portafoglio di giochi<\/li>\n<li>Opzioni sicure per depositi e prelievi su telefono e desktop<\/li>\n<li>Promozioni in corso e premi fedelt\u00e0<\/li>\n<li>Supporto multilingue per operatori globali<\/li>\n<li>Processi efficienti di gestione e verifica degli account<\/li>\n<\/ul>\n<p>Quindi, tutto sommato, registrarsi su Loot Zino \u00e8 davvero conveniente: lo vedrai con i tuoi occhi. Creare un account Lootzino garantisce ai giocatori di poter sfruttare appieno le funzionalit\u00e0 della nostra piattaforma, dalla gestione dei depositi al monitoraggio della cronologia di gioco. Il nostro processo di login su Loozino \u00e8 progettato per essere rapido e ti consente di iniziare a divertirti con i tuoi titoli preferiti senza ritardi.<\/p>\n<h2>Procedura di accesso a Lootzino<\/h2>\n<p>Il login Lootzino \u00e8 una procedura semplice che consente di accedere immediatamente a tutte le funzionalit\u00e0 della nostra piattaforma. I passaggi sono i seguenti:<\/p>\n<ol>\n<li>Navigando nell&#8217;angolo in alto a destra della nostra homepage e selezionando il pulsante Login Lootzino.<\/li>\n<li>Inserisci il tuo indirizzo e-mail registrato e la password (se hai dimenticato la password, leggi di seguito come recuperarla).<\/li>\n<li>Conferma Lootzino login per accedere alla dashboard dell&#8217;account.<\/li>\n<\/ol>\n<p>Una volta effettuato l&#8217;accesso, potrai depositare fondi, controllare la cronologia delle transazioni, aggiornare i tuoi dati personali e, se necessario, contattare il nostro team di assistenza multilingue tramite live chat. L&#8217;interfaccia intuitiva della nostra piattaforma semplifica la gestione dell&#8217;account. \u00c8 facile navigare tra le varie opzioni e impostare limiti di deposito, visualizzare la cronologia dei giochi o partecipare a eventi promozionali.<\/p>\n<p>Dopo aver effettuato l&#8217;accesso, avrai a disposizione un&#8217;ampia gamma di utili opzioni Loot Zino :<\/p>\n<table>\n<tbody>\n<tr>\n<td>Funzionalit\u00e0 di accesso a Loozino<\/td>\n<td>Scopo<\/td>\n<\/tr>\n<tr>\n<td>Aggiorna le informazioni personali<\/td>\n<td>Modifica dati personali<\/td>\n<\/tr>\n<tr>\n<td>Imposta limiti di deposito\/prelievo<\/td>\n<td>Controlla le tue spese<\/td>\n<\/tr>\n<tr>\n<td>Vedi cronologia delle transazioni\/del gioco<\/td>\n<td>Attivit\u00e0 di revisione<\/td>\n<\/tr>\n<tr>\n<td>Goditi il referral<\/td>\n<td>Amplia la tua rete, guadagna ricompense<\/td>\n<\/tr>\n<tr>\n<td>Gestisci le offerte promozionali<\/td>\n<td>Accedi e attiva i bonus<\/td>\n<\/tr>\n<\/tbody>\n<\/table>\n<h3>Hai dimenticato la password o il nome utente?<\/h3>\n<p>Dimenticare \u00e8 umano, e gli account non fanno eccezione. In caso di difficolt\u00e0 di accesso a Lootzino, abbiamo una procedura di recupero molto semplice. Gli utenti possono reimpostare la propria password (cliccando su &#8220;Hai dimenticato la password?&#8221; al momento dell&#8217;accesso) o recuperare il proprio nome utente tramite le nostre funzioni di assistenza dedicate. Ci\u00f2 garantisce un accesso continuo in qualsiasi circostanza, mantenendo elevati i nostri standard di sicurezza.<\/p>\n<h2>Loot Zino accesso all&#8217;account<\/h2>\n<p>Lootzino Casino d\u00e0 la priorit\u00e0 all&#8217;accesso sicuro e affidabile all&#8217;account. Il nostro portale Lootzino login \u00e8 protetto da una crittografia avanzata (SSL secure) per proteggere i dati degli utenti. Assicurati che ogni sessione di accesso rimanga riservata. Per una maggiore sicurezza, ti consigliamo di abilitare l&#8217;autenticazione a due fattori, ove possibile, e di non condividere mai i dettagli del tuo account con nessuno. La nostra piattaforma supporta pi\u00f9 lingue, rendendola accessibile ai giocatori di tutto il mondo, quindi in caso di problemi, scrivici.<\/p>\n<h2>Domande frequenti<\/h2>\n<h3>\u00c8 sicuro salvare i miei dati di accesso a Lootzino nel browser?<\/h3>\n<p>Salvare i dati di accesso pu\u00f2 essere comodo, ma pu\u00f2 comportare rischi per la sicurezza se non si prendono le dovute precauzioni. Consigliamo a tutti i nostri giocatori di utilizzare browser sicuri con la funzione di compilazione automatica disattivata e di effettuare il logout dopo ogni sessione per impedire accessi non autorizzati.<\/p>\n<h3>Come posso proteggere il mio account Lootzino Casino?<\/h3>\n<p>Da parte nostra, ti proteggiamo con la crittografia SSL. Ma anche tu puoi contribuire. Per salvaguardare il tuo account, utilizza una password forte e unica, abilita l&#8217;autenticazione a due fattori, se disponibile, ed evita di condividere le credenziali di accesso: i dettagli relativi alla tua data di nascita o a quella di tua nonna sono facili da decifrare. Controllare regolarmente l&#8217;attivit\u00e0 dell&#8217;account Loot Zino e mantenere aggiornate le informazioni di contatto migliora ulteriormente la sicurezza.<\/p>\n<h3>Perch\u00e9 devo verificare il mio account prima di effettuare l&#8217;accesso?<\/h3>\n<p>Il processo di verifica \u00e8 essenziale per confermare la tua identit\u00e0. Ci impegniamo a prevenire le frodi e ci aspettiamo che tu rispetti i requisiti legali in qualit\u00e0 di membro della nostra comunit\u00e0 Loot Zino. La verifica del tuo account sblocca anche tutte le funzionalit\u00e0 di prelievo e migliora la sicurezza complessiva.<\/p>\n<\/div><\/div><\/p>\n","protected":false},"excerpt":{"rendered":"<p>Accedi e registrati su Lootzino Lootzino login offre un accesso veloce e senza interruzioni alla nostra piattaforma di giochi online coinvolgenti. Su Loot Zino, abbiamo creato un accesso rapido e sicuro per i giocatori italiani nuovi e quelli che tornano a giocare, in qualsiasi momento lo desiderino. Lo supportiamo con un sistema di registrazione semplificato. [&hellip;]<\/p>\n","protected":false},"author":1,"featured_media":0,"parent":0,"menu_order":0,"comment_status":"closed","ping_status":"closed","template":"template-builder.php","meta":{"_acf_changed":false,"inline_featured_image":false,"footnotes":""},"class_list":["post-1468","page","type-page","status-publish","hentry"],"acf":[],"yoast_head":"<!-- This site is optimized with the Yoast SEO plugin v27.3 - https:\/\/yoast.com\/product\/yoast-seo-wordpress\/ -->\n<title>Lootzino Login \u2013 Registrazione e Accesso all\u2019Account<\/title>\n<meta name=\"description\" content=\"Lootzino Login \u2013 accedi in modo sicuro o crea un nuovo account in pochi istanti. Gestisci verifica, recupero password e impostazioni del profilo facilmente su Loot Zino.\" \/>\n<meta name=\"robots\" content=\"index, follow, max-snippet:-1, max-image-preview:large, max-video-preview:-1\" \/>\n<link rel=\"canonical\" href=\"https:\/\/lootzinocasino.net\/it\/accesso-e-registrazione\/\" \/>\n<meta property=\"og:locale\" content=\"it_IT\" \/>\n<meta property=\"og:type\" content=\"article\" \/>\n<meta property=\"og:title\" content=\"Lootzino Login \u2013 Registrazione e Accesso all\u2019Account\" \/>\n<meta property=\"og:description\" content=\"Lootzino Login \u2013 accedi in modo sicuro o crea un nuovo account in pochi istanti. Gestisci verifica, recupero password e impostazioni del profilo facilmente su Loot Zino.\" \/>\n<meta property=\"og:url\" content=\"https:\/\/lootzinocasino.net\/it\/accesso-e-registrazione\/\" \/>\n<meta property=\"og:site_name\" content=\"lootzino\" \/>\n<meta property=\"article:modified_time\" content=\"2025-11-18T09:08:26+00:00\" \/>\n<meta name=\"twitter:card\" content=\"summary_large_image\" \/>\n<meta name=\"twitter:label1\" content=\"Est. reading time\" \/>\n\t<meta name=\"twitter:data1\" content=\"1 minuto\" \/>\n<script type=\"application\/ld+json\" class=\"yoast-schema-graph\">{\"@context\":\"https:\\\/\\\/schema.org\",\"@graph\":[{\"@type\":\"WebPage\",\"@id\":\"https:\\\/\\\/lootzinocasino.net\\\/it\\\/accesso-e-registrazione\\\/\",\"url\":\"https:\\\/\\\/lootzinocasino.net\\\/it\\\/accesso-e-registrazione\\\/\",\"name\":\"Lootzino Login \u2013 Registrazione e Accesso all\u2019Account\",\"isPartOf\":{\"@id\":\"https:\\\/\\\/lootzinocasino.net\\\/it\\\/#website\"},\"datePublished\":\"2025-11-17T14:33:30+00:00\",\"dateModified\":\"2025-11-18T09:08:26+00:00\",\"description\":\"Lootzino Login \u2013 accedi in modo sicuro o crea un nuovo account in pochi istanti. Gestisci verifica, recupero password e impostazioni del profilo facilmente su Loot Zino.\",\"breadcrumb\":{\"@id\":\"https:\\\/\\\/lootzinocasino.net\\\/it\\\/accesso-e-registrazione\\\/#breadcrumb\"},\"inLanguage\":\"it-IT\",\"potentialAction\":[{\"@type\":\"ReadAction\",\"target\":[\"https:\\\/\\\/lootzinocasino.net\\\/it\\\/accesso-e-registrazione\\\/\"]}]},{\"@type\":\"BreadcrumbList\",\"@id\":\"https:\\\/\\\/lootzinocasino.net\\\/it\\\/accesso-e-registrazione\\\/#breadcrumb\",\"itemListElement\":[{\"@type\":\"ListItem\",\"position\":1,\"name\":\"Lootzino\",\"item\":\"https:\\\/\\\/lootzinocasino.net\\\/it\\\/\"},{\"@type\":\"ListItem\",\"position\":2,\"name\":\"Accesso e registrazione\"}]},{\"@type\":\"WebSite\",\"@id\":\"https:\\\/\\\/lootzinocasino.net\\\/it\\\/#website\",\"url\":\"https:\\\/\\\/lootzinocasino.net\\\/it\\\/\",\"name\":\"Lootzino\",\"description\":\"\",\"publisher\":{\"@id\":\"https:\\\/\\\/lootzinocasino.net\\\/it\\\/#organization\"},\"potentialAction\":[{\"@type\":\"SearchAction\",\"target\":{\"@type\":\"EntryPoint\",\"urlTemplate\":\"https:\\\/\\\/lootzinocasino.net\\\/it\\\/?s={search_term_string}\"},\"query-input\":{\"@type\":\"PropertyValueSpecification\",\"valueRequired\":true,\"valueName\":\"search_term_string\"}}],\"inLanguage\":\"it-IT\"},{\"@type\":\"Organization\",\"@id\":\"https:\\\/\\\/lootzinocasino.net\\\/it\\\/#organization\",\"name\":\"Lootzino\",\"url\":\"https:\\\/\\\/lootzinocasino.net\\\/it\\\/\",\"logo\":{\"@type\":\"ImageObject\",\"inLanguage\":\"it-IT\",\"@id\":\"https:\\\/\\\/lootzinocasino.net\\\/it\\\/#\\\/schema\\\/logo\\\/image\\\/\",\"url\":\"https:\\\/\\\/lootzinocasino.net\\\/wp-content\\\/uploads\\\/2025\\\/11\\\/lootzino.svg\",\"contentUrl\":\"https:\\\/\\\/lootzinocasino.net\\\/wp-content\\\/uploads\\\/2025\\\/11\\\/lootzino.svg\",\"width\":16,\"height\":20,\"caption\":\"Lootzino\"},\"image\":{\"@id\":\"https:\\\/\\\/lootzinocasino.net\\\/it\\\/#\\\/schema\\\/logo\\\/image\\\/\"}}]}<\/script>\n<!-- \/ Yoast SEO plugin. -->","yoast_head_json":{"title":"Lootzino Login \u2013 Registrazione e Accesso all\u2019Account","description":"Lootzino Login \u2013 accedi in modo sicuro o crea un nuovo account in pochi istanti. Gestisci verifica, recupero password e impostazioni del profilo facilmente su Loot Zino.","robots":{"index":"index","follow":"follow","max-snippet":"max-snippet:-1","max-image-preview":"max-image-preview:large","max-video-preview":"max-video-preview:-1"},"canonical":"https:\/\/lootzinocasino.net\/it\/accesso-e-registrazione\/","og_locale":"it_IT","og_type":"article","og_title":"Lootzino Login \u2013 Registrazione e Accesso all\u2019Account","og_description":"Lootzino Login \u2013 accedi in modo sicuro o crea un nuovo account in pochi istanti. Gestisci verifica, recupero password e impostazioni del profilo facilmente su Loot Zino.","og_url":"https:\/\/lootzinocasino.net\/it\/accesso-e-registrazione\/","og_site_name":"lootzino","article_modified_time":"2025-11-18T09:08:26+00:00","twitter_card":"summary_large_image","twitter_misc":{"Est. reading time":"1 minuto"},"schema":{"@context":"https:\/\/schema.org","@graph":[{"@type":"WebPage","@id":"https:\/\/lootzinocasino.net\/it\/accesso-e-registrazione\/","url":"https:\/\/lootzinocasino.net\/it\/accesso-e-registrazione\/","name":"Lootzino Login \u2013 Registrazione e Accesso all\u2019Account","isPartOf":{"@id":"https:\/\/lootzinocasino.net\/it\/#website"},"datePublished":"2025-11-17T14:33:30+00:00","dateModified":"2025-11-18T09:08:26+00:00","description":"Lootzino Login \u2013 accedi in modo sicuro o crea un nuovo account in pochi istanti. Gestisci verifica, recupero password e impostazioni del profilo facilmente su Loot Zino.","breadcrumb":{"@id":"https:\/\/lootzinocasino.net\/it\/accesso-e-registrazione\/#breadcrumb"},"inLanguage":"it-IT","potentialAction":[{"@type":"ReadAction","target":["https:\/\/lootzinocasino.net\/it\/accesso-e-registrazione\/"]}]},{"@type":"BreadcrumbList","@id":"https:\/\/lootzinocasino.net\/it\/accesso-e-registrazione\/#breadcrumb","itemListElement":[{"@type":"ListItem","position":1,"name":"Lootzino","item":"https:\/\/lootzinocasino.net\/it\/"},{"@type":"ListItem","position":2,"name":"Accesso e registrazione"}]},{"@type":"WebSite","@id":"https:\/\/lootzinocasino.net\/it\/#website","url":"https:\/\/lootzinocasino.net\/it\/","name":"Lootzino","description":"","publisher":{"@id":"https:\/\/lootzinocasino.net\/it\/#organization"},"potentialAction":[{"@type":"SearchAction","target":{"@type":"EntryPoint","urlTemplate":"https:\/\/lootzinocasino.net\/it\/?s={search_term_string}"},"query-input":{"@type":"PropertyValueSpecification","valueRequired":true,"valueName":"search_term_string"}}],"inLanguage":"it-IT"},{"@type":"Organization","@id":"https:\/\/lootzinocasino.net\/it\/#organization","name":"Lootzino","url":"https:\/\/lootzinocasino.net\/it\/","logo":{"@type":"ImageObject","inLanguage":"it-IT","@id":"https:\/\/lootzinocasino.net\/it\/#\/schema\/logo\/image\/","url":"https:\/\/lootzinocasino.net\/wp-content\/uploads\/2025\/11\/lootzino.svg","contentUrl":"https:\/\/lootzinocasino.net\/wp-content\/uploads\/2025\/11\/lootzino.svg","width":16,"height":20,"caption":"Lootzino"},"image":{"@id":"https:\/\/lootzinocasino.net\/it\/#\/schema\/logo\/image\/"}}]}},"_links":{"self":[{"href":"https:\/\/lootzinocasino.net\/it\/wp-json\/wp\/v2\/pages\/1468","targetHints":{"allow":["GET"]}}],"collection":[{"href":"https:\/\/lootzinocasino.net\/it\/wp-json\/wp\/v2\/pages"}],"about":[{"href":"https:\/\/lootzinocasino.net\/it\/wp-json\/wp\/v2\/types\/page"}],"author":[{"embeddable":true,"href":"https:\/\/lootzinocasino.net\/it\/wp-json\/wp\/v2\/users\/1"}],"replies":[{"embeddable":true,"href":"https:\/\/lootzinocasino.net\/it\/wp-json\/wp\/v2\/comments?post=1468"}],"version-history":[{"count":2,"href":"https:\/\/lootzinocasino.net\/it\/wp-json\/wp\/v2\/pages\/1468\/revisions"}],"predecessor-version":[{"id":1717,"href":"https:\/\/lootzinocasino.net\/it\/wp-json\/wp\/v2\/pages\/1468\/revisions\/1717"}],"wp:attachment":[{"href":"https:\/\/lootzinocasino.net\/it\/wp-json\/wp\/v2\/media?parent=1468"}],"curies":[{"name":"wp","href":"https:\/\/api.w.org\/{rel}","templated":true}]}}