{"id":1421,"date":"2025-11-17T14:31:34","date_gmt":"2025-11-17T14:31:34","guid":{"rendered":"https:\/\/lootzinocasino.net\/app\/"},"modified":"2025-11-18T09:02:53","modified_gmt":"2025-11-18T09:02:53","slug":"applicazione","status":"publish","type":"page","link":"https:\/\/lootzinocasino.net\/it\/applicazione\/","title":{"rendered":"Applicazione"},"content":{"rendered":"<h1>Applicazione Lootzino<\/h1>\n<p>La nostra Lootzino app, tecnologicamente all&#8217;avanguardia, rivoluziona il modo di giocare offrendoti un fantastico casin\u00f2 mobile che funziona alla perfezione proprio come la nostra versione desktop. Realizzata con tecnologie moderne, la nostra app ti permette di goderti un mondo di gioco emozionante ovunque ti trovi. \u00c8 facile da usare, veloce da navigare e garantisce la sicurezza delle tue transazioni, rendendo il casin\u00f2 Lootzino un&#8217;ottima scelta per gli utenti italiani che desiderano comodit\u00e0 e affidabilit\u00e0.<\/p>\n<div class=\"banner-wrap\" aria-label=\"Banner\"><img src=\"https:\/\/lootzinocasino.net\/wp-content\/uploads\/2025\/11\/Lootzino-banner-carousel-800\u0445400.webp\" class=\"w-100 d-none d-lg-block img-pc main-banner-img\" alt=\"Lootzino banner desktop\" fetchpriority=\"high\" decoding=\"async\"><img src=\"https:\/\/lootzinocasino.net\/wp-content\/uploads\/2025\/12\/Group-25.webp\" class=\"w-100 d-none d-md-block d-lg-none main-banner-img\" alt=\"Lootzino banner mobile\" fetchpriority=\"high\" decoding=\"async\"><img src=\"https:\/\/lootzinocasino.net\/wp-content\/uploads\/2025\/12\/Group-25.webp\" class=\"w-100 d-md-none\" alt=\"Lootzino banner mobile\" fetchpriority=\"high\" decoding=\"async\"><div class=\"banner-description\">\n<div class=\"banner-title\">Bonus di benvenuto<\/div>\n<p class=\"banner-header-title\">1500 \u20ac<\/p>\n<div class=\"banner-header-AdditionalText\">+ 250 Giri Gratuiti<\/div>\n<button data-item=\"homepage_banner_link\" class=\"goto m-button m-gradient-border m-button--primary m-button--large banner-button btn-orange\">\n            <div class=\"m-button-content\">\n                <span>Iscriviti ora<\/span>\n                <span><\/span>\n            <\/div>\n        <\/button>\n<\/div>\n<div class=\"WelcomePack\">\n<p><img loading=\"lazy\" decoding=\"async\" class=\"alignnone size-full wp-image-1391\" src=\"https:\/\/lootzinocasino.net\/wp-content\/uploads\/2025\/11\/welcome-crown.svg\" alt=\"crown\" width=\"25\" height=\"26\" \/><\/p>\n<div class=\"WelcomePack-Info\">Cashback settimanale fino al 25%<\/div>\n<p><img loading=\"lazy\" decoding=\"async\" class=\"alignnone size-full wp-image-1391\" src=\"https:\/\/lootzinocasino.net\/wp-content\/uploads\/2025\/11\/welcome-crown.svg\" alt=\"crown\" width=\"25\" height=\"26\" \/><\/p>\n<\/div>\n<\/div>\n<h2>App Lootzino per dispositivi mobili<\/h2>\n<p>A differenza dei giochi per PC, l&#8217;app Lootzino \u00e8 facile da portare con s\u00e9 ed \u00e8 progettata per funzionare bene su telefoni e tablet. Offre la stessa grafica eccezionale e tantissimi giochi tra cui scegliere. Ci siamo assicurati che funzioni bene su Android o iOS senza bug. Le opzioni mobili di Loot Zino ti garantiscono un&#8217;esperienza veloce, sicura e divertente. Non \u00e8 mai stato cos\u00ec facile divertirsi con le nostre slot online, i giochi da casin\u00f2 dal vivo e i giochi da tavolo senza perdere in qualit\u00e0.<\/p>\n<p>L&#8217;app Lootzino per telefoni e tablet \u00e8 stata progettata per essere il pi\u00f9 semplice e veloce possibile da usare. Si adatta a qualsiasi dimensione dello schermo, quindi \u00e8 facile orientarsi: puoi ingrandire e rimpicciolire la visualizzazione. Puoi accedere istantaneamente a molte delle nostre slot online, ai giochi di casin\u00f2 dal vivo e ai giochi da tavolo. Tutti sono realizzati per funzionare bene sui dispositivi mobili. Le app dei casin\u00f2 a volte sono fastidiose perch\u00e9 presentano dei ritardi, ma con Loot Zino i tuoi giochi funzionano senza intoppi anche quando ci sono molte persone che giocano.<\/p>\n<p>\u00c8 progettata per essere sicura, con transazioni protette e un modo semplice per verificare la tua identit\u00e0, mantenendo al sicuro le tue informazioni e il tuo denaro. A differenza del gioco su un personal computer, l&#8217;app Lootzino ti consente di portare i tuoi giochi con te per giocare, ad esempio, in treno, mentre torni a casa, o per ridurre i tempi di attesa nel traffico in auto. Puoi giocare ai tuoi giochi preferiti senza dover rimanere a casa. Questo non significa che perdi in qualit\u00e0; la nostra app ha comunque una grafica eccezionale e funziona perfettamente, rendendoci un&#8217;ottima scelta per chiunque ami i giochi mobili.<\/p>\n<p><div style=\"clear: both\"><\/div><div class=\"d-flex justify-content-center\"><button data-item=\"decouvrez_link\" data-group=\"website_links\" class=\"goto fw-bold rounded-pill btn btn-orange\" aria-label=\"Scarica l&#039;app Lootzino\" >Scarica l&#039;app Lootzino<\/button><\/div><div class=\"scrollable-content-wrap my-5\"><div class=\"scrollable-content-inner\"><h2>App Lootzino per Android OS<\/h2>\n<p>La nostra app Lootzino per Android funziona come un&#8217;app web PWA, quindi non \u00e8 necessario scaricare manualmente alcun file. Ci\u00f2 la rende pi\u00f9 sicura e facile da installare e si aggiorna automaticamente, garantendo sempre l&#8217;accesso alle ultime funzionalit\u00e0 e ai giochi pi\u00f9 recenti.<\/p>\n<p>Per installarla, basta toccare &#8220;Casino App&#8221; e verrai reindirizzato alla nostra PWA, dove potrai vedere che gi\u00e0 pi\u00f9 di 1 milione di altri giocatori l&#8217;hanno scaricata!<\/p>\n<p>Una volta installata, l&#8217;icona del nostro casin\u00f2 Lootzino apparir\u00e0 sulla schermata iniziale, consentendoti di accedere rapidamente al casin\u00f2. La nostra versione Android ha tutto ci\u00f2 di cui hai bisogno, comprese le transazioni con denaro reale, le notifiche sulle nuove offerte e l&#8217;accesso a tutti i giochi, come le slot online, i giochi da casin\u00f2 dal vivo e i giochi da tavolo. Ha un aspetto e un funzionamento molto simili alla versione desktop, praticamente identici, quindi \u00e8 facile da capire e puoi fidarti della piattaforma.<\/p>\n<p>Vediamo quali sono i vantaggi di avere un&#8217;app PWA per casin\u00f2 online:<\/p>\n<table>\n<tbody>\n<tr>\n<td>Casin\u00f2 Lootzino caratteristiche<\/td>\n<td>Vantaggi<\/td>\n<\/tr>\n<tr>\n<td>Accessibilit\u00e0<\/td>\n<td>Funziona su qualsiasi dispositivo dotato di browser e sui telefoni<\/td>\n<\/tr>\n<tr>\n<td>Loot Zino aggiornamenti<\/td>\n<td>Automatico<\/td>\n<\/tr>\n<tr>\n<td>Prestazioni<\/td>\n<td>Ottima qualit\u00e0<\/td>\n<\/tr>\n<tr>\n<td>Impegno<\/td>\n<td>Notifiche push<\/td>\n<\/tr>\n<tr>\n<td>Raggiungere<\/td>\n<td>Ampia compatibilit\u00e0 con i dispositivi<\/td>\n<\/tr>\n<\/tbody>\n<\/table>\n<h3>Loot Denti APK<\/h3>\n<p>Ora che utilizziamo un&#8217;applicazione web, Lootzino non utilizza pi\u00f9 i normali file APK. Questo rende il gioco molto pi\u00f9 sicuro per i nostri giocatori, perch\u00e9 non devono preoccuparsi di scaricare file, e semplifica la configurazione. Spesso gli account dei telefoni segnalano le applicazioni sconosciute e non consentono di installarle. Abbiamo eliminato tutti questi problemi.<\/p>\n<p>Puoi installare Lootzino direttamente dal tuo browser e aggiungerlo rapidamente alla schermata iniziale. L&#8217;app web si aggiorna automaticamente, cos\u00ec avrai sempre a disposizione le ultime funzionalit\u00e0, la massima sicurezza e i giochi pi\u00f9 recenti. Questo sistema intuitivo si carica rapidamente e funziona bene su tutti i dispositivi Android, offrendoti un&#8217;esperienza di gioco eccezionale senza bisogno di scaricare o aggiornare nulla.<\/p>\n<p><img loading=\"lazy\" decoding=\"async\" src=\"https:\/\/lootzinocasino.net\/wp-content\/uploads\/2025\/11\/Lootzino-Android-App.webp\" alt=\"Lootzino Android App\" width=\"1248\" height=\"536\" \/><\/p>\n<\/div><\/div><div style=\"clear: both\"><\/div><div class=\"d-flex justify-content-center\"><button data-item=\"decouvrez_link\" data-group=\"website_links\" class=\"goto fw-bold rounded-pill btn btn-orange\" aria-label=\"Scarica Lootzino\" >Scarica Lootzino<\/button><\/div><div class=\"scrollable-content-wrap my-5\"><div class=\"scrollable-content-inner\"><h2>App Lootzino per iOS<\/h2>\n<p>Per i giocatori che utilizzano iPhone e iPad, Loot Zino offre anche una speciale app PWA per casin\u00f2 mobile che puoi aggiungere facilmente alla tua schermata iniziale. Per installarla, basta toccare &#8220;Aggiungi alla schermata iniziale&#8221; nel menu di condivisione di Safari e un&#8217;icona dell&#8217;app apparir\u00e0 sulla schermata iniziale del tuo dispositivo. Questo vi consentir\u00e0 di accedere rapidamente a tutte le nostre slot online, ai giochi di casin\u00f2 dal vivo e ai giochi crash, tutti realizzati per funzionare perfettamente sui dispositivi Apple. Il design garantisce l&#8217;assenza di ritardi, con grafica e animazioni realizzate appositamente per i dispositivi Apple. Tutte le transazioni sono protette con crittografia e il modo in cui controllate il vostro conto per prelievi e depositi segue tutte le regole. L&#8217;app Lootzino per iOS \u00e8 facile da usare e sicura. Siamo certi di offrirti un&#8217;esperienza di casin\u00f2 mobile affidabile, simile a quella che avresti utilizzando un computer.<\/p>\n<p><img loading=\"lazy\" decoding=\"async\" src=\"https:\/\/lootzinocasino.net\/wp-content\/uploads\/2025\/11\/Lootzino-iOS-App.webp\" alt=\"Lootzino iOS App\" width=\"1248\" height=\"536\" \/><\/p>\n<\/div><\/div><div style=\"clear: both\"><\/div><div class=\"d-flex justify-content-center\"><button data-item=\"decouvrez_link\" data-group=\"website_links\" class=\"goto fw-bold rounded-pill btn btn-orange\" aria-label=\"Scarica l&#039;app Lootzino\" >Scarica l&#039;app Lootzino<\/button><\/div><div class=\"scrollable-content-wrap my-5\"><div class=\"scrollable-content-inner\"><h2>Loot Zino Casino versione desktop<\/h2>\n<p>Oltre alle opzioni mobili, Lootzino casino offre anche una versione desktop a cui \u00e8 possibile accedere da qualsiasi browser web e giocare sul proprio laptop o desktop. La nostra versione desktop \u00e8 simile all&#8217;app mobile, ma con una grafica ancora migliore e un design facile da usare. Puoi gestire il tuo account, accedere a tutti i giochi, tra cui le slot online, i giochi di casin\u00f2 dal vivo e il poker Hold&#8217;em, ed effettuare transazioni sicure in modo rapido.<\/p>\n<p>Se lo desideri, puoi creare un collegamento a Lootzino casino sul tuo desktop in modo da potervi accedere immediatamente senza doverlo cercare. La versione desktop funziona altrettanto bene quanto l&#8217;app mobile, quindi avrai sempre un&#8217;ottima esperienza di gioco. Il nostro team di assistenza \u00e8 pronto ad aiutarti con qualsiasi domanda tecnica o relativa al tuo account tramite la live chat.<\/p>\n<h3>Prestazioni e compatibilit\u00e0<\/h3>\n<p>Le app di Lootzino Casino sono progettate per essere versatili e funzionare bene. La nostra fantastica app mobile si adatta alle diverse dimensioni dello schermo, cos\u00ec potrai goderti un&#8217;esperienza di gioco fluida su telefoni e tablet. Abbiamo realizzato la nostra PWA in modo che si carichi velocemente, non consumi molta batteria e si aggiorni automaticamente. Non devi fare nulla. Funziona su tutti i principali dispositivi Android e iOS e la testiamo per assicurarci che sia stabile e sicura. La versione desktop \u00e8 compatibile con tutti i browser web, inclusi Chrome, Firefox, Safari ed Edge. Offre una grafica eccezionale e un gameplay fluido. Riassumendo:<\/p>\n<ul>\n<li>I carichi sono veloci<\/li>\n<li>Le transazioni sicure sono protette dalla crittografia SSL.<\/li>\n<li>Aggiornamento automatico<\/li>\n<li>Facile installazione e accesso a tutte le librerie del casin\u00f2 Lootzino.<\/li>\n<\/ul>\n<p>Per le nostre versioni mobile o desktop, noi della piattaforma Lootzino abbiamo fatto in modo che tutto funzioni correttamente, con le stesse funzionalit\u00e0, la stessa sicurezza e lo stesso design intuitivo.<\/p>\n<p><img loading=\"lazy\" decoding=\"async\" src=\"https:\/\/lootzinocasino.net\/wp-content\/uploads\/2025\/11\/Lootzino-Desktop.webp\" alt=\"Lootzino Desktop\" width=\"1248\" height=\"536\" \/><\/p>\n<\/div><\/div><div style=\"clear: both\"><\/div><div class=\"d-flex justify-content-center\"><button data-item=\"decouvrez_link\" data-group=\"website_links\" class=\"goto fw-bold rounded-pill btn btn-orange\" aria-label=\"Scarica Lootzino\" >Scarica Lootzino<\/button><\/div><div class=\"scrollable-content-wrap my-5\"><div class=\"scrollable-content-inner\"><h2>Domande frequenti<\/h2>\n<h3>Posso accedere con gli stessi dati che utilizzo sul sito web di Lootzino Casino?<\/h3>\n<p>\u00c8 tutto simultaneo per tutti i dispositivi che utilizzi sulla nostra piattaforma. La nostra app Lootzino e la piattaforma desktop utilizzano le stesse informazioni di accesso, quindi puoi utilizzarle facilmente su qualsiasi dispositivo. I dettagli del tuo account, le impostazioni e la cronologia sono tutti sincronizzati, quindi avrai la stessa esperienza indipendentemente da dove giochi.<\/p>\n<h3>Tutti i giochi Lootzino sono disponibili nell&#8217;app?<\/h3>\n<p>La nostra app offre tutti i giochi di Lootzino casino, inclusi slot online, casin\u00f2 live e giochi da tavolo. La piattaforma \u00e8 stata realizzata per garantire il funzionamento fluido dei giochi e un facile accesso. Anche la modalit\u00e0 demo funziona allo stesso modo della versione PC della nostra piattaforma Loot Zino, quindi sono presenti tutti i giochi.<\/p>\n<h3>Ho bisogno della verifica anche per giocare nell&#8217;app?<\/h3>\n<p>Il processo di verifica \u00e8 necessario per giocare nel nostro casin\u00f2 se sono coinvolti soldi veri. Ma \u00e8 una procedura semplice. Confermi la tua identit\u00e0 attraverso misure di sicurezza (inviandoci il passaporto o la patente di guida), di solito quando prelevi denaro per la prima volta. Questo rispetta tutte le regole e mantiene al sicuro il tuo denaro.<\/p>\n<\/div><\/div><\/p>\n","protected":false},"excerpt":{"rendered":"<p>Applicazione Lootzino La nostra Lootzino app, tecnologicamente all&#8217;avanguardia, rivoluziona il modo di giocare offrendoti un fantastico casin\u00f2 mobile che funziona alla perfezione proprio come la nostra versione desktop. Realizzata con tecnologie moderne, la nostra app ti permette di goderti un mondo di gioco emozionante ovunque ti trovi. \u00c8 facile da usare, veloce da navigare e [&hellip;]<\/p>\n","protected":false},"author":1,"featured_media":0,"parent":0,"menu_order":0,"comment_status":"closed","ping_status":"closed","template":"template-builder.php","meta":{"_acf_changed":false,"inline_featured_image":false,"footnotes":""},"class_list":["post-1421","page","type-page","status-publish","hentry"],"acf":[],"yoast_head":"<!-- This site is optimized with the Yoast SEO plugin v27.3 - https:\/\/yoast.com\/product\/yoast-seo-wordpress\/ -->\n<title>Lootzino App per Mobile | iOS, Android<\/title>\n<meta name=\"description\" content=\"Lootzino App \u2013 gioca ai giochi del casin\u00f2 su iOS e Android con accesso completo a slot, tavoli e dealer dal vivo. Goditi prestazioni fluide e aggiornamenti in tempo reale su Loot Zino.\" \/>\n<meta name=\"robots\" content=\"index, follow, max-snippet:-1, max-image-preview:large, max-video-preview:-1\" \/>\n<link rel=\"canonical\" href=\"https:\/\/lootzinocasino.net\/it\/applicazione\/\" \/>\n<meta property=\"og:locale\" content=\"it_IT\" \/>\n<meta property=\"og:type\" content=\"article\" \/>\n<meta property=\"og:title\" content=\"Lootzino App per Mobile | iOS, Android\" \/>\n<meta property=\"og:description\" content=\"Lootzino App \u2013 gioca ai giochi del casin\u00f2 su iOS e Android con accesso completo a slot, tavoli e dealer dal vivo. Goditi prestazioni fluide e aggiornamenti in tempo reale su Loot Zino.\" \/>\n<meta property=\"og:url\" content=\"https:\/\/lootzinocasino.net\/it\/applicazione\/\" \/>\n<meta property=\"og:site_name\" content=\"lootzino\" \/>\n<meta property=\"article:modified_time\" content=\"2025-11-18T09:02:53+00:00\" \/>\n<meta name=\"twitter:card\" content=\"summary_large_image\" \/>\n<meta name=\"twitter:label1\" content=\"Est. reading time\" \/>\n\t<meta name=\"twitter:data1\" content=\"2 minuti\" \/>\n<script type=\"application\/ld+json\" class=\"yoast-schema-graph\">{\"@context\":\"https:\\\/\\\/schema.org\",\"@graph\":[{\"@type\":\"WebPage\",\"@id\":\"https:\\\/\\\/lootzinocasino.net\\\/it\\\/applicazione\\\/\",\"url\":\"https:\\\/\\\/lootzinocasino.net\\\/it\\\/applicazione\\\/\",\"name\":\"Lootzino App per Mobile | iOS, Android\",\"isPartOf\":{\"@id\":\"https:\\\/\\\/lootzinocasino.net\\\/it\\\/#website\"},\"datePublished\":\"2025-11-17T14:31:34+00:00\",\"dateModified\":\"2025-11-18T09:02:53+00:00\",\"description\":\"Lootzino App \u2013 gioca ai giochi del casin\u00f2 su iOS e Android con accesso completo a slot, tavoli e dealer dal vivo. Goditi prestazioni fluide e aggiornamenti in tempo reale su Loot Zino.\",\"breadcrumb\":{\"@id\":\"https:\\\/\\\/lootzinocasino.net\\\/it\\\/applicazione\\\/#breadcrumb\"},\"inLanguage\":\"it-IT\",\"potentialAction\":[{\"@type\":\"ReadAction\",\"target\":[\"https:\\\/\\\/lootzinocasino.net\\\/it\\\/applicazione\\\/\"]}]},{\"@type\":\"BreadcrumbList\",\"@id\":\"https:\\\/\\\/lootzinocasino.net\\\/it\\\/applicazione\\\/#breadcrumb\",\"itemListElement\":[{\"@type\":\"ListItem\",\"position\":1,\"name\":\"Lootzino\",\"item\":\"https:\\\/\\\/lootzinocasino.net\\\/it\\\/\"},{\"@type\":\"ListItem\",\"position\":2,\"name\":\"Applicazione\"}]},{\"@type\":\"WebSite\",\"@id\":\"https:\\\/\\\/lootzinocasino.net\\\/it\\\/#website\",\"url\":\"https:\\\/\\\/lootzinocasino.net\\\/it\\\/\",\"name\":\"Lootzino\",\"description\":\"\",\"publisher\":{\"@id\":\"https:\\\/\\\/lootzinocasino.net\\\/it\\\/#organization\"},\"potentialAction\":[{\"@type\":\"SearchAction\",\"target\":{\"@type\":\"EntryPoint\",\"urlTemplate\":\"https:\\\/\\\/lootzinocasino.net\\\/it\\\/?s={search_term_string}\"},\"query-input\":{\"@type\":\"PropertyValueSpecification\",\"valueRequired\":true,\"valueName\":\"search_term_string\"}}],\"inLanguage\":\"it-IT\"},{\"@type\":\"Organization\",\"@id\":\"https:\\\/\\\/lootzinocasino.net\\\/it\\\/#organization\",\"name\":\"Lootzino\",\"url\":\"https:\\\/\\\/lootzinocasino.net\\\/it\\\/\",\"logo\":{\"@type\":\"ImageObject\",\"inLanguage\":\"it-IT\",\"@id\":\"https:\\\/\\\/lootzinocasino.net\\\/it\\\/#\\\/schema\\\/logo\\\/image\\\/\",\"url\":\"https:\\\/\\\/lootzinocasino.net\\\/wp-content\\\/uploads\\\/2025\\\/11\\\/lootzino.svg\",\"contentUrl\":\"https:\\\/\\\/lootzinocasino.net\\\/wp-content\\\/uploads\\\/2025\\\/11\\\/lootzino.svg\",\"width\":16,\"height\":20,\"caption\":\"Lootzino\"},\"image\":{\"@id\":\"https:\\\/\\\/lootzinocasino.net\\\/it\\\/#\\\/schema\\\/logo\\\/image\\\/\"}}]}<\/script>\n<!-- \/ Yoast SEO plugin. -->","yoast_head_json":{"title":"Lootzino App per Mobile | iOS, Android","description":"Lootzino App \u2013 gioca ai giochi del casin\u00f2 su iOS e Android con accesso completo a slot, tavoli e dealer dal vivo. Goditi prestazioni fluide e aggiornamenti in tempo reale su Loot Zino.","robots":{"index":"index","follow":"follow","max-snippet":"max-snippet:-1","max-image-preview":"max-image-preview:large","max-video-preview":"max-video-preview:-1"},"canonical":"https:\/\/lootzinocasino.net\/it\/applicazione\/","og_locale":"it_IT","og_type":"article","og_title":"Lootzino App per Mobile | iOS, Android","og_description":"Lootzino App \u2013 gioca ai giochi del casin\u00f2 su iOS e Android con accesso completo a slot, tavoli e dealer dal vivo. Goditi prestazioni fluide e aggiornamenti in tempo reale su Loot Zino.","og_url":"https:\/\/lootzinocasino.net\/it\/applicazione\/","og_site_name":"lootzino","article_modified_time":"2025-11-18T09:02:53+00:00","twitter_card":"summary_large_image","twitter_misc":{"Est. reading time":"2 minuti"},"schema":{"@context":"https:\/\/schema.org","@graph":[{"@type":"WebPage","@id":"https:\/\/lootzinocasino.net\/it\/applicazione\/","url":"https:\/\/lootzinocasino.net\/it\/applicazione\/","name":"Lootzino App per Mobile | iOS, Android","isPartOf":{"@id":"https:\/\/lootzinocasino.net\/it\/#website"},"datePublished":"2025-11-17T14:31:34+00:00","dateModified":"2025-11-18T09:02:53+00:00","description":"Lootzino App \u2013 gioca ai giochi del casin\u00f2 su iOS e Android con accesso completo a slot, tavoli e dealer dal vivo. Goditi prestazioni fluide e aggiornamenti in tempo reale su Loot Zino.","breadcrumb":{"@id":"https:\/\/lootzinocasino.net\/it\/applicazione\/#breadcrumb"},"inLanguage":"it-IT","potentialAction":[{"@type":"ReadAction","target":["https:\/\/lootzinocasino.net\/it\/applicazione\/"]}]},{"@type":"BreadcrumbList","@id":"https:\/\/lootzinocasino.net\/it\/applicazione\/#breadcrumb","itemListElement":[{"@type":"ListItem","position":1,"name":"Lootzino","item":"https:\/\/lootzinocasino.net\/it\/"},{"@type":"ListItem","position":2,"name":"Applicazione"}]},{"@type":"WebSite","@id":"https:\/\/lootzinocasino.net\/it\/#website","url":"https:\/\/lootzinocasino.net\/it\/","name":"Lootzino","description":"","publisher":{"@id":"https:\/\/lootzinocasino.net\/it\/#organization"},"potentialAction":[{"@type":"SearchAction","target":{"@type":"EntryPoint","urlTemplate":"https:\/\/lootzinocasino.net\/it\/?s={search_term_string}"},"query-input":{"@type":"PropertyValueSpecification","valueRequired":true,"valueName":"search_term_string"}}],"inLanguage":"it-IT"},{"@type":"Organization","@id":"https:\/\/lootzinocasino.net\/it\/#organization","name":"Lootzino","url":"https:\/\/lootzinocasino.net\/it\/","logo":{"@type":"ImageObject","inLanguage":"it-IT","@id":"https:\/\/lootzinocasino.net\/it\/#\/schema\/logo\/image\/","url":"https:\/\/lootzinocasino.net\/wp-content\/uploads\/2025\/11\/lootzino.svg","contentUrl":"https:\/\/lootzinocasino.net\/wp-content\/uploads\/2025\/11\/lootzino.svg","width":16,"height":20,"caption":"Lootzino"},"image":{"@id":"https:\/\/lootzinocasino.net\/it\/#\/schema\/logo\/image\/"}}]}},"_links":{"self":[{"href":"https:\/\/lootzinocasino.net\/it\/wp-json\/wp\/v2\/pages\/1421","targetHints":{"allow":["GET"]}}],"collection":[{"href":"https:\/\/lootzinocasino.net\/it\/wp-json\/wp\/v2\/pages"}],"about":[{"href":"https:\/\/lootzinocasino.net\/it\/wp-json\/wp\/v2\/types\/page"}],"author":[{"embeddable":true,"href":"https:\/\/lootzinocasino.net\/it\/wp-json\/wp\/v2\/users\/1"}],"replies":[{"embeddable":true,"href":"https:\/\/lootzinocasino.net\/it\/wp-json\/wp\/v2\/comments?post=1421"}],"version-history":[{"count":2,"href":"https:\/\/lootzinocasino.net\/it\/wp-json\/wp\/v2\/pages\/1421\/revisions"}],"predecessor-version":[{"id":1715,"href":"https:\/\/lootzinocasino.net\/it\/wp-json\/wp\/v2\/pages\/1421\/revisions\/1715"}],"wp:attachment":[{"href":"https:\/\/lootzinocasino.net\/it\/wp-json\/wp\/v2\/media?parent=1421"}],"curies":[{"name":"wp","href":"https:\/\/api.w.org\/{rel}","templated":true}]}}