{"id":1465,"date":"2025-11-17T14:33:30","date_gmt":"2025-11-17T14:33:30","guid":{"rendered":"https:\/\/lootzinocasino.net\/login-and-registration\/"},"modified":"2025-12-25T09:19:33","modified_gmt":"2025-12-25T09:19:33","slug":"connexion-et-inscription","status":"publish","type":"page","link":"https:\/\/lootzinocasino.net\/fr\/connexion-et-inscription\/","title":{"rendered":"Connexion et inscription"},"content":{"rendered":"<h1>Connexion et inscription \u00e0 Lootzino<\/h1>\n<p>Le Lootzino login offre un acc\u00e8s rapide et ininterrompu \u00e0 notre plateforme de jeux en ligne immersifs. Chez Loot Zino, nous avons cr\u00e9\u00e9 un acc\u00e8s rapide et s\u00e9curis\u00e9 pour les nouveaux joueurs et ceux qui reviennent, \u00e0 tout moment, quand ils le souhaitent. Nous le soutenons gr\u00e2ce \u00e0 un syst\u00e8me d&rsquo;inscription simplifi\u00e9. Il est con\u00e7u pour faciliter la cr\u00e9ation de votre compte. Avec Lootzino Casino, nos joueurs b\u00e9n\u00e9ficient d&rsquo;un environnement s\u00fbr, d&rsquo;une s\u00e9lection vari\u00e9e de jeux et de fonctionnalit\u00e9s de gestion de compte.<\/p>\n<p><div class=\"banner-wrap\" aria-label=\"Banner\"><img src=\"https:\/\/lootzinocasino.net\/wp-content\/uploads\/2025\/11\/Lootzino-banner-carousel-800\u0445400.webp\" class=\"w-100 d-none d-lg-block img-pc main-banner-img\" alt=\"Lootzino banner desktop\" fetchpriority=\"high\" decoding=\"async\"><img src=\"https:\/\/lootzinocasino.net\/wp-content\/uploads\/2025\/12\/Group-25.webp\" class=\"w-100 d-none d-md-block d-lg-none main-banner-img\" alt=\"Lootzino banner mobile\" fetchpriority=\"high\" decoding=\"async\"><img src=\"https:\/\/lootzinocasino.net\/wp-content\/uploads\/2025\/12\/Group-25.webp\" class=\"w-100 d-md-none\" alt=\"Lootzino banner mobile\" fetchpriority=\"high\" decoding=\"async\"><div class=\"banner-description\">\n<div class=\"banner-title\">Bonus de bienvenue<\/div>\n<p class=\"banner-header-title\">1000 \u20ac<\/p>\n<div class=\"banner-header-AdditionalText\">+ 100 Tours Gratuits<\/div>\n<button data-item=\"homepage_banner_link\" class=\"goto m-button m-gradient-border m-button--primary m-button--large banner-button btn-orange\">\n            <div class=\"m-button-content\">\n                <span>Inscrivez-vous d\u00e8s maintenant<\/span>\n                <span><\/span>\n            <\/div>\n        <\/button>\n<\/div>\n<div class=\"WelcomePack\">\n<p><img loading=\"lazy\" decoding=\"async\" class=\"alignnone size-full wp-image-1391\" src=\"https:\/\/lootzinocasino.net\/wp-content\/uploads\/2025\/11\/welcome-crown.svg\" alt=\"crown\" width=\"25\" height=\"26\" \/><\/p>\n<div class=\"WelcomePack-Info\">Cashback hebdomadaire jusqu&rsquo;\u00e0 25 %<\/div>\n<p><img loading=\"lazy\" decoding=\"async\" class=\"alignnone size-full wp-image-1391\" src=\"https:\/\/lootzinocasino.net\/wp-content\/uploads\/2025\/11\/welcome-crown.svg\" alt=\"crown\" width=\"25\" height=\"26\" \/><\/p>\n<\/div>\n<\/div><div class=\"scrollable-content-wrap my-5\"><div class=\"scrollable-content-inner\"><h2>Casino Lootzino proc\u00e9dure d&rsquo;inscription<\/h2>\n<p>En cr\u00e9ant un compte sur Lootzino Casino, vous b\u00e9n\u00e9ficiez d&rsquo;une multitude d&rsquo;avantages dans notre casino. Par exemple, tous nos nouveaux membres re\u00e7oivent un pack de bienvenue attractif d&rsquo;une valeur de 1 000 \u20ac avec 100 tours gratuits.<\/p>\n<p>De plus, nous vous offrons des bonus de d\u00e9p\u00f4t g\u00e9n\u00e9reux, divis\u00e9s en trois parties, que vous pouvez obtenir en effectuant des d\u00e9p\u00f4ts, ainsi que des tours gratuits suppl\u00e9mentaires, vous permettant ainsi de profiter imm\u00e9diatement de notre biblioth\u00e8que de jeux.<\/p>\n<p>L&rsquo;inscription vous donne \u00e9galement acc\u00e8s \u00e0 la gestion personnalis\u00e9e de votre compte, \u00e0 des promotions exclusives et \u00e0 la participation \u00e0 des tournois de casino en direct.<\/p>\n<p>En vous inscrivant chez nous, vous b\u00e9n\u00e9ficierez des avantages suivants :<\/p>\n<ul>\n<li>Jusqu&rsquo;\u00e0 1 000 \u20ac de bonus de bienvenue + 100 tours gratuits<\/li>\n<li>Acc\u00e8s illimit\u00e9 \u00e0 notre vaste portefeuille de jeux<\/li>\n<li>Options s\u00e9curis\u00e9es de d\u00e9p\u00f4t et de retrait sur t\u00e9l\u00e9phone et ordinateur<\/li>\n<li>Promotions en cours et r\u00e9compenses de fid\u00e9lit\u00e9<\/li>\n<li>Assistance multilingue pour les acteurs mondiaux<\/li>\n<li>Processus efficaces de gestion et de v\u00e9rification des comptes<\/li>\n<\/ul>\n<p>En r\u00e9sum\u00e9, s&rsquo;inscrire sur Loot Zino en vaut vraiment la peine, vous vous en rendrez compte par vous-m\u00eame. La cr\u00e9ation d&rsquo;un compte Lootzino permet aux joueurs de profiter pleinement des fonctionnalit\u00e9s de notre plateforme, de la gestion des d\u00e9p\u00f4ts au suivi de l&rsquo;historique de jeu. Notre processus de connexion \u00e0 Loozino est con\u00e7u pour \u00eatre rapide, et vous pouvez commencer \u00e0 profiter de vos titres pr\u00e9f\u00e9r\u00e9s sans d\u00e9lai.<\/p>\n<h2>\u00c9tapes de connexion \u00e0 Lootzino<\/h2>\n<p>La connexion \u00e0 Lootzino est un processus simple qui permet d&rsquo;acc\u00e9der imm\u00e9diatement \u00e0 toutes les fonctionnalit\u00e9s de notre plateforme. Les \u00e9tapes sont les suivantes :<\/p>\n<ol>\n<li>Naviguez vers le coin sup\u00e9rieur droit de notre page d&rsquo;accueil et s\u00e9lectionnez le bouton Connexion \u00e0 Lootzino.<\/li>\n<li>Entrez votre adresse e-mail enregistr\u00e9e et votre mot de passe (si vous avez oubli\u00e9 votre mot de passe, lisez ci-dessous comment le r\u00e9cup\u00e9rer).<\/li>\n<li>Confirmation de Lootzino login pour acc\u00e9der au tableau de bord du compte.<\/li>\n<\/ol>\n<p>Une fois connect\u00e9, vous pouvez d\u00e9poser des fonds, consulter l&rsquo;historique des transactions, mettre \u00e0 jour vos informations personnelles et contacter notre \u00e9quipe d&rsquo;assistance multilingue via le chat en direct si n\u00e9cessaire. L&rsquo;interface intuitive de notre plateforme simplifie la gestion de votre compte. Il est facile de naviguer parmi les diff\u00e9rentes options et de d\u00e9finir des limites de d\u00e9p\u00f4t, de consulter l&rsquo;historique des jeux ou de participer \u00e0 des \u00e9v\u00e9nements promotionnels.<\/p>\n<p>Une fois connect\u00e9, vous avez acc\u00e8s \u00e0 un large \u00e9ventail d&rsquo;options utiles Loot Zino :<\/p>\n<table>\n<tbody>\n<tr>\n<td>Fonctionnalit\u00e9 de connexion Loozino<\/td>\n<td>Objectif<\/td>\n<\/tr>\n<tr>\n<td>Mettre \u00e0 jour les informations personnelles<\/td>\n<td>Modifier les informations personnelles<\/td>\n<\/tr>\n<tr>\n<td>D\u00e9finir des limites de d\u00e9p\u00f4t\/retrait<\/td>\n<td>Contr\u00f4lez vos d\u00e9penses<\/td>\n<\/tr>\n<tr>\n<td>Voir l&rsquo;historique des transactions\/du jeu<\/td>\n<td>Activit\u00e9 de r\u00e9vision<\/td>\n<\/tr>\n<tr>\n<td>Profitez du parrainage<\/td>\n<td>D\u00e9veloppez votre r\u00e9seau, gagnez des r\u00e9compenses<\/td>\n<\/tr>\n<tr>\n<td>G\u00e9rer les offres promotionnelles<\/td>\n<td>Acc\u00e9der aux bonus et les activer<\/td>\n<\/tr>\n<\/tbody>\n<\/table>\n<h3>Mot de passe ou nom d&rsquo;utilisateur oubli\u00e9 ?<\/h3>\n<p>Il arrive que l&rsquo;on oublie certaines choses, et les comptes ne font pas exception. En cas de difficult\u00e9s pour vous connecter \u00e0 Lootzino, nous avons mis en place un processus de r\u00e9cup\u00e9ration simple. Les utilisateurs peuvent r\u00e9initialiser leur mot de passe (cliquez sur \u00ab Mot de passe oubli\u00e9 ? \u00bb lorsque vous vous connectez) ou r\u00e9cup\u00e9rer leur nom d&rsquo;utilisateur gr\u00e2ce \u00e0 nos fonctionnalit\u00e9s d&rsquo;assistance d\u00e9di\u00e9es. Cela permet un acc\u00e8s continu en toutes circonstances, tout en maintenant nos normes de s\u00e9curit\u00e9 \u00e9lev\u00e9es.<\/p>\n<h2>Loot Zino acc\u00e8s au compte<\/h2>\n<p>Lootzino Casino accorde la priorit\u00e9 \u00e0 un acc\u00e8s s\u00e9curis\u00e9 et fiable aux comptes. Notre portail Lootzino login est prot\u00e9g\u00e9 par un cryptage avanc\u00e9 (SSL s\u00e9curis\u00e9) afin de prot\u00e9ger les donn\u00e9es des utilisateurs. Soyez assur\u00e9 que chaque session de connexion reste confidentielle. Pour plus de s\u00e9curit\u00e9, nous vous recommandons d&rsquo;activer l&rsquo;authentification \u00e0 deux facteurs lorsque cela est possible et de ne jamais partager les d\u00e9tails de votre compte avec qui que ce soit. Notre plateforme prend en charge plusieurs langues, ce qui la rend accessible aux joueurs du monde entier. En cas de probl\u00e8me, n&rsquo;h\u00e9sitez pas \u00e0 nous \u00e9crire.<\/p>\n<h2>FAQ<\/h2>\n<h3>Est-il s\u00fbr d&rsquo;enregistrer mes identifiants de connexion Lootzino dans le navigateur ?<\/h3>\n<p>Enregistrer vos identifiants de connexion peut \u00eatre pratique, mais cela peut pr\u00e9senter des risques pour la s\u00e9curit\u00e9 si vous ne prenez pas les pr\u00e9cautions n\u00e9cessaires. Nous conseillons \u00e0 tous nos joueurs d&rsquo;utiliser des navigateurs s\u00e9curis\u00e9s avec la fonction de remplissage automatique d\u00e9sactiv\u00e9e et de se d\u00e9connecter apr\u00e8s chaque session afin d&#8217;emp\u00eacher tout acc\u00e8s non autoris\u00e9.<\/p>\n<h3>Comment puis-je prot\u00e9ger mon compte Lootzino Casino ?<\/h3>\n<p>De notre c\u00f4t\u00e9, nous vous prot\u00e9geons gr\u00e2ce au cryptage SSL. Mais vous pouvez \u00e9galement contribuer \u00e0 cette s\u00e9curit\u00e9. Pour prot\u00e9ger votre compte, utilisez un mot de passe fort et unique, activez l&rsquo;authentification \u00e0 deux facteurs si elle est disponible et \u00e9vitez de partager vos identifiants de connexion : votre date de naissance ou celle de votre grand-m\u00e8re sont faciles \u00e0 deviner. V\u00e9rifier r\u00e9guli\u00e8rement l&rsquo;activit\u00e9 de votre compte Loot Zino et mettre \u00e0 jour vos coordonn\u00e9es renforce encore davantage la s\u00e9curit\u00e9.<\/p>\n<h3>Pourquoi dois-je v\u00e9rifier mon compte avant de me connecter ?<\/h3>\n<p>Le processus de v\u00e9rification est essentiel pour confirmer votre identit\u00e9. Nous nous effor\u00e7ons de pr\u00e9venir la fraude, et vous \u00eates tenu de vous conformer aux exigences l\u00e9gales en tant que membre de notre communaut\u00e9 Loot Zino. La v\u00e9rification de votre compte vous permet \u00e9galement de d\u00e9bloquer toutes les fonctionnalit\u00e9s de retrait et renforce la s\u00e9curit\u00e9 globale.<\/p>\n<\/div><\/div><\/p>\n","protected":false},"excerpt":{"rendered":"<p>Connexion et inscription \u00e0 Lootzino Le Lootzino login offre un acc\u00e8s rapide et ininterrompu \u00e0 notre plateforme de jeux en ligne immersifs. Chez Loot Zino, nous avons cr\u00e9\u00e9 un acc\u00e8s rapide et s\u00e9curis\u00e9 pour les nouveaux joueurs et ceux qui reviennent, \u00e0 tout moment, quand ils le souhaitent. Nous le soutenons gr\u00e2ce \u00e0 un syst\u00e8me [&hellip;]<\/p>\n","protected":false},"author":1,"featured_media":0,"parent":0,"menu_order":0,"comment_status":"closed","ping_status":"closed","template":"template-builder.php","meta":{"_acf_changed":false,"inline_featured_image":false,"footnotes":""},"class_list":["post-1465","page","type-page","status-publish","hentry"],"acf":[],"yoast_head":"<!-- This site is optimized with the Yoast SEO plugin v27.3 - https:\/\/yoast.com\/product\/yoast-seo-wordpress\/ -->\n<title>Lootzino Login \u2013 Inscription et Acc\u00e8s au Compte<\/title>\n<meta name=\"description\" content=\"Lootzino Login \u2013 connectez-vous ou cr\u00e9ez un compte en toute s\u00e9curit\u00e9. G\u00e9rez la v\u00e9rification, la r\u00e9cup\u00e9ration du mot de passe et les param\u00e8tres de votre profil sur Loot Zino.\" \/>\n<meta name=\"robots\" content=\"index, follow, max-snippet:-1, max-image-preview:large, max-video-preview:-1\" \/>\n<link rel=\"canonical\" href=\"https:\/\/lootzinocasino.net\/fr\/connexion-et-inscription\/\" \/>\n<meta property=\"og:locale\" content=\"fr_FR\" \/>\n<meta property=\"og:type\" content=\"article\" \/>\n<meta property=\"og:title\" content=\"Lootzino Login \u2013 Inscription et Acc\u00e8s au Compte\" \/>\n<meta property=\"og:description\" content=\"Lootzino Login \u2013 connectez-vous ou cr\u00e9ez un compte en toute s\u00e9curit\u00e9. G\u00e9rez la v\u00e9rification, la r\u00e9cup\u00e9ration du mot de passe et les param\u00e8tres de votre profil sur Loot Zino.\" \/>\n<meta property=\"og:url\" content=\"https:\/\/lootzinocasino.net\/fr\/connexion-et-inscription\/\" \/>\n<meta property=\"og:site_name\" content=\"lootzino\" \/>\n<meta property=\"article:modified_time\" content=\"2025-12-25T09:19:33+00:00\" \/>\n<meta name=\"twitter:card\" content=\"summary_large_image\" \/>\n<meta name=\"twitter:label1\" content=\"Dur\u00e9e de lecture estim\u00e9e\" \/>\n\t<meta name=\"twitter:data1\" content=\"1 minute\" \/>\n<script type=\"application\/ld+json\" class=\"yoast-schema-graph\">{\"@context\":\"https:\\\/\\\/schema.org\",\"@graph\":[{\"@type\":\"WebPage\",\"@id\":\"https:\\\/\\\/lootzinocasino.net\\\/fr\\\/connexion-et-inscription\\\/\",\"url\":\"https:\\\/\\\/lootzinocasino.net\\\/fr\\\/connexion-et-inscription\\\/\",\"name\":\"Lootzino Login \u2013 Inscription et Acc\u00e8s au Compte\",\"isPartOf\":{\"@id\":\"https:\\\/\\\/lootzinocasino.net\\\/fr\\\/#website\"},\"datePublished\":\"2025-11-17T14:33:30+00:00\",\"dateModified\":\"2025-12-25T09:19:33+00:00\",\"description\":\"Lootzino Login \u2013 connectez-vous ou cr\u00e9ez un compte en toute s\u00e9curit\u00e9. G\u00e9rez la v\u00e9rification, la r\u00e9cup\u00e9ration du mot de passe et les param\u00e8tres de votre profil sur Loot Zino.\",\"breadcrumb\":{\"@id\":\"https:\\\/\\\/lootzinocasino.net\\\/fr\\\/connexion-et-inscription\\\/#breadcrumb\"},\"inLanguage\":\"fr-FR\",\"potentialAction\":[{\"@type\":\"ReadAction\",\"target\":[\"https:\\\/\\\/lootzinocasino.net\\\/fr\\\/connexion-et-inscription\\\/\"]}]},{\"@type\":\"BreadcrumbList\",\"@id\":\"https:\\\/\\\/lootzinocasino.net\\\/fr\\\/connexion-et-inscription\\\/#breadcrumb\",\"itemListElement\":[{\"@type\":\"ListItem\",\"position\":1,\"name\":\"Lootzino\",\"item\":\"https:\\\/\\\/lootzinocasino.net\\\/fr\\\/\"},{\"@type\":\"ListItem\",\"position\":2,\"name\":\"Connexion et inscription\"}]},{\"@type\":\"WebSite\",\"@id\":\"https:\\\/\\\/lootzinocasino.net\\\/fr\\\/#website\",\"url\":\"https:\\\/\\\/lootzinocasino.net\\\/fr\\\/\",\"name\":\"Lootzino\",\"description\":\"\",\"publisher\":{\"@id\":\"https:\\\/\\\/lootzinocasino.net\\\/fr\\\/#organization\"},\"potentialAction\":[{\"@type\":\"SearchAction\",\"target\":{\"@type\":\"EntryPoint\",\"urlTemplate\":\"https:\\\/\\\/lootzinocasino.net\\\/fr\\\/?s={search_term_string}\"},\"query-input\":{\"@type\":\"PropertyValueSpecification\",\"valueRequired\":true,\"valueName\":\"search_term_string\"}}],\"inLanguage\":\"fr-FR\"},{\"@type\":\"Organization\",\"@id\":\"https:\\\/\\\/lootzinocasino.net\\\/fr\\\/#organization\",\"name\":\"Lootzino\",\"url\":\"https:\\\/\\\/lootzinocasino.net\\\/fr\\\/\",\"logo\":{\"@type\":\"ImageObject\",\"inLanguage\":\"fr-FR\",\"@id\":\"https:\\\/\\\/lootzinocasino.net\\\/fr\\\/#\\\/schema\\\/logo\\\/image\\\/\",\"url\":\"https:\\\/\\\/lootzinocasino.net\\\/wp-content\\\/uploads\\\/2025\\\/11\\\/lootzino.svg\",\"contentUrl\":\"https:\\\/\\\/lootzinocasino.net\\\/wp-content\\\/uploads\\\/2025\\\/11\\\/lootzino.svg\",\"width\":16,\"height\":20,\"caption\":\"Lootzino\"},\"image\":{\"@id\":\"https:\\\/\\\/lootzinocasino.net\\\/fr\\\/#\\\/schema\\\/logo\\\/image\\\/\"}}]}<\/script>\n<!-- \/ Yoast SEO plugin. -->","yoast_head_json":{"title":"Lootzino Login \u2013 Inscription et Acc\u00e8s au Compte","description":"Lootzino Login \u2013 connectez-vous ou cr\u00e9ez un compte en toute s\u00e9curit\u00e9. G\u00e9rez la v\u00e9rification, la r\u00e9cup\u00e9ration du mot de passe et les param\u00e8tres de votre profil sur Loot Zino.","robots":{"index":"index","follow":"follow","max-snippet":"max-snippet:-1","max-image-preview":"max-image-preview:large","max-video-preview":"max-video-preview:-1"},"canonical":"https:\/\/lootzinocasino.net\/fr\/connexion-et-inscription\/","og_locale":"fr_FR","og_type":"article","og_title":"Lootzino Login \u2013 Inscription et Acc\u00e8s au Compte","og_description":"Lootzino Login \u2013 connectez-vous ou cr\u00e9ez un compte en toute s\u00e9curit\u00e9. G\u00e9rez la v\u00e9rification, la r\u00e9cup\u00e9ration du mot de passe et les param\u00e8tres de votre profil sur Loot Zino.","og_url":"https:\/\/lootzinocasino.net\/fr\/connexion-et-inscription\/","og_site_name":"lootzino","article_modified_time":"2025-12-25T09:19:33+00:00","twitter_card":"summary_large_image","twitter_misc":{"Dur\u00e9e de lecture estim\u00e9e":"1 minute"},"schema":{"@context":"https:\/\/schema.org","@graph":[{"@type":"WebPage","@id":"https:\/\/lootzinocasino.net\/fr\/connexion-et-inscription\/","url":"https:\/\/lootzinocasino.net\/fr\/connexion-et-inscription\/","name":"Lootzino Login \u2013 Inscription et Acc\u00e8s au Compte","isPartOf":{"@id":"https:\/\/lootzinocasino.net\/fr\/#website"},"datePublished":"2025-11-17T14:33:30+00:00","dateModified":"2025-12-25T09:19:33+00:00","description":"Lootzino Login \u2013 connectez-vous ou cr\u00e9ez un compte en toute s\u00e9curit\u00e9. G\u00e9rez la v\u00e9rification, la r\u00e9cup\u00e9ration du mot de passe et les param\u00e8tres de votre profil sur Loot Zino.","breadcrumb":{"@id":"https:\/\/lootzinocasino.net\/fr\/connexion-et-inscription\/#breadcrumb"},"inLanguage":"fr-FR","potentialAction":[{"@type":"ReadAction","target":["https:\/\/lootzinocasino.net\/fr\/connexion-et-inscription\/"]}]},{"@type":"BreadcrumbList","@id":"https:\/\/lootzinocasino.net\/fr\/connexion-et-inscription\/#breadcrumb","itemListElement":[{"@type":"ListItem","position":1,"name":"Lootzino","item":"https:\/\/lootzinocasino.net\/fr\/"},{"@type":"ListItem","position":2,"name":"Connexion et inscription"}]},{"@type":"WebSite","@id":"https:\/\/lootzinocasino.net\/fr\/#website","url":"https:\/\/lootzinocasino.net\/fr\/","name":"Lootzino","description":"","publisher":{"@id":"https:\/\/lootzinocasino.net\/fr\/#organization"},"potentialAction":[{"@type":"SearchAction","target":{"@type":"EntryPoint","urlTemplate":"https:\/\/lootzinocasino.net\/fr\/?s={search_term_string}"},"query-input":{"@type":"PropertyValueSpecification","valueRequired":true,"valueName":"search_term_string"}}],"inLanguage":"fr-FR"},{"@type":"Organization","@id":"https:\/\/lootzinocasino.net\/fr\/#organization","name":"Lootzino","url":"https:\/\/lootzinocasino.net\/fr\/","logo":{"@type":"ImageObject","inLanguage":"fr-FR","@id":"https:\/\/lootzinocasino.net\/fr\/#\/schema\/logo\/image\/","url":"https:\/\/lootzinocasino.net\/wp-content\/uploads\/2025\/11\/lootzino.svg","contentUrl":"https:\/\/lootzinocasino.net\/wp-content\/uploads\/2025\/11\/lootzino.svg","width":16,"height":20,"caption":"Lootzino"},"image":{"@id":"https:\/\/lootzinocasino.net\/fr\/#\/schema\/logo\/image\/"}}]}},"_links":{"self":[{"href":"https:\/\/lootzinocasino.net\/fr\/wp-json\/wp\/v2\/pages\/1465","targetHints":{"allow":["GET"]}}],"collection":[{"href":"https:\/\/lootzinocasino.net\/fr\/wp-json\/wp\/v2\/pages"}],"about":[{"href":"https:\/\/lootzinocasino.net\/fr\/wp-json\/wp\/v2\/types\/page"}],"author":[{"embeddable":true,"href":"https:\/\/lootzinocasino.net\/fr\/wp-json\/wp\/v2\/users\/1"}],"replies":[{"embeddable":true,"href":"https:\/\/lootzinocasino.net\/fr\/wp-json\/wp\/v2\/comments?post=1465"}],"version-history":[{"count":3,"href":"https:\/\/lootzinocasino.net\/fr\/wp-json\/wp\/v2\/pages\/1465\/revisions"}],"predecessor-version":[{"id":1836,"href":"https:\/\/lootzinocasino.net\/fr\/wp-json\/wp\/v2\/pages\/1465\/revisions\/1836"}],"wp:attachment":[{"href":"https:\/\/lootzinocasino.net\/fr\/wp-json\/wp\/v2\/media?parent=1465"}],"curies":[{"name":"wp","href":"https:\/\/api.w.org\/{rel}","templated":true}]}}