{"id":1416,"date":"2025-11-17T14:31:34","date_gmt":"2025-11-17T14:31:34","guid":{"rendered":"https:\/\/lootzinocasino.net\/app\/"},"modified":"2025-12-25T09:16:21","modified_gmt":"2025-12-25T09:16:21","slug":"app","status":"publish","type":"page","link":"https:\/\/lootzinocasino.net\/fr\/app\/","title":{"rendered":"App"},"content":{"rendered":"<h1>Application Lootzino<\/h1>\n<p>Notre Lootzino app, \u00e0 la pointe de la technologie, r\u00e9volutionne votre fa\u00e7on de jouer en vous offrant un excellent casino mobile qui fonctionne aussi bien que notre version pour ordinateur. Con\u00e7ue \u00e0 l&rsquo;aide des technologies les plus modernes, notre application vous permet de profiter d&rsquo;un univers de jeu passionnant o\u00f9 que vous soyez. Facile \u00e0 utiliser, rapide \u00e0 prendre en main et s\u00e9curis\u00e9e pour vos transactions, l&rsquo;application Lootzino casino est un excellent choix pour tous ceux qui recherchent la commodit\u00e9 et la fiabilit\u00e9.<\/p>\n<div class=\"banner-wrap\" aria-label=\"Banner\"><img src=\"https:\/\/lootzinocasino.net\/wp-content\/uploads\/2025\/11\/Lootzino-banner-carousel-800\u0445400.webp\" class=\"w-100 d-none d-lg-block img-pc main-banner-img\" alt=\"Lootzino banner desktop\" fetchpriority=\"high\" decoding=\"async\"><img src=\"https:\/\/lootzinocasino.net\/wp-content\/uploads\/2025\/12\/Group-25.webp\" class=\"w-100 d-none d-md-block d-lg-none main-banner-img\" alt=\"Lootzino banner mobile\" fetchpriority=\"high\" decoding=\"async\"><img src=\"https:\/\/lootzinocasino.net\/wp-content\/uploads\/2025\/12\/Group-25.webp\" class=\"w-100 d-md-none\" alt=\"Lootzino banner mobile\" fetchpriority=\"high\" decoding=\"async\"><div class=\"banner-description\">\n<div class=\"banner-title\">Bonus de bienvenue<\/div>\n<p class=\"banner-header-title\">1000 \u20ac<\/p>\n<div class=\"banner-header-AdditionalText\">+ 100 Tours Gratuits<\/div>\n<button data-item=\"homepage_banner_link\" class=\"goto m-button m-gradient-border m-button--primary m-button--large banner-button btn-orange\">\n            <div class=\"m-button-content\">\n                <span>Inscrivez-vous d\u00e8s maintenant<\/span>\n                <span><\/span>\n            <\/div>\n        <\/button>\n<\/div>\n<div class=\"WelcomePack\">\n<p><img loading=\"lazy\" decoding=\"async\" class=\"alignnone size-full wp-image-1391\" src=\"https:\/\/lootzinocasino.net\/wp-content\/uploads\/2025\/11\/welcome-crown.svg\" alt=\"crown\" width=\"25\" height=\"26\" \/><\/p>\n<div class=\"WelcomePack-Info\">Cashback hebdomadaire jusqu&rsquo;\u00e0 25 %<\/div>\n<p><img loading=\"lazy\" decoding=\"async\" class=\"alignnone size-full wp-image-1391\" src=\"https:\/\/lootzinocasino.net\/wp-content\/uploads\/2025\/11\/welcome-crown.svg\" alt=\"crown\" width=\"25\" height=\"26\" \/><\/p>\n<\/div>\n<\/div>\n<h2>Application Lootzino pour mobile<\/h2>\n<p>Contrairement au jeu sur PC, l&rsquo;application Lootzino est facile \u00e0 transporter et con\u00e7ue pour fonctionner parfaitement sur les t\u00e9l\u00e9phones et les tablettes. Elle vous offre les m\u00eames graphismes exceptionnels et un large choix de jeux. Nous avons veill\u00e9 \u00e0 ce qu&rsquo;elle fonctionne correctement sur Android ou iOS, sans aucun bug. Les options mobiles Loot Zino vous garantissent une exp\u00e9rience rapide, s\u00fbre et divertissante. Il n&rsquo;a jamais \u00e9t\u00e9 aussi facile de profiter de nos machines \u00e0 sous en ligne, de nos jeux de casino en direct et de nos jeux de table sans perte de qualit\u00e9.<\/p>\n<p>L&rsquo;application Lootzino pour t\u00e9l\u00e9phones et tablettes est con\u00e7ue pour \u00eatre aussi simple et rapide \u00e0 utiliser que possible. Elle s&rsquo;adapte \u00e0 toutes les tailles d&rsquo;\u00e9cran, ce qui facilite la navigation : vous pouvez zoomer et d\u00e9zoomer \u00e0 votre guise. Vous pouvez acc\u00e9der instantan\u00e9ment \u00e0 nos nombreuses machines \u00e0 sous en ligne, jeux de casino en direct et jeux de table. Tous sont con\u00e7us pour fonctionner parfaitement sur mobile. Les applications de casino sont parfois aga\u00e7antes car elles sont lentes, mais avec Loot Zino, vos jeux fonctionnent sans probl\u00e8me, m\u00eame lorsque de nombreuses personnes jouent.<\/p>\n<p>Elle est con\u00e7ue pour \u00eatre s\u00e9curis\u00e9e, avec des transactions prot\u00e9g\u00e9es et un moyen simple de v\u00e9rifier votre identit\u00e9, afin de prot\u00e9ger vos informations et votre argent. Contrairement aux jeux sur ordinateur personnel, l&rsquo;application Lootzino vous permet d&#8217;emporter vos jeux avec vous pour jouer, par exemple dans le train, sur le chemin du retour, ou pour r\u00e9duire le temps d&rsquo;attente dans les embouteillages en voiture. Vous pouvez jouer \u00e0 vos jeux pr\u00e9f\u00e9r\u00e9s sans avoir \u00e0 rester chez vous. Cela ne signifie pas pour autant que vous perdez en qualit\u00e9 ; notre application offre toujours d&rsquo;excellents graphismes et fonctionne parfaitement, ce qui en fait un excellent choix pour tous ceux qui aiment les jeux mobiles.<\/p>\n<p><div style=\"clear: both\"><\/div><div class=\"d-flex justify-content-center\"><button data-item=\"decouvrez_link\" data-group=\"website_links\" class=\"goto fw-bold rounded-pill btn btn-orange\" aria-label=\"T\u00e9l\u00e9chargez l&#039;application Lootzino\" >T\u00e9l\u00e9chargez l&#039;application Lootzino<\/button><\/div><div class=\"scrollable-content-wrap my-5\"><div class=\"scrollable-content-inner\"><h2>Application Lootzino pour Android OS<\/h2>\n<p>Notre application Lootzino pour Android fonctionne comme une application web PWA, vous n&rsquo;avez donc pas besoin de t\u00e9l\u00e9charger manuellement des fichiers. Cela rend son installation plus s\u00fbre et plus facile, et elle se met \u00e0 jour automatiquement, vous garantissant ainsi un acc\u00e8s permanent aux derni\u00e8res fonctionnalit\u00e9s et aux derniers jeux.<\/p>\n<p>Pour l&rsquo;installer, il suffit d&rsquo;appuyer sur \u00ab Casino App \u00bb et vous serez redirig\u00e9 vers notre PWA, o\u00f9 vous pourrez constater que plus d&rsquo;un million d&rsquo;autres joueurs l&rsquo;ont d\u00e9j\u00e0 t\u00e9l\u00e9charg\u00e9e !<\/p>\n<p>Une fois install\u00e9, le symbole de notre casino Lootzino appara\u00eetra sur votre \u00e9cran d&rsquo;accueil, vous permettant d&rsquo;acc\u00e9der rapidement au casino. Notre version Android offre tout ce dont vous avez besoin, y compris les transactions en argent r\u00e9el, les notifications concernant les nouvelles offres et l&rsquo;acc\u00e8s \u00e0 tous les jeux, tels que les machines \u00e0 sous en ligne, les jeux de casino en direct et les jeux de table. Son apparence et son fonctionnement sont tr\u00e8s similaires \u00e0 ceux de la version pour ordinateur de bureau, pratiquement identiques, ce qui la rend facile \u00e0 comprendre et vous permet de faire confiance \u00e0 la plateforme.<\/p>\n<p>Voyons les avantages d&rsquo;une application PWA pour casino en ligne :<\/p>\n<table>\n<tbody>\n<tr>\n<td>Casino Lootzino caract\u00e9ristiques<\/td>\n<td>Avantages<\/td>\n<\/tr>\n<tr>\n<td>Accessibilit\u00e9<\/td>\n<td>Fonctionne sur n&rsquo;importe quel appareil \u00e9quip\u00e9 d&rsquo;un navigateur et sur les t\u00e9l\u00e9phones<\/td>\n<\/tr>\n<tr>\n<td>Loot Zino mises \u00e0 jour<\/td>\n<td>Automatique<\/td>\n<\/tr>\n<tr>\n<td>Performance<\/td>\n<td>Excellente qualit\u00e9<\/td>\n<\/tr>\n<tr>\n<td>Engagement<\/td>\n<td>Notifications push<\/td>\n<\/tr>\n<tr>\n<td>Port\u00e9e<\/td>\n<td>Large compatibilit\u00e9 avec les appareils<\/td>\n<\/tr>\n<\/tbody>\n<\/table>\n<h3>Butin Dents APK<\/h3>\n<p>Maintenant que nous utilisons une application web, Lootzino n&rsquo;utilise plus de fichiers APK classiques. Cela rend l&rsquo;application beaucoup plus s\u00fbre pour nos joueurs, car vous n&rsquo;avez plus \u00e0 vous soucier du t\u00e9l\u00e9chargement de fichiers, et cela facilite la configuration. Souvent, les comptes de votre t\u00e9l\u00e9phone peuvent signaler les applications inconnues et vous emp\u00eacher de les installer. Nous avons \u00e9limin\u00e9 tous ces probl\u00e8mes.<\/p>\n<p>Vous pouvez installer Lootzino directement depuis votre navigateur et l&rsquo;ajouter rapidement \u00e0 votre \u00e9cran d&rsquo;accueil. L&rsquo;application web se met \u00e0 jour automatiquement, vous b\u00e9n\u00e9ficiez donc toujours des derni\u00e8res fonctionnalit\u00e9s, de la s\u00e9curit\u00e9 et des jeux. Ce syst\u00e8me simple se charge rapidement et fonctionne bien sur tous les appareils Android, vous offrant une excellente exp\u00e9rience de jeu sans avoir \u00e0 t\u00e9l\u00e9charger ou mettre \u00e0 jour quoi que ce soit.<\/p>\n<p><img loading=\"lazy\" decoding=\"async\" src=\"https:\/\/lootzinocasino.net\/wp-content\/uploads\/2025\/11\/Lootzino-Android-App.webp\" alt=\"Lootzino Android App\" width=\"1248\" height=\"536\" \/><\/p>\n<\/div><\/div><div style=\"clear: both\"><\/div><div class=\"d-flex justify-content-center\"><button data-item=\"decouvrez_link\" data-group=\"website_links\" class=\"goto fw-bold rounded-pill btn btn-orange\" aria-label=\"T\u00e9l\u00e9charger Lootzino\" >T\u00e9l\u00e9charger Lootzino<\/button><\/div><div class=\"scrollable-content-wrap my-5\"><div class=\"scrollable-content-inner\"><h2>Application Lootzino pour iOS<\/h2>\n<p>Pour les joueurs sur iPhone et iPad, Loot Zino propose \u00e9galement une application PWA sp\u00e9ciale pour casino mobile que vous pouvez facilement ajouter \u00e0 votre \u00e9cran d&rsquo;accueil. Pour l&rsquo;installer, il suffit d&rsquo;appuyer sur \u00ab Ajouter \u00e0 l&rsquo;\u00e9cran d&rsquo;accueil \u00bb dans le menu de partage de Safari, et une ic\u00f4ne d&rsquo;application appara\u00eetra sur l&rsquo;\u00e9cran d&rsquo;accueil de votre appareil. Vous b\u00e9n\u00e9ficierez ainsi d&rsquo;un acc\u00e8s rapide \u00e0 toutes nos machines \u00e0 sous en ligne, nos jeux de casino en direct et nos jeux crash, tous con\u00e7us pour fonctionner parfaitement sur les appareils Apple. La conception garantit l&rsquo;absence de latence, avec des graphismes et des animations adapt\u00e9s aux appareils Apple. Toutes les transactions sont prot\u00e9g\u00e9es par cryptage, et la mani\u00e8re dont vous v\u00e9rifiez votre compte pour les retraits et les d\u00e9p\u00f4ts respecte toutes les r\u00e8gles. L&rsquo;application Lootzino pour iOS est facile \u00e0 utiliser et s\u00fbre. Nous sommes certains de vous offrir une exp\u00e9rience de casino mobile fiable, similaire \u00e0 celle d&rsquo;un ordinateur.<\/p>\n<p><img loading=\"lazy\" decoding=\"async\" src=\"https:\/\/lootzinocasino.net\/wp-content\/uploads\/2025\/11\/Lootzino-iOS-App.webp\" alt=\"Lootzino iOS App\" width=\"1248\" height=\"536\" \/><\/p>\n<\/div><\/div><div style=\"clear: both\"><\/div><div class=\"d-flex justify-content-center\"><button data-item=\"decouvrez_link\" data-group=\"website_links\" class=\"goto fw-bold rounded-pill btn btn-orange\" aria-label=\"T\u00e9l\u00e9chargez l&#039;application Lootzino\" >T\u00e9l\u00e9chargez l&#039;application Lootzino<\/button><\/div><div class=\"scrollable-content-wrap my-5\"><div class=\"scrollable-content-inner\"><h2>Loot Zino Casino version bureau<\/h2>\n<p>En plus de nos options mobiles, Lootzino casino propose \u00e9galement une version pour ordinateur de bureau accessible depuis n&rsquo;importe quel navigateur web et jouable sur votre ordinateur portable ou de bureau. Notre version pour ordinateur de bureau ressemble \u00e0 l&rsquo;application mobile, mais avec des graphismes encore plus performants et une conception facile \u00e0 utiliser. Vous pouvez g\u00e9rer votre compte, acc\u00e9der \u00e0 tous les jeux (y compris les machines \u00e0 sous en ligne, les jeux de casino en direct et le poker Hold&#8217;em) et effectuer des transactions s\u00e9curis\u00e9es rapidement.<\/p>\n<p>Si vous le souhaitez, vous pouvez cr\u00e9er un raccourci vers Lootzino casino sur votre fond d&rsquo;\u00e9cran afin d&rsquo;y acc\u00e9der instantan\u00e9ment sans avoir \u00e0 le rechercher. La version bureau fonctionne aussi bien que l&rsquo;application mobile, vous garantissant ainsi une exp\u00e9rience de jeu optimale \u00e0 tout moment. Notre \u00e9quipe d&rsquo;assistance est \u00e0 votre disposition pour r\u00e9pondre \u00e0 toutes vos questions techniques ou relatives \u00e0 votre compte via le chat en direct.<\/p>\n<h3>Performances et compatibilit\u00e9<\/h3>\n<p>Les applications du casino Lootzino sont con\u00e7ues pour \u00eatre polyvalentes et fonctionner correctement. Notre application mobile s&rsquo;adapte \u00e0 diff\u00e9rentes tailles d&rsquo;\u00e9cran, vous offrant ainsi une exp\u00e9rience de jeu fluide sur les t\u00e9l\u00e9phones et les tablettes. Nous avons con\u00e7u notre PWA de mani\u00e8re \u00e0 ce qu&rsquo;elle se charge rapidement, consomme peu de batterie et se mette \u00e0 jour automatiquement. Vous n&rsquo;avez rien \u00e0 faire. Elle fonctionne sur tous les principaux appareils Android et iOS, et nous la testons pour nous assurer qu&rsquo;elle est stable et s\u00fbre. La version de bureau est compatible avec tous les navigateurs web, y compris Chrome, Firefox, Safari et Edge. Elle offre des graphismes exceptionnels et une exp\u00e9rience de jeu fluide. En r\u00e9sum\u00e9 :<\/p>\n<ul>\n<li>Les chargements sont rapides<\/li>\n<li>Les transactions s\u00e9curis\u00e9es sont prot\u00e9g\u00e9es par le cryptage SSL.<\/li>\n<li>Mise \u00e0 jour automatique<\/li>\n<li>Installation facile et acc\u00e8s \u00e0 toutes les biblioth\u00e8ques du casino Lootzino<\/li>\n<\/ul>\n<p>Pour nos versions mobile et bureau, nous avons veill\u00e9 \u00e0 ce que tout fonctionne correctement sur la plateforme Lootzino, avec les m\u00eames fonctionnalit\u00e9s, le m\u00eame niveau de s\u00e9curit\u00e9 et la m\u00eame conception conviviale.<\/p>\n<p><img loading=\"lazy\" decoding=\"async\" src=\"https:\/\/lootzinocasino.net\/wp-content\/uploads\/2025\/11\/Lootzino-Desktop.webp\" alt=\"Lootzino Desktop\" width=\"1248\" height=\"536\" \/><\/p>\n<\/div><\/div><div style=\"clear: both\"><\/div><div class=\"d-flex justify-content-center\"><button data-item=\"decouvrez_link\" data-group=\"website_links\" class=\"goto fw-bold rounded-pill btn btn-orange\" aria-label=\"T\u00e9l\u00e9charger Lootzino\" >T\u00e9l\u00e9charger Lootzino<\/button><\/div><div class=\"scrollable-content-wrap my-5\"><div class=\"scrollable-content-inner\"><h2>FAQ<\/h2>\n<h3>Puis-je me connecter avec les m\u00eames identifiants que ceux que j&rsquo;utilise sur le site Web du casino Lootzino ?<\/h3>\n<p>Tout est simultan\u00e9 pour tous les appareils que vous utilisez sur notre plateforme. Notre application Lootzino et notre plateforme de bureau utilisent les m\u00eames informations de connexion, vous pouvez donc les utiliser facilement sur n&rsquo;importe quel appareil. Les d\u00e9tails de votre compte, vos param\u00e8tres et votre historique sont tous synchronis\u00e9s, vous b\u00e9n\u00e9ficiez donc de la m\u00eame exp\u00e9rience, quel que soit l&rsquo;endroit o\u00f9 vous jouez.<\/p>\n<h3>Tous les jeux Lootzino sont-ils disponibles dans l&rsquo;application ?<\/h3>\n<p>Notre application propose tous les jeux du casino Lootzino, y compris les machines \u00e0 sous en ligne, le casino en direct et les jeux de table. La plateforme est con\u00e7ue pour garantir le bon fonctionnement des jeux et leur facilit\u00e9 d&rsquo;acc\u00e8s. Le mode d\u00e9mo fonctionne \u00e9galement de la m\u00eame mani\u00e8re que la version PC de notre plateforme Loot Zino, tous les jeux sont donc disponibles.<\/p>\n<h3>Ai-je besoin d&rsquo;une v\u00e9rification m\u00eame pour jouer dans l&rsquo;application ?<\/h3>\n<p>Le processus de v\u00e9rification est n\u00e9cessaire pour jouer dans notre casino si de l&rsquo;argent r\u00e9el est en jeu. Mais il s&rsquo;agit d&rsquo;une proc\u00e9dure simple. Vous confirmez votre identit\u00e9 gr\u00e2ce \u00e0 des mesures de s\u00e9curit\u00e9 (en nous envoyant votre passeport ou votre permis de conduire), g\u00e9n\u00e9ralement lorsque vous effectuez votre premier retrait. Cette proc\u00e9dure respecte toutes les r\u00e8gles et garantit la s\u00e9curit\u00e9 de votre argent.<\/p>\n<\/div><\/div><\/p>\n","protected":false},"excerpt":{"rendered":"<p>Application Lootzino Notre Lootzino app, \u00e0 la pointe de la technologie, r\u00e9volutionne votre fa\u00e7on de jouer en vous offrant un excellent casino mobile qui fonctionne aussi bien que notre version pour ordinateur. Con\u00e7ue \u00e0 l&rsquo;aide des technologies les plus modernes, notre application vous permet de profiter d&rsquo;un univers de jeu passionnant o\u00f9 que vous soyez. [&hellip;]<\/p>\n","protected":false},"author":1,"featured_media":0,"parent":0,"menu_order":0,"comment_status":"closed","ping_status":"closed","template":"template-builder.php","meta":{"_acf_changed":false,"inline_featured_image":false,"footnotes":""},"class_list":["post-1416","page","type-page","status-publish","hentry"],"acf":[],"yoast_head":"<!-- This site is optimized with the Yoast SEO plugin v27.3 - https:\/\/yoast.com\/product\/yoast-seo-wordpress\/ -->\n<title>Lootzino App pour Mobile | iOS, Android<\/title>\n<meta name=\"description\" content=\"Lootzino App \u2013 jouez \u00e0 vos jeux de casino pr\u00e9f\u00e9r\u00e9s sur iOS et Android avec un acc\u00e8s complet aux machines \u00e0 sous, tables et croupiers en direct. Profitez d\u2019une exp\u00e9rience fluide sur Loot Zino.\" \/>\n<meta name=\"robots\" content=\"index, follow, max-snippet:-1, max-image-preview:large, max-video-preview:-1\" \/>\n<link rel=\"canonical\" href=\"https:\/\/lootzinocasino.net\/fr\/app\/\" \/>\n<meta property=\"og:locale\" content=\"fr_FR\" \/>\n<meta property=\"og:type\" content=\"article\" \/>\n<meta property=\"og:title\" content=\"Lootzino App pour Mobile | iOS, Android\" \/>\n<meta property=\"og:description\" content=\"Lootzino App \u2013 jouez \u00e0 vos jeux de casino pr\u00e9f\u00e9r\u00e9s sur iOS et Android avec un acc\u00e8s complet aux machines \u00e0 sous, tables et croupiers en direct. Profitez d\u2019une exp\u00e9rience fluide sur Loot Zino.\" \/>\n<meta property=\"og:url\" content=\"https:\/\/lootzinocasino.net\/fr\/app\/\" \/>\n<meta property=\"og:site_name\" content=\"lootzino\" \/>\n<meta property=\"article:modified_time\" content=\"2025-12-25T09:16:21+00:00\" \/>\n<meta name=\"twitter:card\" content=\"summary_large_image\" \/>\n<meta name=\"twitter:label1\" content=\"Dur\u00e9e de lecture estim\u00e9e\" \/>\n\t<meta name=\"twitter:data1\" content=\"2 minutes\" \/>\n<script type=\"application\/ld+json\" class=\"yoast-schema-graph\">{\"@context\":\"https:\\\/\\\/schema.org\",\"@graph\":[{\"@type\":\"WebPage\",\"@id\":\"https:\\\/\\\/lootzinocasino.net\\\/fr\\\/app\\\/\",\"url\":\"https:\\\/\\\/lootzinocasino.net\\\/fr\\\/app\\\/\",\"name\":\"Lootzino App pour Mobile | iOS, Android\",\"isPartOf\":{\"@id\":\"https:\\\/\\\/lootzinocasino.net\\\/fr\\\/#website\"},\"datePublished\":\"2025-11-17T14:31:34+00:00\",\"dateModified\":\"2025-12-25T09:16:21+00:00\",\"description\":\"Lootzino App \u2013 jouez \u00e0 vos jeux de casino pr\u00e9f\u00e9r\u00e9s sur iOS et Android avec un acc\u00e8s complet aux machines \u00e0 sous, tables et croupiers en direct. Profitez d\u2019une exp\u00e9rience fluide sur Loot Zino.\",\"breadcrumb\":{\"@id\":\"https:\\\/\\\/lootzinocasino.net\\\/fr\\\/app\\\/#breadcrumb\"},\"inLanguage\":\"fr-FR\",\"potentialAction\":[{\"@type\":\"ReadAction\",\"target\":[\"https:\\\/\\\/lootzinocasino.net\\\/fr\\\/app\\\/\"]}]},{\"@type\":\"BreadcrumbList\",\"@id\":\"https:\\\/\\\/lootzinocasino.net\\\/fr\\\/app\\\/#breadcrumb\",\"itemListElement\":[{\"@type\":\"ListItem\",\"position\":1,\"name\":\"Lootzino\",\"item\":\"https:\\\/\\\/lootzinocasino.net\\\/fr\\\/\"},{\"@type\":\"ListItem\",\"position\":2,\"name\":\"App\"}]},{\"@type\":\"WebSite\",\"@id\":\"https:\\\/\\\/lootzinocasino.net\\\/fr\\\/#website\",\"url\":\"https:\\\/\\\/lootzinocasino.net\\\/fr\\\/\",\"name\":\"Lootzino\",\"description\":\"\",\"publisher\":{\"@id\":\"https:\\\/\\\/lootzinocasino.net\\\/fr\\\/#organization\"},\"potentialAction\":[{\"@type\":\"SearchAction\",\"target\":{\"@type\":\"EntryPoint\",\"urlTemplate\":\"https:\\\/\\\/lootzinocasino.net\\\/fr\\\/?s={search_term_string}\"},\"query-input\":{\"@type\":\"PropertyValueSpecification\",\"valueRequired\":true,\"valueName\":\"search_term_string\"}}],\"inLanguage\":\"fr-FR\"},{\"@type\":\"Organization\",\"@id\":\"https:\\\/\\\/lootzinocasino.net\\\/fr\\\/#organization\",\"name\":\"Lootzino\",\"url\":\"https:\\\/\\\/lootzinocasino.net\\\/fr\\\/\",\"logo\":{\"@type\":\"ImageObject\",\"inLanguage\":\"fr-FR\",\"@id\":\"https:\\\/\\\/lootzinocasino.net\\\/fr\\\/#\\\/schema\\\/logo\\\/image\\\/\",\"url\":\"https:\\\/\\\/lootzinocasino.net\\\/wp-content\\\/uploads\\\/2025\\\/11\\\/lootzino.svg\",\"contentUrl\":\"https:\\\/\\\/lootzinocasino.net\\\/wp-content\\\/uploads\\\/2025\\\/11\\\/lootzino.svg\",\"width\":16,\"height\":20,\"caption\":\"Lootzino\"},\"image\":{\"@id\":\"https:\\\/\\\/lootzinocasino.net\\\/fr\\\/#\\\/schema\\\/logo\\\/image\\\/\"}}]}<\/script>\n<!-- \/ Yoast SEO plugin. -->","yoast_head_json":{"title":"Lootzino App pour Mobile | iOS, Android","description":"Lootzino App \u2013 jouez \u00e0 vos jeux de casino pr\u00e9f\u00e9r\u00e9s sur iOS et Android avec un acc\u00e8s complet aux machines \u00e0 sous, tables et croupiers en direct. Profitez d\u2019une exp\u00e9rience fluide sur Loot Zino.","robots":{"index":"index","follow":"follow","max-snippet":"max-snippet:-1","max-image-preview":"max-image-preview:large","max-video-preview":"max-video-preview:-1"},"canonical":"https:\/\/lootzinocasino.net\/fr\/app\/","og_locale":"fr_FR","og_type":"article","og_title":"Lootzino App pour Mobile | iOS, Android","og_description":"Lootzino App \u2013 jouez \u00e0 vos jeux de casino pr\u00e9f\u00e9r\u00e9s sur iOS et Android avec un acc\u00e8s complet aux machines \u00e0 sous, tables et croupiers en direct. Profitez d\u2019une exp\u00e9rience fluide sur Loot Zino.","og_url":"https:\/\/lootzinocasino.net\/fr\/app\/","og_site_name":"lootzino","article_modified_time":"2025-12-25T09:16:21+00:00","twitter_card":"summary_large_image","twitter_misc":{"Dur\u00e9e de lecture estim\u00e9e":"2 minutes"},"schema":{"@context":"https:\/\/schema.org","@graph":[{"@type":"WebPage","@id":"https:\/\/lootzinocasino.net\/fr\/app\/","url":"https:\/\/lootzinocasino.net\/fr\/app\/","name":"Lootzino App pour Mobile | iOS, Android","isPartOf":{"@id":"https:\/\/lootzinocasino.net\/fr\/#website"},"datePublished":"2025-11-17T14:31:34+00:00","dateModified":"2025-12-25T09:16:21+00:00","description":"Lootzino App \u2013 jouez \u00e0 vos jeux de casino pr\u00e9f\u00e9r\u00e9s sur iOS et Android avec un acc\u00e8s complet aux machines \u00e0 sous, tables et croupiers en direct. Profitez d\u2019une exp\u00e9rience fluide sur Loot Zino.","breadcrumb":{"@id":"https:\/\/lootzinocasino.net\/fr\/app\/#breadcrumb"},"inLanguage":"fr-FR","potentialAction":[{"@type":"ReadAction","target":["https:\/\/lootzinocasino.net\/fr\/app\/"]}]},{"@type":"BreadcrumbList","@id":"https:\/\/lootzinocasino.net\/fr\/app\/#breadcrumb","itemListElement":[{"@type":"ListItem","position":1,"name":"Lootzino","item":"https:\/\/lootzinocasino.net\/fr\/"},{"@type":"ListItem","position":2,"name":"App"}]},{"@type":"WebSite","@id":"https:\/\/lootzinocasino.net\/fr\/#website","url":"https:\/\/lootzinocasino.net\/fr\/","name":"Lootzino","description":"","publisher":{"@id":"https:\/\/lootzinocasino.net\/fr\/#organization"},"potentialAction":[{"@type":"SearchAction","target":{"@type":"EntryPoint","urlTemplate":"https:\/\/lootzinocasino.net\/fr\/?s={search_term_string}"},"query-input":{"@type":"PropertyValueSpecification","valueRequired":true,"valueName":"search_term_string"}}],"inLanguage":"fr-FR"},{"@type":"Organization","@id":"https:\/\/lootzinocasino.net\/fr\/#organization","name":"Lootzino","url":"https:\/\/lootzinocasino.net\/fr\/","logo":{"@type":"ImageObject","inLanguage":"fr-FR","@id":"https:\/\/lootzinocasino.net\/fr\/#\/schema\/logo\/image\/","url":"https:\/\/lootzinocasino.net\/wp-content\/uploads\/2025\/11\/lootzino.svg","contentUrl":"https:\/\/lootzinocasino.net\/wp-content\/uploads\/2025\/11\/lootzino.svg","width":16,"height":20,"caption":"Lootzino"},"image":{"@id":"https:\/\/lootzinocasino.net\/fr\/#\/schema\/logo\/image\/"}}]}},"_links":{"self":[{"href":"https:\/\/lootzinocasino.net\/fr\/wp-json\/wp\/v2\/pages\/1416","targetHints":{"allow":["GET"]}}],"collection":[{"href":"https:\/\/lootzinocasino.net\/fr\/wp-json\/wp\/v2\/pages"}],"about":[{"href":"https:\/\/lootzinocasino.net\/fr\/wp-json\/wp\/v2\/types\/page"}],"author":[{"embeddable":true,"href":"https:\/\/lootzinocasino.net\/fr\/wp-json\/wp\/v2\/users\/1"}],"replies":[{"embeddable":true,"href":"https:\/\/lootzinocasino.net\/fr\/wp-json\/wp\/v2\/comments?post=1416"}],"version-history":[{"count":3,"href":"https:\/\/lootzinocasino.net\/fr\/wp-json\/wp\/v2\/pages\/1416\/revisions"}],"predecessor-version":[{"id":1834,"href":"https:\/\/lootzinocasino.net\/fr\/wp-json\/wp\/v2\/pages\/1416\/revisions\/1834"}],"wp:attachment":[{"href":"https:\/\/lootzinocasino.net\/fr\/wp-json\/wp\/v2\/media?parent=1416"}],"curies":[{"name":"wp","href":"https:\/\/api.w.org\/{rel}","templated":true}]}}