{"id":1470,"date":"2025-11-17T14:33:30","date_gmt":"2025-11-17T14:33:30","guid":{"rendered":"https:\/\/lootzinocasino.net\/login-and-registration\/"},"modified":"2025-11-18T10:02:17","modified_gmt":"2025-11-18T10:02:17","slug":"inicio-de-sesion-y-registro","status":"publish","type":"page","link":"https:\/\/lootzinocasino.net\/es\/inicio-de-sesion-y-registro\/","title":{"rendered":"Inicio de sesi\u00f3n y Registro"},"content":{"rendered":"<h1>Iniciar sesi\u00f3n y registrarse en Lootzino<\/h1>\n<p>El Lootzino login proporciona un acceso r\u00e1pido e ininterrumpido a nuestra plataforma de juegos online inmersivos. En Loot Zino, hemos creado una entrada r\u00e1pida y segura para los jugadores espa\u00f1oles nuevos y habituales en cualquier momento que lo deseen. Lo respaldamos con un sistema de registro optimizado. Est\u00e1 dise\u00f1ado para que la creaci\u00f3n de tu cuenta sea sencilla. Con Lootzino Casino, nuestros jugadores se benefician de un entorno seguro, una selecci\u00f3n diversa de juegos y funciones de gesti\u00f3n de cuentas.<\/p>\n<p><div class=\"banner-wrap\" aria-label=\"Banner\"><img src=\"https:\/\/lootzinocasino.net\/wp-content\/uploads\/2025\/11\/Lootzino-banner-carousel-800\u0445400.webp\" class=\"w-100 d-none d-lg-block img-pc main-banner-img\" alt=\"Lootzino banner desktop\" fetchpriority=\"high\" decoding=\"async\"><img src=\"https:\/\/lootzinocasino.net\/wp-content\/uploads\/2025\/12\/Group-25.webp\" class=\"w-100 d-none d-md-block d-lg-none main-banner-img\" alt=\"Lootzino banner mobile\" fetchpriority=\"high\" decoding=\"async\"><img src=\"https:\/\/lootzinocasino.net\/wp-content\/uploads\/2025\/12\/Group-25.webp\" class=\"w-100 d-md-none\" alt=\"Lootzino banner mobile\" fetchpriority=\"high\" decoding=\"async\"><div class=\"banner-description\">\n<div class=\"banner-title\">Bonos de bienvenida<\/div>\n<p class=\"banner-header-title\">1500 \u20ac<\/p>\n<div class=\"banner-header-AdditionalText\">+ 250 Giros Gratis<\/div>\n<button data-item=\"homepage_banner_link\" class=\"goto m-button m-gradient-border m-button--primary m-button--large banner-button btn-orange\">\n            <div class=\"m-button-content\">\n                <span>Reg\u00edstrese ahora<\/span>\n                <span><\/span>\n            <\/div>\n        <\/button>\n<\/div>\n<div class=\"WelcomePack\">\n<p><img loading=\"lazy\" decoding=\"async\" class=\"alignnone size-full wp-image-1391\" src=\"https:\/\/lootzinocasino.net\/wp-content\/uploads\/2025\/11\/welcome-crown.svg\" alt=\"crown\" width=\"25\" height=\"26\" \/><\/p>\n<div class=\"WelcomePack-Info\">Reembolso semanal de hasta el 25 %<\/div>\n<p><img loading=\"lazy\" decoding=\"async\" class=\"alignnone size-full wp-image-1391\" src=\"https:\/\/lootzinocasino.net\/wp-content\/uploads\/2025\/11\/welcome-crown.svg\" alt=\"crown\" width=\"25\" height=\"26\" \/><\/p>\n<\/div>\n<\/div><div class=\"scrollable-content-wrap my-5\"><div class=\"scrollable-content-inner\"><h2>Casino Lootzino procedimiento de registro<\/h2>\n<p>Al registrar una cuenta en Lootzino Casino, podr\u00e1s disfrutar de una amplia gama de ventajas en nuestro casino. Por ejemplo, todos nuestros nuevos miembros reciben un atractivo paquete de bienvenida de 1500 \u20ac con 250 tiradas gratis.<\/p>\n<p>Adem\u00e1s, preparamos generosos bonos por dep\u00f3sito que se dividen en tres partes a medida que realizas tus dep\u00f3sitos y obtienes recompensas por ello, y tambi\u00e9n te ofrecemos m\u00e1s giros gratis, lo que te permite acceder de inmediato a nuestra biblioteca de juegos.<\/p>\n<p>El registro tambi\u00e9n te da acceso a la gesti\u00f3n personalizada de tu cuenta, promociones exclusivas y participaci\u00f3n en torneos de casino en vivo.<\/p>\n<p>Registrarse con nosotros significa poder disfrutar de las siguientes ventajas:<\/p>\n<ul>\n<li>Paquete de bienvenida de hasta 1500 \u20ac + 200 tiradas gratis<\/li>\n<li>Acceso ilimitado a nuestra amplia cartera de juegos.<\/li>\n<li>Opciones seguras para realizar dep\u00f3sitos y retiradas de fondos tanto en el tel\u00e9fono como en el ordenador.<\/li>\n<li>Promociones en curso y recompensas por fidelidad<\/li>\n<li>Soporte multiling\u00fce para actores globales<\/li>\n<li>Procesos eficientes de gesti\u00f3n y verificaci\u00f3n de cuentas<\/li>\n<\/ul>\n<p>En definitiva, registrarse en Loot Zino merece mucho la pena, como podr\u00e1s comprobar por ti mismo. Crear una cuenta en Lootzino garantiza que los jugadores puedan disfrutar plenamente de las funciones de nuestra plataforma, desde la gesti\u00f3n de los dep\u00f3sitos hasta el seguimiento del historial de juego. Nuestro proceso de inicio de sesi\u00f3n en Loozino est\u00e1 dise\u00f1ado para ser r\u00e1pido, y podr\u00e1s empezar a disfrutar de tus t\u00edtulos favoritos sin demora.<\/p>\n<h2>Pasos para iniciar sesi\u00f3n en Lootzino<\/h2>\n<p>El inicio de sesi\u00f3n en Lootzino es un proceso sencillo que proporciona acceso inmediato a todas las funciones de nuestra plataforma. Los pasos son los siguientes:<\/p>\n<ol>\n<li>Navegando hasta la esquina superior derecha de nuestra p\u00e1gina de inicio y seleccionando el bot\u00f3n Iniciar sesi\u00f3n en Lootzino.<\/li>\n<li>Introduzca su direcci\u00f3n de correo electr\u00f3nico registrada y su contrase\u00f1a (si ha olvidado la contrase\u00f1a, lea a continuaci\u00f3n c\u00f3mo recuperarla).<\/li>\n<li>Confirmando inicio de sesi\u00f3n en Lootzino para acceder al panel de control de la cuenta.<\/li>\n<\/ol>\n<p>Y cuando haya iniciado sesi\u00f3n, podr\u00e1 depositar fondos, revisar el historial de transacciones, actualizar sus datos personales y ponerse en contacto con nuestro equipo de asistencia multiling\u00fce a trav\u00e9s del chat en vivo si lo necesita. La interfaz intuitiva de nuestra plataforma simplifica la gesti\u00f3n de la cuenta. Es f\u00e1cil navegar por las distintas opciones y establecer l\u00edmites de dep\u00f3sito, ver el historial de juegos o participar en eventos promocionales.<\/p>\n<p>Despu\u00e9s de iniciar sesi\u00f3n, tendr\u00e1s acceso a una amplia gama de \u00fatiles Loot Zino opciones:<\/p>\n<table>\n<tbody>\n<tr>\n<td>Funci\u00f3n de inicio de sesi\u00f3n de Loozino<\/td>\n<td>Prop\u00f3sito<\/td>\n<\/tr>\n<tr>\n<td>Actualizar informaci\u00f3n personal<\/td>\n<td>Editar datos personales<\/td>\n<\/tr>\n<tr>\n<td>Establecer l\u00edmites de dep\u00f3sito\/retirada<\/td>\n<td>Controle sus gastos<\/td>\n<\/tr>\n<tr>\n<td>Ver historial de transacciones\/juego<\/td>\n<td>Revisar actividad<\/td>\n<\/tr>\n<tr>\n<td>Disfruta de la recomendaci\u00f3n<\/td>\n<td>Ampl\u00ede su red, obtenga recompensas<\/td>\n<\/tr>\n<tr>\n<td>Gestionar ofertas promocionales<\/td>\n<td>Acceder y activar bonificaciones<\/td>\n<\/tr>\n<\/tbody>\n<\/table>\n<h3>\u00bfOlvid\u00f3 su contrase\u00f1a o nombre de usuario?<\/h3>\n<p>Olvidar cosas es algo que ocurre, y las cuentas no son una excepci\u00f3n. En caso de dificultades para iniciar sesi\u00f3n en Lootzino, contamos con un proceso de recuperaci\u00f3n sencillo. Los usuarios pueden restablecer su contrase\u00f1a (haga clic en \u00ab\u00bfOlvid\u00f3 su contrase\u00f1a?\u00bb al iniciar sesi\u00f3n) o recuperar su nombre de usuario a trav\u00e9s de nuestras funciones de asistencia dedicadas. Esto permite un acceso continuo sin importar las circunstancias, al tiempo que se mantienen altos nuestros est\u00e1ndares de seguridad.<\/p>\n<h2>Loot Zino acceso a la cuenta<\/h2>\n<p>Lootzino Casino da prioridad al acceso seguro y fiable a las cuentas. Nuestro portal Lootzino login est\u00e1 protegido por un cifrado avanzado (SSL seguro) para proteger los datos de los usuarios. Aseg\u00farate de que todas las sesiones de inicio de sesi\u00f3n sean confidenciales. Para mayor seguridad, te recomendamos que habilites la autenticaci\u00f3n de dos factores siempre que sea posible y que nunca compartas los datos de tu cuenta con nadie. Nuestra plataforma admite varios idiomas, lo que la hace accesible a jugadores de todo el mundo, as\u00ed que, en caso de problemas, solo tienes que escribirnos.<\/p>\n<h2>Preguntas frecuentes<\/h2>\n<h3>\u00bfEs seguro guardar mis datos de inicio de sesi\u00f3n en Lootzino en el navegador?<\/h3>\n<p>Guardar los datos de inicio de sesi\u00f3n puede resultar c\u00f3modo, pero puede suponer un riesgo para la seguridad si no se toman las precauciones adecuadas. Recomendamos a todos nuestros jugadores que utilicen navegadores seguros con la funci\u00f3n de autocompletar desactivada y que cierren la sesi\u00f3n despu\u00e9s de cada uso para evitar accesos no autorizados.<\/p>\n<h3>\u00bfC\u00f3mo puedo proteger mi cuenta de Lootzino Casino?<\/h3>\n<p>Bueno, por nuestra parte, te protegemos con cifrado SSL. Pero t\u00fa tambi\u00e9n puedes contribuir. Para proteger tu cuenta, utiliza una contrase\u00f1a segura y \u00fanica, habilita la autenticaci\u00f3n de dos factores si est\u00e1 disponible y evita compartir tus credenciales de inicio de sesi\u00f3n: tu fecha de nacimiento o la de tu abuela son f\u00e1ciles de descifrar. Revisar peri\u00f3dicamente la actividad de la cuenta de Loot Zino y mantener actualizada la informaci\u00f3n de contacto mejora a\u00fan m\u00e1s la seguridad.<\/p>\n<h3>\u00bfPor qu\u00e9 tengo que verificar mi cuenta antes de iniciar sesi\u00f3n?<\/h3>\n<p>El proceso de verificaci\u00f3n es esencial para confirmar su identidad. Nos esforzamos por prevenir el fraude y esperamos que usted cumpla con los requisitos legales como miembro de nuestra comunidad Loot Zino. La verificaci\u00f3n de su cuenta tambi\u00e9n desbloquea todas las funciones de retirada y mejora la seguridad general.<\/p>\n<\/div><\/div><\/p>\n","protected":false},"excerpt":{"rendered":"<p>Iniciar sesi\u00f3n y registrarse en Lootzino El Lootzino login proporciona un acceso r\u00e1pido e ininterrumpido a nuestra plataforma de juegos online inmersivos. En Loot Zino, hemos creado una entrada r\u00e1pida y segura para los jugadores espa\u00f1oles nuevos y habituales en cualquier momento que lo deseen. Lo respaldamos con un sistema de registro optimizado. Est\u00e1 dise\u00f1ado [&hellip;]<\/p>\n","protected":false},"author":1,"featured_media":0,"parent":0,"menu_order":0,"comment_status":"closed","ping_status":"closed","template":"template-builder.php","meta":{"_acf_changed":false,"inline_featured_image":false,"footnotes":""},"class_list":["post-1470","page","type-page","status-publish","hentry"],"acf":[],"yoast_head":"<!-- This site is optimized with the Yoast SEO plugin v27.3 - https:\/\/yoast.com\/product\/yoast-seo-wordpress\/ -->\n<title>Lootzino Login \u2013 Registro y Acceso a la Cuenta<\/title>\n<meta name=\"description\" content=\"Lootzino Login \u2013 inicia sesi\u00f3n o crea tu cuenta de forma segura. Gestiona verificaci\u00f3n, recuperaci\u00f3n de contrase\u00f1a y ajustes de perfil f\u00e1cilmente en Loot Zino.\" \/>\n<meta name=\"robots\" content=\"index, follow, max-snippet:-1, max-image-preview:large, max-video-preview:-1\" \/>\n<link rel=\"canonical\" href=\"https:\/\/lootzinocasino.net\/es\/inicio-de-sesion-y-registro\/\" \/>\n<meta property=\"og:locale\" content=\"es_ES\" \/>\n<meta property=\"og:type\" content=\"article\" \/>\n<meta property=\"og:title\" content=\"Lootzino Login \u2013 Registro y Acceso a la Cuenta\" \/>\n<meta property=\"og:description\" content=\"Lootzino Login \u2013 inicia sesi\u00f3n o crea tu cuenta de forma segura. Gestiona verificaci\u00f3n, recuperaci\u00f3n de contrase\u00f1a y ajustes de perfil f\u00e1cilmente en Loot Zino.\" \/>\n<meta property=\"og:url\" content=\"https:\/\/lootzinocasino.net\/es\/inicio-de-sesion-y-registro\/\" \/>\n<meta property=\"og:site_name\" content=\"lootzino\" \/>\n<meta property=\"article:modified_time\" content=\"2025-11-18T10:02:17+00:00\" \/>\n<meta name=\"twitter:card\" content=\"summary_large_image\" \/>\n<meta name=\"twitter:label1\" content=\"Est. reading time\" \/>\n\t<meta name=\"twitter:data1\" content=\"1 minuto\" \/>\n<script type=\"application\/ld+json\" class=\"yoast-schema-graph\">{\"@context\":\"https:\\\/\\\/schema.org\",\"@graph\":[{\"@type\":\"WebPage\",\"@id\":\"https:\\\/\\\/lootzinocasino.net\\\/es\\\/inicio-de-sesion-y-registro\\\/\",\"url\":\"https:\\\/\\\/lootzinocasino.net\\\/es\\\/inicio-de-sesion-y-registro\\\/\",\"name\":\"Lootzino Login \u2013 Registro y Acceso a la Cuenta\",\"isPartOf\":{\"@id\":\"https:\\\/\\\/lootzinocasino.net\\\/es\\\/#website\"},\"datePublished\":\"2025-11-17T14:33:30+00:00\",\"dateModified\":\"2025-11-18T10:02:17+00:00\",\"description\":\"Lootzino Login \u2013 inicia sesi\u00f3n o crea tu cuenta de forma segura. Gestiona verificaci\u00f3n, recuperaci\u00f3n de contrase\u00f1a y ajustes de perfil f\u00e1cilmente en Loot Zino.\",\"breadcrumb\":{\"@id\":\"https:\\\/\\\/lootzinocasino.net\\\/es\\\/inicio-de-sesion-y-registro\\\/#breadcrumb\"},\"inLanguage\":\"es\",\"potentialAction\":[{\"@type\":\"ReadAction\",\"target\":[\"https:\\\/\\\/lootzinocasino.net\\\/es\\\/inicio-de-sesion-y-registro\\\/\"]}]},{\"@type\":\"BreadcrumbList\",\"@id\":\"https:\\\/\\\/lootzinocasino.net\\\/es\\\/inicio-de-sesion-y-registro\\\/#breadcrumb\",\"itemListElement\":[{\"@type\":\"ListItem\",\"position\":1,\"name\":\"Lootzino\",\"item\":\"https:\\\/\\\/lootzinocasino.net\\\/es\\\/\"},{\"@type\":\"ListItem\",\"position\":2,\"name\":\"Inicio de sesi\u00f3n y Registro\"}]},{\"@type\":\"WebSite\",\"@id\":\"https:\\\/\\\/lootzinocasino.net\\\/es\\\/#website\",\"url\":\"https:\\\/\\\/lootzinocasino.net\\\/es\\\/\",\"name\":\"Lootzino\",\"description\":\"\",\"publisher\":{\"@id\":\"https:\\\/\\\/lootzinocasino.net\\\/es\\\/#organization\"},\"potentialAction\":[{\"@type\":\"SearchAction\",\"target\":{\"@type\":\"EntryPoint\",\"urlTemplate\":\"https:\\\/\\\/lootzinocasino.net\\\/es\\\/?s={search_term_string}\"},\"query-input\":{\"@type\":\"PropertyValueSpecification\",\"valueRequired\":true,\"valueName\":\"search_term_string\"}}],\"inLanguage\":\"es\"},{\"@type\":\"Organization\",\"@id\":\"https:\\\/\\\/lootzinocasino.net\\\/es\\\/#organization\",\"name\":\"Lootzino\",\"url\":\"https:\\\/\\\/lootzinocasino.net\\\/es\\\/\",\"logo\":{\"@type\":\"ImageObject\",\"inLanguage\":\"es\",\"@id\":\"https:\\\/\\\/lootzinocasino.net\\\/es\\\/#\\\/schema\\\/logo\\\/image\\\/\",\"url\":\"https:\\\/\\\/lootzinocasino.net\\\/wp-content\\\/uploads\\\/2025\\\/11\\\/lootzino.svg\",\"contentUrl\":\"https:\\\/\\\/lootzinocasino.net\\\/wp-content\\\/uploads\\\/2025\\\/11\\\/lootzino.svg\",\"width\":16,\"height\":20,\"caption\":\"Lootzino\"},\"image\":{\"@id\":\"https:\\\/\\\/lootzinocasino.net\\\/es\\\/#\\\/schema\\\/logo\\\/image\\\/\"}}]}<\/script>\n<!-- \/ Yoast SEO plugin. -->","yoast_head_json":{"title":"Lootzino Login \u2013 Registro y Acceso a la Cuenta","description":"Lootzino Login \u2013 inicia sesi\u00f3n o crea tu cuenta de forma segura. Gestiona verificaci\u00f3n, recuperaci\u00f3n de contrase\u00f1a y ajustes de perfil f\u00e1cilmente en Loot Zino.","robots":{"index":"index","follow":"follow","max-snippet":"max-snippet:-1","max-image-preview":"max-image-preview:large","max-video-preview":"max-video-preview:-1"},"canonical":"https:\/\/lootzinocasino.net\/es\/inicio-de-sesion-y-registro\/","og_locale":"es_ES","og_type":"article","og_title":"Lootzino Login \u2013 Registro y Acceso a la Cuenta","og_description":"Lootzino Login \u2013 inicia sesi\u00f3n o crea tu cuenta de forma segura. Gestiona verificaci\u00f3n, recuperaci\u00f3n de contrase\u00f1a y ajustes de perfil f\u00e1cilmente en Loot Zino.","og_url":"https:\/\/lootzinocasino.net\/es\/inicio-de-sesion-y-registro\/","og_site_name":"lootzino","article_modified_time":"2025-11-18T10:02:17+00:00","twitter_card":"summary_large_image","twitter_misc":{"Est. reading time":"1 minuto"},"schema":{"@context":"https:\/\/schema.org","@graph":[{"@type":"WebPage","@id":"https:\/\/lootzinocasino.net\/es\/inicio-de-sesion-y-registro\/","url":"https:\/\/lootzinocasino.net\/es\/inicio-de-sesion-y-registro\/","name":"Lootzino Login \u2013 Registro y Acceso a la Cuenta","isPartOf":{"@id":"https:\/\/lootzinocasino.net\/es\/#website"},"datePublished":"2025-11-17T14:33:30+00:00","dateModified":"2025-11-18T10:02:17+00:00","description":"Lootzino Login \u2013 inicia sesi\u00f3n o crea tu cuenta de forma segura. Gestiona verificaci\u00f3n, recuperaci\u00f3n de contrase\u00f1a y ajustes de perfil f\u00e1cilmente en Loot Zino.","breadcrumb":{"@id":"https:\/\/lootzinocasino.net\/es\/inicio-de-sesion-y-registro\/#breadcrumb"},"inLanguage":"es","potentialAction":[{"@type":"ReadAction","target":["https:\/\/lootzinocasino.net\/es\/inicio-de-sesion-y-registro\/"]}]},{"@type":"BreadcrumbList","@id":"https:\/\/lootzinocasino.net\/es\/inicio-de-sesion-y-registro\/#breadcrumb","itemListElement":[{"@type":"ListItem","position":1,"name":"Lootzino","item":"https:\/\/lootzinocasino.net\/es\/"},{"@type":"ListItem","position":2,"name":"Inicio de sesi\u00f3n y Registro"}]},{"@type":"WebSite","@id":"https:\/\/lootzinocasino.net\/es\/#website","url":"https:\/\/lootzinocasino.net\/es\/","name":"Lootzino","description":"","publisher":{"@id":"https:\/\/lootzinocasino.net\/es\/#organization"},"potentialAction":[{"@type":"SearchAction","target":{"@type":"EntryPoint","urlTemplate":"https:\/\/lootzinocasino.net\/es\/?s={search_term_string}"},"query-input":{"@type":"PropertyValueSpecification","valueRequired":true,"valueName":"search_term_string"}}],"inLanguage":"es"},{"@type":"Organization","@id":"https:\/\/lootzinocasino.net\/es\/#organization","name":"Lootzino","url":"https:\/\/lootzinocasino.net\/es\/","logo":{"@type":"ImageObject","inLanguage":"es","@id":"https:\/\/lootzinocasino.net\/es\/#\/schema\/logo\/image\/","url":"https:\/\/lootzinocasino.net\/wp-content\/uploads\/2025\/11\/lootzino.svg","contentUrl":"https:\/\/lootzinocasino.net\/wp-content\/uploads\/2025\/11\/lootzino.svg","width":16,"height":20,"caption":"Lootzino"},"image":{"@id":"https:\/\/lootzinocasino.net\/es\/#\/schema\/logo\/image\/"}}]}},"_links":{"self":[{"href":"https:\/\/lootzinocasino.net\/es\/wp-json\/wp\/v2\/pages\/1470","targetHints":{"allow":["GET"]}}],"collection":[{"href":"https:\/\/lootzinocasino.net\/es\/wp-json\/wp\/v2\/pages"}],"about":[{"href":"https:\/\/lootzinocasino.net\/es\/wp-json\/wp\/v2\/types\/page"}],"author":[{"embeddable":true,"href":"https:\/\/lootzinocasino.net\/es\/wp-json\/wp\/v2\/users\/1"}],"replies":[{"embeddable":true,"href":"https:\/\/lootzinocasino.net\/es\/wp-json\/wp\/v2\/comments?post=1470"}],"version-history":[{"count":1,"href":"https:\/\/lootzinocasino.net\/es\/wp-json\/wp\/v2\/pages\/1470\/revisions"}],"predecessor-version":[{"id":1792,"href":"https:\/\/lootzinocasino.net\/es\/wp-json\/wp\/v2\/pages\/1470\/revisions\/1792"}],"wp:attachment":[{"href":"https:\/\/lootzinocasino.net\/es\/wp-json\/wp\/v2\/media?parent=1470"}],"curies":[{"name":"wp","href":"https:\/\/api.w.org\/{rel}","templated":true}]}}