{"id":1425,"date":"2025-11-17T14:31:34","date_gmt":"2025-11-17T14:31:34","guid":{"rendered":"https:\/\/lootzinocasino.net\/app-2\/"},"modified":"2025-11-18T10:00:43","modified_gmt":"2025-11-18T10:00:43","slug":"aplicacion","status":"publish","type":"page","link":"https:\/\/lootzinocasino.net\/es\/aplicacion\/","title":{"rendered":"Aplicaci\u00f3n"},"content":{"rendered":"<h1>Aplicaci\u00f3n Lootzino<\/h1>\n<p>Nuestra Lootzino app, la m\u00e1s avanzada tecnol\u00f3gicamente, cambia tu forma de jugar al ofrecerte un excelente casino m\u00f3vil que funciona tan bien como nuestra versi\u00f3n para ordenador. Creada con tecnolog\u00eda moderna, nuestra aplicaci\u00f3n te permite disfrutar de un emocionante mundo de juegos desde cualquier lugar. Es f\u00e1cil de usar, r\u00e1pida de navegar y mantiene tus transacciones seguras, lo que convierte a Lootzino casino en una excelente opci\u00f3n para los usuarios espa\u00f1oles que buscan comodidad y fiabilidad.<\/p>\n<div class=\"banner-wrap\" aria-label=\"Banner\"><img src=\"https:\/\/lootzinocasino.net\/wp-content\/uploads\/2025\/11\/Lootzino-banner-carousel-800\u0445400.webp\" class=\"w-100 d-none d-lg-block img-pc main-banner-img\" alt=\"Lootzino banner desktop\" fetchpriority=\"high\" decoding=\"async\"><img src=\"https:\/\/lootzinocasino.net\/wp-content\/uploads\/2025\/12\/Group-25.webp\" class=\"w-100 d-none d-md-block d-lg-none main-banner-img\" alt=\"Lootzino banner mobile\" fetchpriority=\"high\" decoding=\"async\"><img src=\"https:\/\/lootzinocasino.net\/wp-content\/uploads\/2025\/12\/Group-25.webp\" class=\"w-100 d-md-none\" alt=\"Lootzino banner mobile\" fetchpriority=\"high\" decoding=\"async\"><div class=\"banner-description\">\n<div class=\"banner-title\">Bonos de bienvenida<\/div>\n<p class=\"banner-header-title\">1500 \u20ac<\/p>\n<div class=\"banner-header-AdditionalText\">+ 250 Giros Gratis<\/div>\n<button data-item=\"homepage_banner_link\" class=\"goto m-button m-gradient-border m-button--primary m-button--large banner-button btn-orange\">\n            <div class=\"m-button-content\">\n                <span>Reg\u00edstrese ahora<\/span>\n                <span><\/span>\n            <\/div>\n        <\/button>\n<\/div>\n<div class=\"WelcomePack\">\n<p><img loading=\"lazy\" decoding=\"async\" class=\"alignnone size-full wp-image-1391\" src=\"https:\/\/lootzinocasino.net\/wp-content\/uploads\/2025\/11\/welcome-crown.svg\" alt=\"crown\" width=\"25\" height=\"26\" \/><\/p>\n<div class=\"WelcomePack-Info\">Reembolso semanal de hasta el 25 %<\/div>\n<p><img loading=\"lazy\" decoding=\"async\" class=\"alignnone size-full wp-image-1391\" src=\"https:\/\/lootzinocasino.net\/wp-content\/uploads\/2025\/11\/welcome-crown.svg\" alt=\"crown\" width=\"25\" height=\"26\" \/><\/p>\n<\/div>\n<\/div>\n<h2>Aplicaci\u00f3n Lootzino para m\u00f3viles<\/h2>\n<p>A diferencia de jugar en un PC, la aplicaci\u00f3n Lootzino es f\u00e1cil de llevar y est\u00e1 dise\u00f1ada para funcionar bien en tel\u00e9fonos y tabletas. Te ofrece los mismos gr\u00e1ficos espectaculares y muchos juegos entre los que elegir. Nos hemos asegurado de que funcione bien en Android o iOS sin errores. Las opciones m\u00f3viles de Loot Zino te garantizan una experiencia r\u00e1pida, segura y divertida. Nunca ha sido tan f\u00e1cil disfrutar de nuestras tragamonedas en l\u00ednea, juegos de casino en vivo y juegos de mesa sin perder calidad.<\/p>\n<p>La aplicaci\u00f3n Lootzino para tel\u00e9fonos y tabletas est\u00e1 dise\u00f1ada para ser lo m\u00e1s f\u00e1cil y r\u00e1pida de usar posible. Se adapta a cualquier tama\u00f1o de pantalla, por lo que es f\u00e1cil orientarse: puedes ampliar y reducir la imagen. Puedes acceder al instante a muchas de nuestras tragamonedas en l\u00ednea, juegos de casino en vivo y juegos de mesa. Todos est\u00e1n dise\u00f1ados para funcionar bien en dispositivos m\u00f3viles. Las aplicaciones de casino a veces son molestas porque se retrasan, pero con Loot Zino, tus juegos funcionan sin problemas incluso cuando hay mucha gente jugando.<\/p>\n<p>Est\u00e1 dise\u00f1ada para ser segura, con transacciones protegidas y una forma sencilla de verificar tu identidad, manteniendo tu informaci\u00f3n y tu dinero a salvo. A diferencia de jugar en un ordenador personal, la aplicaci\u00f3n Lootzino te permite llevar tus juegos contigo para jugar, por ejemplo, en el tren, de camino a casa, o para acortar el tiempo de espera en un atasco de tr\u00e1fico en el coche. Puedes jugar a tus juegos favoritos sin tener que quedarte en casa. Esto no significa que pierdas calidad; nuestra aplicaci\u00f3n sigue teniendo unos gr\u00e1ficos excelentes y funciona a la perfecci\u00f3n, lo que nos convierte en una opci\u00f3n ideal para cualquier amante de los juegos para m\u00f3viles.<\/p>\n<p><div style=\"clear: both\"><\/div><div class=\"d-flex justify-content-center\"><button data-item=\"decouvrez_link\" data-group=\"website_links\" class=\"goto fw-bold rounded-pill btn btn-orange\" aria-label=\"Descarga la aplicaci\u00f3n Lootzino\" >Descarga la aplicaci\u00f3n Lootzino<\/button><\/div><div class=\"scrollable-content-wrap my-5\"><div class=\"scrollable-content-inner\"><h2>Aplicaci\u00f3n Lootzino para Android OS<\/h2>\n<p>Nuestra aplicaci\u00f3n Lootzino para Android funciona como una aplicaci\u00f3n web PWA, por lo que no es necesario descargar ning\u00fan archivo manualmente. Esto hace que sea m\u00e1s segura y f\u00e1cil de instalar, y se actualiza autom\u00e1ticamente, lo que garantiza que siempre tengas acceso a las \u00faltimas funciones y juegos.<\/p>\n<p>Para instalarla, solo tienes que pulsar en \u00abCasino App\u00bb y te llevar\u00e1 a nuestra PWA, donde podr\u00e1s ver que ya la han descargado m\u00e1s de un mill\u00f3n de jugadores.<\/p>\n<p>Una vez instalada, aparecer\u00e1 un s\u00edmbolo de nuestro casino Lootzino en tu pantalla de inicio, lo que te permitir\u00e1 acceder r\u00e1pidamente al casino. Nuestra versi\u00f3n para Android tiene todo lo que necesitas, incluyendo transacciones con dinero real, notificaciones sobre nuevas ofertas y acceso a todos los juegos, como tragamonedas online, juegos de casino en vivo y juegos de mesa. Su aspecto y funcionamiento son muy similares a los de la versi\u00f3n para ordenador, pr\u00e1cticamente iguales, por lo que es f\u00e1cil de entender y puedes confiar en la plataforma.<\/p>\n<p>Veamos las ventajas de tener una aplicaci\u00f3n PWA de casino online:<\/p>\n<table>\n<tbody>\n<tr>\n<td>Casino Lootzino caracter\u00edsticas<\/td>\n<td>Ventajas<\/td>\n<\/tr>\n<tr>\n<td>Accesibilidad<\/td>\n<td>Funciona en cualquier dispositivo con navegador y en tel\u00e9fonos.<\/td>\n<\/tr>\n<tr>\n<td>Loot Zino actualizaciones<\/td>\n<td>Autom\u00e1tico<\/td>\n<\/tr>\n<tr>\n<td>Rendimiento<\/td>\n<td>Gran calidad<\/td>\n<\/tr>\n<tr>\n<td>Compromiso<\/td>\n<td>Notificaciones push<\/td>\n<\/tr>\n<tr>\n<td>Alcance<\/td>\n<td>Amplia compatibilidad con dispositivos<\/td>\n<\/tr>\n<\/tbody>\n<\/table>\n<h3>Bot\u00edn Dientes APK<\/h3>\n<p>Ahora que utilizamos una aplicaci\u00f3n web, Lootzino ya no utiliza archivos APK normales. Esto lo hace mucho m\u00e1s seguro para nuestros jugadores, ya que no hay que preocuparse por descargar archivos y la configuraci\u00f3n es m\u00e1s sencilla. Muchas veces, las cuentas de los tel\u00e9fonos pueden marcar las aplicaciones desconocidas y no permitir su instalaci\u00f3n. Hemos eliminado todos esos problemas.<\/p>\n<p>Puedes instalar Lootzino directamente desde tu navegador y a\u00f1adirlo r\u00e1pidamente a tu pantalla de inicio. La aplicaci\u00f3n web se actualiza autom\u00e1ticamente, por lo que siempre tendr\u00e1s las \u00faltimas funciones, seguridad y juegos. Este sencillo sistema se carga r\u00e1pidamente y funciona bien en todos los dispositivos Android, lo que te ofrece una gran experiencia de juego sin necesidad de descargar ni actualizar nada.<\/p>\n<p><img loading=\"lazy\" decoding=\"async\" src=\"https:\/\/lootzinocasino.net\/wp-content\/uploads\/2025\/11\/Lootzino-Android-App.webp\" alt=\"Lootzino Android App\" width=\"1248\" height=\"536\" \/><\/p>\n<\/div><\/div><div style=\"clear: both\"><\/div><div class=\"d-flex justify-content-center\"><button data-item=\"decouvrez_link\" data-group=\"website_links\" class=\"goto fw-bold rounded-pill btn btn-orange\" aria-label=\"Descargar Lootzino\" >Descargar Lootzino<\/button><\/div><div class=\"scrollable-content-wrap my-5\"><div class=\"scrollable-content-inner\"><h2>Aplicaci\u00f3n Lootzino para iOS<\/h2>\n<p>Para los jugadores de iPhone y iPad, Loot Zino tambi\u00e9n tiene una aplicaci\u00f3n PWA especial para casinos m\u00f3viles que puedes a\u00f1adir f\u00e1cilmente a tu pantalla de inicio. Para instalarla, solo tienes que pulsar \u00abA\u00f1adir a la pantalla de inicio\u00bb en el men\u00fa para compartir de Safari y aparecer\u00e1 un s\u00edmbolo de la aplicaci\u00f3n en la pantalla de inicio de tu dispositivo. Esto te permite acceder r\u00e1pidamente a todas nuestras tragamonedas en l\u00ednea, juegos de casino en vivo y juegos crash, todos ellos dise\u00f1ados para funcionar perfectamente en dispositivos Apple. El dise\u00f1o garantiza que no haya retrasos, con gr\u00e1ficos y animaciones creados para dispositivos Apple. Todas las transacciones est\u00e1n protegidas con encriptaci\u00f3n, y la forma de consultar tu cuenta para retiradas y dep\u00f3sitos cumple con todas las normas. La aplicaci\u00f3n Lootzino para iOS es f\u00e1cil de usar y segura. Estamos seguros de ofrecerte una experiencia de casino m\u00f3vil fiable, similar a la de usar un ordenador.<\/p>\n<p><img loading=\"lazy\" decoding=\"async\" src=\"https:\/\/lootzinocasino.net\/wp-content\/uploads\/2025\/11\/Lootzino-iOS-App.webp\" alt=\"Lootzino iOS App\" width=\"1248\" height=\"536\" \/><\/p>\n<\/div><\/div><div style=\"clear: both\"><\/div><div class=\"d-flex justify-content-center\"><button data-item=\"decouvrez_link\" data-group=\"website_links\" class=\"goto fw-bold rounded-pill btn btn-orange\" aria-label=\"Descarga la aplicaci\u00f3n Lootzino\" >Descarga la aplicaci\u00f3n Lootzino<\/button><\/div><div class=\"scrollable-content-wrap my-5\"><div class=\"scrollable-content-inner\"><h2>Loot Zino Casino versi\u00f3n de escritorio<\/h2>\n<p>Adem\u00e1s de nuestras opciones m\u00f3viles, Lootzino casino tambi\u00e9n tiene una versi\u00f3n de escritorio a la que puedes acceder desde cualquier navegador web y jugar en tu ordenador port\u00e1til o de sobremesa. Nuestra versi\u00f3n para ordenador es similar a la aplicaci\u00f3n m\u00f3vil, pero con gr\u00e1ficos a\u00fan mejores y un dise\u00f1o f\u00e1cil de usar. Puedes gestionar tu cuenta, acceder a todos los juegos (incluido jugar a las tragaperras online, repartir cartas en los juegos de casino en vivo y poner cara de p\u00f3quer en el Hold&#8217;em) y realizar transacciones seguras r\u00e1pidamente.<\/p>\n<p>Si lo deseas, puedes crear un acceso directo a Lootzino casino en tu escritorio para poder acceder a \u00e9l al instante sin tener que buscarlo. La versi\u00f3n de escritorio funciona tan bien como la aplicaci\u00f3n m\u00f3vil, por lo que siempre tendr\u00e1s una buena experiencia de juego. Nuestro equipo de asistencia est\u00e1 listo para ayudarte con cualquier pregunta t\u00e9cnica o sobre tu cuenta a trav\u00e9s del chat en vivo.<\/p>\n<h3>Rendimiento y compatibilidad<\/h3>\n<p>Las aplicaciones de Lootzino Casino est\u00e1n dise\u00f1adas para ser vers\u00e1tiles y funcionar bien. Nuestra fant\u00e1stica aplicaci\u00f3n m\u00f3vil se adapta a diferentes tama\u00f1os de pantalla, para que disfrutes de una experiencia de juego fluida en tel\u00e9fonos y tabletas. Hemos creado nuestra PWA de tal manera que se carga r\u00e1pidamente, no consume mucha bater\u00eda y se actualiza autom\u00e1ticamente. No tienes que hacer nada. Funciona en todos los principales dispositivos Android e iOS, y la probamos para asegurarnos de que sea estable y segura. La versi\u00f3n de escritorio es compatible con todos los navegadores web, incluidos Chrome, Firefox, Safari y Edge. Ofrece excelentes gr\u00e1ficos y una jugabilidad fluida. En resumen:<\/p>\n<ul>\n<li>Las cargas son r\u00e1pidas.<\/li>\n<li>Las transacciones seguras est\u00e1n protegidas por encriptaci\u00f3n SSL.<\/li>\n<li>Actualizaci\u00f3n autom\u00e1tica<\/li>\n<li>F\u00e1cil instalaci\u00f3n y acceso a todas las bibliotecas del casino Lootzino.<\/li>\n<\/ul>\n<p>Para nuestras versiones m\u00f3viles o de escritorio, en la plataforma Lootzino nos hemos asegurado de que todo funcione correctamente, con las mismas caracter\u00edsticas, seguridad y dise\u00f1o f\u00e1cil de usar.<\/p>\n<p><img loading=\"lazy\" decoding=\"async\" src=\"https:\/\/lootzinocasino.net\/wp-content\/uploads\/2025\/11\/Lootzino-Desktop.webp\" alt=\"Lootzino Desktop\" width=\"1248\" height=\"536\" \/><\/p>\n<\/div><\/div><div style=\"clear: both\"><\/div><div class=\"d-flex justify-content-center\"><button data-item=\"decouvrez_link\" data-group=\"website_links\" class=\"goto fw-bold rounded-pill btn btn-orange\" aria-label=\"Descargar Lootzino\" >Descargar Lootzino<\/button><\/div><div class=\"scrollable-content-wrap my-5\"><div class=\"scrollable-content-inner\"><h2>Preguntas frecuentes<\/h2>\n<h3>\u00bfPuedo iniciar sesi\u00f3n con los mismos datos que utilizo en el sitio web de Lootzino Casino?<\/h3>\n<p>Todo es simult\u00e1neo para todos los dispositivos que utilices en nuestra plataforma. Nuestra aplicaci\u00f3n Lootzino y nuestra plataforma de escritorio utilizan la misma informaci\u00f3n de inicio de sesi\u00f3n, por lo que puedes utilizarlas f\u00e1cilmente en cualquier dispositivo. Los datos de tu cuenta, la configuraci\u00f3n y el historial se sincronizan, por lo que tendr\u00e1s la misma experiencia independientemente de d\u00f3nde juegues.<\/p>\n<h3>\u00bfTodos los juegos de Lootzino est\u00e1n disponibles en la aplicaci\u00f3n?<\/h3>\n<p>Nuestra aplicaci\u00f3n cuenta con todos los juegos de Lootzino casino, incluyendo tragamonedas en l\u00ednea, casino en vivo y juegos de mesa. La plataforma est\u00e1 dise\u00f1ada para garantizar que los juegos funcionen sin problemas y sean f\u00e1ciles de acceder. El modo demo tambi\u00e9n funciona de la misma manera que la versi\u00f3n para PC de nuestra plataforma Loot Zino, por lo que todos los juegos est\u00e1n disponibles.<\/p>\n<h3>\u00bfNecesito la verificaci\u00f3n incluso para jugar en la aplicaci\u00f3n?<\/h3>\n<p>El proceso de verificaci\u00f3n es necesario para jugar en nuestro casino si se trata de dinero real. Pero es un procedimiento sencillo. Usted confirma su identidad mediante medidas de seguridad (envi\u00e1ndonos su pasaporte o permiso de conducir), normalmente cuando retira dinero por primera vez. Esto cumple con todas las normas y mantiene su dinero a salvo.<\/p>\n<\/div><\/div><\/p>\n","protected":false},"excerpt":{"rendered":"<p>Aplicaci\u00f3n Lootzino Nuestra Lootzino app, la m\u00e1s avanzada tecnol\u00f3gicamente, cambia tu forma de jugar al ofrecerte un excelente casino m\u00f3vil que funciona tan bien como nuestra versi\u00f3n para ordenador. Creada con tecnolog\u00eda moderna, nuestra aplicaci\u00f3n te permite disfrutar de un emocionante mundo de juegos desde cualquier lugar. Es f\u00e1cil de usar, r\u00e1pida de navegar y [&hellip;]<\/p>\n","protected":false},"author":1,"featured_media":0,"parent":0,"menu_order":0,"comment_status":"closed","ping_status":"closed","template":"template-builder.php","meta":{"_acf_changed":false,"inline_featured_image":false,"footnotes":""},"class_list":["post-1425","page","type-page","status-publish","hentry"],"acf":[],"yoast_head":"<!-- This site is optimized with the Yoast SEO plugin v27.3 - https:\/\/yoast.com\/product\/yoast-seo-wordpress\/ -->\n<title>Lootzino App para M\u00f3vil | iOS, Android<\/title>\n<meta name=\"description\" content=\"Lootzino App \u2013 juega en iOS y Android con acceso total a slots, mesas y crupieres en vivo. Disfruta de un rendimiento fluido y actualizaciones constantes en Loot Zino.\" \/>\n<meta name=\"robots\" content=\"index, follow, max-snippet:-1, max-image-preview:large, max-video-preview:-1\" \/>\n<link rel=\"canonical\" href=\"https:\/\/lootzinocasino.net\/es\/aplicacion\/\" \/>\n<meta property=\"og:locale\" content=\"es_ES\" \/>\n<meta property=\"og:type\" content=\"article\" \/>\n<meta property=\"og:title\" content=\"Lootzino App para M\u00f3vil | iOS, Android\" \/>\n<meta property=\"og:description\" content=\"Lootzino App \u2013 juega en iOS y Android con acceso total a slots, mesas y crupieres en vivo. Disfruta de un rendimiento fluido y actualizaciones constantes en Loot Zino.\" \/>\n<meta property=\"og:url\" content=\"https:\/\/lootzinocasino.net\/es\/aplicacion\/\" \/>\n<meta property=\"og:site_name\" content=\"lootzino\" \/>\n<meta property=\"article:modified_time\" content=\"2025-11-18T10:00:43+00:00\" \/>\n<meta name=\"twitter:card\" content=\"summary_large_image\" \/>\n<meta name=\"twitter:label1\" content=\"Est. reading time\" \/>\n\t<meta name=\"twitter:data1\" content=\"2 minutos\" \/>\n<script type=\"application\/ld+json\" class=\"yoast-schema-graph\">{\"@context\":\"https:\\\/\\\/schema.org\",\"@graph\":[{\"@type\":\"WebPage\",\"@id\":\"https:\\\/\\\/lootzinocasino.net\\\/es\\\/aplicacion\\\/\",\"url\":\"https:\\\/\\\/lootzinocasino.net\\\/es\\\/aplicacion\\\/\",\"name\":\"Lootzino App para M\u00f3vil | iOS, Android\",\"isPartOf\":{\"@id\":\"https:\\\/\\\/lootzinocasino.net\\\/es\\\/#website\"},\"datePublished\":\"2025-11-17T14:31:34+00:00\",\"dateModified\":\"2025-11-18T10:00:43+00:00\",\"description\":\"Lootzino App \u2013 juega en iOS y Android con acceso total a slots, mesas y crupieres en vivo. Disfruta de un rendimiento fluido y actualizaciones constantes en Loot Zino.\",\"breadcrumb\":{\"@id\":\"https:\\\/\\\/lootzinocasino.net\\\/es\\\/aplicacion\\\/#breadcrumb\"},\"inLanguage\":\"es\",\"potentialAction\":[{\"@type\":\"ReadAction\",\"target\":[\"https:\\\/\\\/lootzinocasino.net\\\/es\\\/aplicacion\\\/\"]}]},{\"@type\":\"BreadcrumbList\",\"@id\":\"https:\\\/\\\/lootzinocasino.net\\\/es\\\/aplicacion\\\/#breadcrumb\",\"itemListElement\":[{\"@type\":\"ListItem\",\"position\":1,\"name\":\"Lootzino\",\"item\":\"https:\\\/\\\/lootzinocasino.net\\\/es\\\/\"},{\"@type\":\"ListItem\",\"position\":2,\"name\":\"Aplicaci\u00f3n\"}]},{\"@type\":\"WebSite\",\"@id\":\"https:\\\/\\\/lootzinocasino.net\\\/es\\\/#website\",\"url\":\"https:\\\/\\\/lootzinocasino.net\\\/es\\\/\",\"name\":\"Lootzino\",\"description\":\"\",\"publisher\":{\"@id\":\"https:\\\/\\\/lootzinocasino.net\\\/es\\\/#organization\"},\"potentialAction\":[{\"@type\":\"SearchAction\",\"target\":{\"@type\":\"EntryPoint\",\"urlTemplate\":\"https:\\\/\\\/lootzinocasino.net\\\/es\\\/?s={search_term_string}\"},\"query-input\":{\"@type\":\"PropertyValueSpecification\",\"valueRequired\":true,\"valueName\":\"search_term_string\"}}],\"inLanguage\":\"es\"},{\"@type\":\"Organization\",\"@id\":\"https:\\\/\\\/lootzinocasino.net\\\/es\\\/#organization\",\"name\":\"Lootzino\",\"url\":\"https:\\\/\\\/lootzinocasino.net\\\/es\\\/\",\"logo\":{\"@type\":\"ImageObject\",\"inLanguage\":\"es\",\"@id\":\"https:\\\/\\\/lootzinocasino.net\\\/es\\\/#\\\/schema\\\/logo\\\/image\\\/\",\"url\":\"https:\\\/\\\/lootzinocasino.net\\\/wp-content\\\/uploads\\\/2025\\\/11\\\/lootzino.svg\",\"contentUrl\":\"https:\\\/\\\/lootzinocasino.net\\\/wp-content\\\/uploads\\\/2025\\\/11\\\/lootzino.svg\",\"width\":16,\"height\":20,\"caption\":\"Lootzino\"},\"image\":{\"@id\":\"https:\\\/\\\/lootzinocasino.net\\\/es\\\/#\\\/schema\\\/logo\\\/image\\\/\"}}]}<\/script>\n<!-- \/ Yoast SEO plugin. -->","yoast_head_json":{"title":"Lootzino App para M\u00f3vil | iOS, Android","description":"Lootzino App \u2013 juega en iOS y Android con acceso total a slots, mesas y crupieres en vivo. Disfruta de un rendimiento fluido y actualizaciones constantes en Loot Zino.","robots":{"index":"index","follow":"follow","max-snippet":"max-snippet:-1","max-image-preview":"max-image-preview:large","max-video-preview":"max-video-preview:-1"},"canonical":"https:\/\/lootzinocasino.net\/es\/aplicacion\/","og_locale":"es_ES","og_type":"article","og_title":"Lootzino App para M\u00f3vil | iOS, Android","og_description":"Lootzino App \u2013 juega en iOS y Android con acceso total a slots, mesas y crupieres en vivo. Disfruta de un rendimiento fluido y actualizaciones constantes en Loot Zino.","og_url":"https:\/\/lootzinocasino.net\/es\/aplicacion\/","og_site_name":"lootzino","article_modified_time":"2025-11-18T10:00:43+00:00","twitter_card":"summary_large_image","twitter_misc":{"Est. reading time":"2 minutos"},"schema":{"@context":"https:\/\/schema.org","@graph":[{"@type":"WebPage","@id":"https:\/\/lootzinocasino.net\/es\/aplicacion\/","url":"https:\/\/lootzinocasino.net\/es\/aplicacion\/","name":"Lootzino App para M\u00f3vil | iOS, Android","isPartOf":{"@id":"https:\/\/lootzinocasino.net\/es\/#website"},"datePublished":"2025-11-17T14:31:34+00:00","dateModified":"2025-11-18T10:00:43+00:00","description":"Lootzino App \u2013 juega en iOS y Android con acceso total a slots, mesas y crupieres en vivo. Disfruta de un rendimiento fluido y actualizaciones constantes en Loot Zino.","breadcrumb":{"@id":"https:\/\/lootzinocasino.net\/es\/aplicacion\/#breadcrumb"},"inLanguage":"es","potentialAction":[{"@type":"ReadAction","target":["https:\/\/lootzinocasino.net\/es\/aplicacion\/"]}]},{"@type":"BreadcrumbList","@id":"https:\/\/lootzinocasino.net\/es\/aplicacion\/#breadcrumb","itemListElement":[{"@type":"ListItem","position":1,"name":"Lootzino","item":"https:\/\/lootzinocasino.net\/es\/"},{"@type":"ListItem","position":2,"name":"Aplicaci\u00f3n"}]},{"@type":"WebSite","@id":"https:\/\/lootzinocasino.net\/es\/#website","url":"https:\/\/lootzinocasino.net\/es\/","name":"Lootzino","description":"","publisher":{"@id":"https:\/\/lootzinocasino.net\/es\/#organization"},"potentialAction":[{"@type":"SearchAction","target":{"@type":"EntryPoint","urlTemplate":"https:\/\/lootzinocasino.net\/es\/?s={search_term_string}"},"query-input":{"@type":"PropertyValueSpecification","valueRequired":true,"valueName":"search_term_string"}}],"inLanguage":"es"},{"@type":"Organization","@id":"https:\/\/lootzinocasino.net\/es\/#organization","name":"Lootzino","url":"https:\/\/lootzinocasino.net\/es\/","logo":{"@type":"ImageObject","inLanguage":"es","@id":"https:\/\/lootzinocasino.net\/es\/#\/schema\/logo\/image\/","url":"https:\/\/lootzinocasino.net\/wp-content\/uploads\/2025\/11\/lootzino.svg","contentUrl":"https:\/\/lootzinocasino.net\/wp-content\/uploads\/2025\/11\/lootzino.svg","width":16,"height":20,"caption":"Lootzino"},"image":{"@id":"https:\/\/lootzinocasino.net\/es\/#\/schema\/logo\/image\/"}}]}},"_links":{"self":[{"href":"https:\/\/lootzinocasino.net\/es\/wp-json\/wp\/v2\/pages\/1425","targetHints":{"allow":["GET"]}}],"collection":[{"href":"https:\/\/lootzinocasino.net\/es\/wp-json\/wp\/v2\/pages"}],"about":[{"href":"https:\/\/lootzinocasino.net\/es\/wp-json\/wp\/v2\/types\/page"}],"author":[{"embeddable":true,"href":"https:\/\/lootzinocasino.net\/es\/wp-json\/wp\/v2\/users\/1"}],"replies":[{"embeddable":true,"href":"https:\/\/lootzinocasino.net\/es\/wp-json\/wp\/v2\/comments?post=1425"}],"version-history":[{"count":2,"href":"https:\/\/lootzinocasino.net\/es\/wp-json\/wp\/v2\/pages\/1425\/revisions"}],"predecessor-version":[{"id":1791,"href":"https:\/\/lootzinocasino.net\/es\/wp-json\/wp\/v2\/pages\/1425\/revisions\/1791"}],"wp:attachment":[{"href":"https:\/\/lootzinocasino.net\/es\/wp-json\/wp\/v2\/media?parent=1425"}],"curies":[{"name":"wp","href":"https:\/\/api.w.org\/{rel}","templated":true}]}}