{"id":1466,"date":"2025-11-17T14:33:30","date_gmt":"2025-11-17T14:33:30","guid":{"rendered":"https:\/\/lootzinocasino.net\/login-and-registration\/"},"modified":"2025-11-18T08:01:38","modified_gmt":"2025-11-18T08:01:38","slug":"anmeldung-und-registrierung","status":"publish","type":"page","link":"https:\/\/lootzinocasino.net\/de\/anmeldung-und-registrierung\/","title":{"rendered":"Anmeldung und Registrierung"},"content":{"rendered":"<h1>Lootzino anmelden und registrieren<\/h1>\n<p>Die Lootzino Login erm\u00f6glicht einen schnellen und unterbrechungsfreien Zugang zu unserer Plattform f\u00fcr immersives Online-Gaming. Bei Loot Zino haben wir einen schnellen und sicheren Zugang f\u00fcr neue und wiederkehrende Spieler geschaffen, der jederzeit verf\u00fcgbar ist. Wir unterst\u00fctzen dies mit einem optimierten Registrierungssystem. Es ist so konzipiert, dass die Erstellung Ihres Kontos ganz einfach ist. Mit Lootzino Casino profitieren unsere Spieler von einer sicheren Umgebung, einer vielf\u00e4ltigen Auswahl an Spielen und Funktionen zur Kontoverwaltung.<\/p>\n<p><div class=\"banner-wrap\" aria-label=\"Banner\"><img src=\"https:\/\/lootzinocasino.net\/wp-content\/uploads\/2025\/11\/Lootzino-banner-carousel-800\u0445400.webp\" class=\"w-100 d-none d-lg-block img-pc main-banner-img\" alt=\"Lootzino banner desktop\" fetchpriority=\"high\" decoding=\"async\"><img src=\"https:\/\/lootzinocasino.net\/wp-content\/uploads\/2025\/12\/Group-25.webp\" class=\"w-100 d-none d-md-block d-lg-none main-banner-img\" alt=\"Lootzino banner mobile\" fetchpriority=\"high\" decoding=\"async\"><img src=\"https:\/\/lootzinocasino.net\/wp-content\/uploads\/2025\/12\/Group-25.webp\" class=\"w-100 d-md-none\" alt=\"Lootzino banner mobile\" fetchpriority=\"high\" decoding=\"async\"><div class=\"banner-description\">\n<div class=\"banner-title\">Willkommensboni<\/div>\n<p class=\"banner-header-title\">1500 \u20ac<\/p>\n<div class=\"banner-header-AdditionalText\">+ 250 Freispiele<\/div>\n<button data-item=\"homepage_banner_link\" class=\"goto m-button m-gradient-border m-button--primary m-button--large banner-button btn-orange\">\n            <div class=\"m-button-content\">\n                <span>Jetzt anmelden<\/span>\n                <span><\/span>\n            <\/div>\n        <\/button>\n<\/div>\n<div class=\"WelcomePack\">\n<p><img loading=\"lazy\" decoding=\"async\" class=\"alignnone size-full wp-image-1391\" src=\"https:\/\/lootzinocasino.net\/wp-content\/uploads\/2025\/11\/welcome-crown.svg\" alt=\"crown\" width=\"25\" height=\"26\" \/><\/p>\n<div class=\"WelcomePack-Info\">W\u00f6chentlicher Cashback von bis zu 25 %<\/div>\n<p><img loading=\"lazy\" decoding=\"async\" class=\"alignnone size-full wp-image-1391\" src=\"https:\/\/lootzinocasino.net\/wp-content\/uploads\/2025\/11\/welcome-crown.svg\" alt=\"crown\" width=\"25\" height=\"26\" \/><\/p>\n<\/div>\n<\/div><div class=\"scrollable-content-wrap my-5\"><div class=\"scrollable-content-inner\"><h2>Lootzino Casino Registrierungsverfahren<\/h2>\n<p>Die Registrierung eines Kontos bei Lootzino Casino er\u00f6ffnet Ihnen eine Vielzahl von Vorteilen in unserem Casino. So erhalten beispielsweise alle unsere neuen Mitglieder ein attraktives Willkommenspaket im Wert von 1.500 \u20ac mit 250 Freispielen.<\/p>\n<p>Au\u00dferdem bereiten wir gro\u00dfz\u00fcgige Einzahlungsboni vor, die in drei Teile aufgeteilt sind, wenn Sie Ihre Einzahlungen t\u00e4tigen und daf\u00fcr belohnt werden, und wir geben Ihnen auch mehr Freispiele, sodass Sie sofort mit unserer Spielbibliothek interagieren k\u00f6nnen.<\/p>\n<p>Die Registrierung gew\u00e4hrt Ihnen au\u00dferdem Zugang zu Ihrer pers\u00f6nlichen Kontoverwaltung, exklusiven Werbeaktionen und der Teilnahme an Live-Casino-Turnieren.<\/p>\n<p>Wenn Sie sich bei uns anmelden, profitieren Sie von folgenden Vorteilen:<\/p>\n<ul>\n<li>Bis zu 1.500 \u20ac Willkommensbonuspaket + 200 Freispiele<\/li>\n<li>Unbegrenzter Zugriff auf unser umfangreiches Spielportfolio<\/li>\n<li>Sichere Ein- und Auszahlungsoptionen auf dem Smartphone und auf dem Desktop<\/li>\n<li>Laufende Werbeaktionen und Treuepr\u00e4mien<\/li>\n<li>Mehrsprachiger Support f\u00fcr globale Akteure<\/li>\n<li>Effiziente Kontoverwaltung und Verifizierungsprozesse<\/li>\n<\/ul>\n<p>Alles in allem lohnt es sich also, sich bei Loot Zino anzumelden \u2013 davon k\u00f6nnen Sie sich selbst \u00fcberzeugen. Durch die Erstellung eines Lootzino-Kontos k\u00f6nnen Spieler alle Funktionen unserer Plattform in vollem Umfang nutzen, von der Verwaltung ihrer Einzahlungen bis hin zur Verfolgung ihres Spielverlaufs. Unser Loozino-Anmeldeprozess ist schnell und unkompliziert, sodass Sie ohne Verz\u00f6gerung mit dem Spielen Ihrer Lieblingsspiele beginnen k\u00f6nnen.<\/p>\n<h2>Lootzino-Anmeldung Schritte<\/h2>\n<p>Die Lootzino-Anmeldung ist ein einfacher Vorgang, der Ihnen sofortigen Zugriff auf alle Funktionen unserer Plattform erm\u00f6glicht. Die Schritte umfassen:<\/p>\n<ol>\n<li>Navigieren Sie zur oberen rechten Ecke unserer Homepage und w\u00e4hlen Sie die Schaltfl\u00e4che Lootzino-Anmeldung.<\/li>\n<li>Geben Sie Ihre registrierte E-Mail-Adresse und Ihr Passwort ein (wenn Sie das Passwort vergessen haben, lesen Sie weiter unten, wie Sie es wiederherstellen k\u00f6nnen).<\/li>\n<li>Best\u00e4tigen Sie Lootzino-Anmeldung, um auf das Konto-Dashboard zuzugreifen.<\/li>\n<\/ol>\n<p>Sobald Sie angemeldet sind, k\u00f6nnen Sie Geld einzahlen, Ihren Transaktionsverlauf einsehen, Ihre pers\u00f6nlichen Daten aktualisieren und bei Bedarf \u00fcber den Live-Chat mit unserem mehrsprachigen Support-Team in Kontakt treten. Die intuitive Benutzeroberfl\u00e4che unserer Plattform vereinfacht die Kontoverwaltung. Es ist ganz einfach, durch die verschiedenen Optionen zu navigieren, Einzahlungslimits festzulegen, den Spielverlauf einzusehen oder an Werbeaktionen teilzunehmen.<\/p>\n<p>Nachdem Sie sich angemeldet haben, stehen Ihnen eine Vielzahl n\u00fctzlicher Loot Zino Optionen zur Verf\u00fcgung:<\/p>\n<table>\n<tbody>\n<tr>\n<td>Loozino-Anmeldefunktion<\/td>\n<td>Zweck<\/td>\n<\/tr>\n<tr>\n<td>Pers\u00f6nliche Daten aktualisieren<\/td>\n<td>Pers\u00f6nliche Daten bearbeiten<\/td>\n<\/tr>\n<tr>\n<td>Einzahlungs-\/Auszahlungslimits festlegen<\/td>\n<td>Kontrollieren Sie Ihre Ausgaben<\/td>\n<\/tr>\n<tr>\n<td>Transaktions-\/Spielverlauf anzeigen<\/td>\n<td>Aktivit\u00e4ten \u00fcberpr\u00fcfen<\/td>\n<\/tr>\n<tr>\n<td>Empfehlung genie\u00dfen<\/td>\n<td>Netzwerk ausbauen, Pr\u00e4mien verdienen<\/td>\n<\/tr>\n<tr>\n<td>Werbeangebote verwalten<\/td>\n<td>Zugriff auf Boni und deren Aktivierung<\/td>\n<\/tr>\n<\/tbody>\n<\/table>\n<h3>Passwort oder Benutzername vergessen?<\/h3>\n<p>Vergesslichkeit kommt vor, und Konten bilden da keine Ausnahme. F\u00fcr den Fall, dass Sie Schwierigkeiten beim Einloggen bei Lootzino haben, bieten wir einen unkomplizierten Wiederherstellungsprozess. Benutzer k\u00f6nnen ihr Passwort zur\u00fccksetzen (klicken Sie beim Einloggen auf \u201ePasswort vergessen?\u201c) oder ihren Benutzernamen \u00fcber unsere speziellen Support-Funktionen abrufen. So ist ein kontinuierlicher Zugriff unter Einhaltung unserer hohen Sicherheitsstandards gew\u00e4hrleistet.<\/p>\n<h2>Loot Zino Zugriff auf Konto<\/h2>\n<p>Lootzino Casino legt gro\u00dfen Wert auf einen sicheren und zuverl\u00e4ssigen Kontozugang. Unser Lootzino-Login-Portal ist durch fortschrittliche Verschl\u00fcsselung (SSL-Sicherheit) gesch\u00fctzt, um die Daten der Benutzer zu sch\u00fctzen. Seien Sie sicher, dass jede Login-Sitzung vertraulich bleibt. F\u00fcr zus\u00e4tzliche Sicherheit empfehlen wir Ihnen, die Zwei-Faktor-Authentifizierung zu aktivieren, wo immer dies m\u00f6glich ist, und Ihre Kontodaten niemals an Dritte weiterzugeben. Unsere Plattform unterst\u00fctzt mehrere Sprachen und ist somit f\u00fcr Spieler weltweit zug\u00e4nglich. Bei Problemen schreiben Sie uns einfach.<\/p>\n<h2>H\u00e4ufig gestellte Fragen<\/h2>\n<h3>Ist es sicher, meine Lootzino-Anmeldedaten im Browser zu speichern?<\/h3>\n<p>Das Speichern von Anmeldedaten kann praktisch sein, birgt jedoch Sicherheitsrisiken, wenn Sie keine geeigneten Vorsichtsma\u00dfnahmen treffen. Wir empfehlen allen unseren Spielern, sichere Browser mit deaktivierter Autovervollst\u00e4ndigung zu verwenden und sich nach jeder Sitzung abzumelden, um unbefugten Zugriff zu verhindern.<\/p>\n<h3>Wie kann ich mein Lootzino Casino-Konto sch\u00fctzen?<\/h3>\n<p>Nun, wir sch\u00fctzen Sie mit SSL-Verschl\u00fcsselung. Aber auch Sie k\u00f6nnen dazu beitragen. Um Ihr Konto zu sch\u00fctzen, verwenden Sie ein starkes, einzigartiges Passwort, aktivieren Sie die Zwei-Faktor-Authentifizierung, falls verf\u00fcgbar, und vermeiden Sie es, Anmeldedaten weiterzugeben \u2013 Ihr Geburtstag oder der Ihrer Gro\u00dfmutter sind leicht zu knacken. Die regelm\u00e4\u00dfige \u00dcberpr\u00fcfung der Loot Zino Kontoaktivit\u00e4t und die Aktualisierung Ihrer Kontaktdaten erh\u00f6hen die Sicherheit zus\u00e4tzlich.<\/p>\n<h3>Warum muss ich mein Konto vor dem Einloggen verifizieren?<\/h3>\n<p>Der Verifizierungsprozess ist f\u00fcr die Best\u00e4tigung Ihrer Identit\u00e4t unerl\u00e4sslich. Wir bem\u00fchen uns, Betrug zu verhindern, und von Ihnen wird erwartet, dass Sie als Mitglied unserer Loot Zino Community die gesetzlichen Anforderungen erf\u00fcllen. Durch die Verifizierung Ihres Kontos werden au\u00dferdem alle Auszahlungsfunktionen freigeschaltet und die allgemeine Sicherheit erh\u00f6ht.<\/p>\n<\/div><\/div><\/p>\n","protected":false},"excerpt":{"rendered":"<p>Lootzino anmelden und registrieren Die Lootzino Login erm\u00f6glicht einen schnellen und unterbrechungsfreien Zugang zu unserer Plattform f\u00fcr immersives Online-Gaming. Bei Loot Zino haben wir einen schnellen und sicheren Zugang f\u00fcr neue und wiederkehrende Spieler geschaffen, der jederzeit verf\u00fcgbar ist. Wir unterst\u00fctzen dies mit einem optimierten Registrierungssystem. Es ist so konzipiert, dass die Erstellung Ihres Kontos [&hellip;]<\/p>\n","protected":false},"author":1,"featured_media":0,"parent":0,"menu_order":0,"comment_status":"closed","ping_status":"closed","template":"template-builder.php","meta":{"_acf_changed":false,"inline_featured_image":false,"footnotes":""},"class_list":["post-1466","page","type-page","status-publish","hentry"],"acf":[],"yoast_head":"<!-- This site is optimized with the Yoast SEO plugin v27.3 - https:\/\/yoast.com\/product\/yoast-seo-wordpress\/ -->\n<title>Lootzino Login \u2013 Registrierung und Kontozugang<\/title>\n<meta name=\"description\" content=\"Lootzino Login \u2013 melde dich sicher an oder registriere dein Konto in wenigen Sekunden. Verwalte Verifizierung, Passwortwiederherstellung und Einstellungen bequem bei Loot Zino.\" \/>\n<meta name=\"robots\" content=\"index, follow, max-snippet:-1, max-image-preview:large, max-video-preview:-1\" \/>\n<link rel=\"canonical\" href=\"https:\/\/lootzinocasino.net\/de\/anmeldung-und-registrierung\/\" \/>\n<meta property=\"og:locale\" content=\"de_DE\" \/>\n<meta property=\"og:type\" content=\"article\" \/>\n<meta property=\"og:title\" content=\"Lootzino Login \u2013 Registrierung und Kontozugang\" \/>\n<meta property=\"og:description\" content=\"Lootzino Login \u2013 melde dich sicher an oder registriere dein Konto in wenigen Sekunden. Verwalte Verifizierung, Passwortwiederherstellung und Einstellungen bequem bei Loot Zino.\" \/>\n<meta property=\"og:url\" content=\"https:\/\/lootzinocasino.net\/de\/anmeldung-und-registrierung\/\" \/>\n<meta property=\"og:site_name\" content=\"lootzino\" \/>\n<meta property=\"article:modified_time\" content=\"2025-11-18T08:01:38+00:00\" \/>\n<meta name=\"twitter:card\" content=\"summary_large_image\" \/>\n<meta name=\"twitter:label1\" content=\"Gesch\u00e4tzte Lesezeit\" \/>\n\t<meta name=\"twitter:data1\" content=\"1\u00a0Minute\" \/>\n<script type=\"application\/ld+json\" class=\"yoast-schema-graph\">{\"@context\":\"https:\\\/\\\/schema.org\",\"@graph\":[{\"@type\":\"WebPage\",\"@id\":\"https:\\\/\\\/lootzinocasino.net\\\/de\\\/anmeldung-und-registrierung\\\/\",\"url\":\"https:\\\/\\\/lootzinocasino.net\\\/de\\\/anmeldung-und-registrierung\\\/\",\"name\":\"Lootzino Login \u2013 Registrierung und Kontozugang\",\"isPartOf\":{\"@id\":\"https:\\\/\\\/lootzinocasino.net\\\/de\\\/#website\"},\"datePublished\":\"2025-11-17T14:33:30+00:00\",\"dateModified\":\"2025-11-18T08:01:38+00:00\",\"description\":\"Lootzino Login \u2013 melde dich sicher an oder registriere dein Konto in wenigen Sekunden. Verwalte Verifizierung, Passwortwiederherstellung und Einstellungen bequem bei Loot Zino.\",\"breadcrumb\":{\"@id\":\"https:\\\/\\\/lootzinocasino.net\\\/de\\\/anmeldung-und-registrierung\\\/#breadcrumb\"},\"inLanguage\":\"de\",\"potentialAction\":[{\"@type\":\"ReadAction\",\"target\":[\"https:\\\/\\\/lootzinocasino.net\\\/de\\\/anmeldung-und-registrierung\\\/\"]}]},{\"@type\":\"BreadcrumbList\",\"@id\":\"https:\\\/\\\/lootzinocasino.net\\\/de\\\/anmeldung-und-registrierung\\\/#breadcrumb\",\"itemListElement\":[{\"@type\":\"ListItem\",\"position\":1,\"name\":\"Lootzino\",\"item\":\"https:\\\/\\\/lootzinocasino.net\\\/de\\\/\"},{\"@type\":\"ListItem\",\"position\":2,\"name\":\"Anmeldung und Registrierung\"}]},{\"@type\":\"WebSite\",\"@id\":\"https:\\\/\\\/lootzinocasino.net\\\/de\\\/#website\",\"url\":\"https:\\\/\\\/lootzinocasino.net\\\/de\\\/\",\"name\":\"Lootzino\",\"description\":\"\",\"publisher\":{\"@id\":\"https:\\\/\\\/lootzinocasino.net\\\/de\\\/#organization\"},\"potentialAction\":[{\"@type\":\"SearchAction\",\"target\":{\"@type\":\"EntryPoint\",\"urlTemplate\":\"https:\\\/\\\/lootzinocasino.net\\\/de\\\/?s={search_term_string}\"},\"query-input\":{\"@type\":\"PropertyValueSpecification\",\"valueRequired\":true,\"valueName\":\"search_term_string\"}}],\"inLanguage\":\"de\"},{\"@type\":\"Organization\",\"@id\":\"https:\\\/\\\/lootzinocasino.net\\\/de\\\/#organization\",\"name\":\"Lootzino\",\"url\":\"https:\\\/\\\/lootzinocasino.net\\\/de\\\/\",\"logo\":{\"@type\":\"ImageObject\",\"inLanguage\":\"de\",\"@id\":\"https:\\\/\\\/lootzinocasino.net\\\/de\\\/#\\\/schema\\\/logo\\\/image\\\/\",\"url\":\"https:\\\/\\\/lootzinocasino.net\\\/wp-content\\\/uploads\\\/2025\\\/11\\\/lootzino.svg\",\"contentUrl\":\"https:\\\/\\\/lootzinocasino.net\\\/wp-content\\\/uploads\\\/2025\\\/11\\\/lootzino.svg\",\"width\":16,\"height\":20,\"caption\":\"Lootzino\"},\"image\":{\"@id\":\"https:\\\/\\\/lootzinocasino.net\\\/de\\\/#\\\/schema\\\/logo\\\/image\\\/\"}}]}<\/script>\n<!-- \/ Yoast SEO plugin. -->","yoast_head_json":{"title":"Lootzino Login \u2013 Registrierung und Kontozugang","description":"Lootzino Login \u2013 melde dich sicher an oder registriere dein Konto in wenigen Sekunden. Verwalte Verifizierung, Passwortwiederherstellung und Einstellungen bequem bei Loot Zino.","robots":{"index":"index","follow":"follow","max-snippet":"max-snippet:-1","max-image-preview":"max-image-preview:large","max-video-preview":"max-video-preview:-1"},"canonical":"https:\/\/lootzinocasino.net\/de\/anmeldung-und-registrierung\/","og_locale":"de_DE","og_type":"article","og_title":"Lootzino Login \u2013 Registrierung und Kontozugang","og_description":"Lootzino Login \u2013 melde dich sicher an oder registriere dein Konto in wenigen Sekunden. Verwalte Verifizierung, Passwortwiederherstellung und Einstellungen bequem bei Loot Zino.","og_url":"https:\/\/lootzinocasino.net\/de\/anmeldung-und-registrierung\/","og_site_name":"lootzino","article_modified_time":"2025-11-18T08:01:38+00:00","twitter_card":"summary_large_image","twitter_misc":{"Gesch\u00e4tzte Lesezeit":"1\u00a0Minute"},"schema":{"@context":"https:\/\/schema.org","@graph":[{"@type":"WebPage","@id":"https:\/\/lootzinocasino.net\/de\/anmeldung-und-registrierung\/","url":"https:\/\/lootzinocasino.net\/de\/anmeldung-und-registrierung\/","name":"Lootzino Login \u2013 Registrierung und Kontozugang","isPartOf":{"@id":"https:\/\/lootzinocasino.net\/de\/#website"},"datePublished":"2025-11-17T14:33:30+00:00","dateModified":"2025-11-18T08:01:38+00:00","description":"Lootzino Login \u2013 melde dich sicher an oder registriere dein Konto in wenigen Sekunden. Verwalte Verifizierung, Passwortwiederherstellung und Einstellungen bequem bei Loot Zino.","breadcrumb":{"@id":"https:\/\/lootzinocasino.net\/de\/anmeldung-und-registrierung\/#breadcrumb"},"inLanguage":"de","potentialAction":[{"@type":"ReadAction","target":["https:\/\/lootzinocasino.net\/de\/anmeldung-und-registrierung\/"]}]},{"@type":"BreadcrumbList","@id":"https:\/\/lootzinocasino.net\/de\/anmeldung-und-registrierung\/#breadcrumb","itemListElement":[{"@type":"ListItem","position":1,"name":"Lootzino","item":"https:\/\/lootzinocasino.net\/de\/"},{"@type":"ListItem","position":2,"name":"Anmeldung und Registrierung"}]},{"@type":"WebSite","@id":"https:\/\/lootzinocasino.net\/de\/#website","url":"https:\/\/lootzinocasino.net\/de\/","name":"Lootzino","description":"","publisher":{"@id":"https:\/\/lootzinocasino.net\/de\/#organization"},"potentialAction":[{"@type":"SearchAction","target":{"@type":"EntryPoint","urlTemplate":"https:\/\/lootzinocasino.net\/de\/?s={search_term_string}"},"query-input":{"@type":"PropertyValueSpecification","valueRequired":true,"valueName":"search_term_string"}}],"inLanguage":"de"},{"@type":"Organization","@id":"https:\/\/lootzinocasino.net\/de\/#organization","name":"Lootzino","url":"https:\/\/lootzinocasino.net\/de\/","logo":{"@type":"ImageObject","inLanguage":"de","@id":"https:\/\/lootzinocasino.net\/de\/#\/schema\/logo\/image\/","url":"https:\/\/lootzinocasino.net\/wp-content\/uploads\/2025\/11\/lootzino.svg","contentUrl":"https:\/\/lootzinocasino.net\/wp-content\/uploads\/2025\/11\/lootzino.svg","width":16,"height":20,"caption":"Lootzino"},"image":{"@id":"https:\/\/lootzinocasino.net\/de\/#\/schema\/logo\/image\/"}}]}},"_links":{"self":[{"href":"https:\/\/lootzinocasino.net\/de\/wp-json\/wp\/v2\/pages\/1466","targetHints":{"allow":["GET"]}}],"collection":[{"href":"https:\/\/lootzinocasino.net\/de\/wp-json\/wp\/v2\/pages"}],"about":[{"href":"https:\/\/lootzinocasino.net\/de\/wp-json\/wp\/v2\/types\/page"}],"author":[{"embeddable":true,"href":"https:\/\/lootzinocasino.net\/de\/wp-json\/wp\/v2\/users\/1"}],"replies":[{"embeddable":true,"href":"https:\/\/lootzinocasino.net\/de\/wp-json\/wp\/v2\/comments?post=1466"}],"version-history":[{"count":2,"href":"https:\/\/lootzinocasino.net\/de\/wp-json\/wp\/v2\/pages\/1466\/revisions"}],"predecessor-version":[{"id":1613,"href":"https:\/\/lootzinocasino.net\/de\/wp-json\/wp\/v2\/pages\/1466\/revisions\/1613"}],"wp:attachment":[{"href":"https:\/\/lootzinocasino.net\/de\/wp-json\/wp\/v2\/media?parent=1466"}],"curies":[{"name":"wp","href":"https:\/\/api.w.org\/{rel}","templated":true}]}}