{"id":1418,"date":"2025-11-17T14:31:34","date_gmt":"2025-11-17T14:31:34","guid":{"rendered":"https:\/\/lootzinocasino.net\/app-2\/"},"modified":"2025-11-18T07:52:19","modified_gmt":"2025-11-18T07:52:19","slug":"app-2","status":"publish","type":"page","link":"https:\/\/lootzinocasino.net\/de\/app-2\/","title":{"rendered":"App"},"content":{"rendered":"<h1>Lootzino App<\/h1>\n<p>Unsere technologisch ausgereifte Lootzino App ver\u00e4ndert die Art und Weise, wie Sie Spiele spielen, indem sie Ihnen ein gro\u00dfartiges mobiles Casino bietet, das genauso gut funktioniert wie unsere Desktop-Version. Dank modernster Technologie k\u00f6nnen Sie mit unserer App von \u00fcberall aus eine aufregende Spielwelt genie\u00dfen. Sie ist benutzerfreundlich, schnell zu bedienen und sorgt f\u00fcr sichere Transaktionen, was das Lootzino Casino zu einer gro\u00dfartigen Wahl f\u00fcr alle macht, die Komfort und Zuverl\u00e4ssigkeit suchen.<\/p>\n<div class=\"banner-wrap\" aria-label=\"Banner\"><img src=\"https:\/\/lootzinocasino.net\/wp-content\/uploads\/2025\/11\/Lootzino-banner-carousel-800\u0445400.webp\" class=\"w-100 d-none d-lg-block img-pc main-banner-img\" alt=\"Lootzino banner desktop\" fetchpriority=\"high\" decoding=\"async\"><img src=\"https:\/\/lootzinocasino.net\/wp-content\/uploads\/2025\/12\/Group-25.webp\" class=\"w-100 d-none d-md-block d-lg-none main-banner-img\" alt=\"Lootzino banner mobile\" fetchpriority=\"high\" decoding=\"async\"><img src=\"https:\/\/lootzinocasino.net\/wp-content\/uploads\/2025\/12\/Group-25.webp\" class=\"w-100 d-md-none\" alt=\"Lootzino banner mobile\" fetchpriority=\"high\" decoding=\"async\"><div class=\"banner-description\">\n<div class=\"banner-title\">Willkommensboni<\/div>\n<p class=\"banner-header-title\">1500 \u20ac<\/p>\n<div class=\"banner-header-AdditionalText\">+ 250 Freispiele<\/div>\n<button data-item=\"homepage_banner_link\" class=\"goto m-button m-gradient-border m-button--primary m-button--large banner-button btn-orange\">\n            <div class=\"m-button-content\">\n                <span>Jetzt anmelden<\/span>\n                <span><\/span>\n            <\/div>\n        <\/button>\n<\/div>\n<div class=\"WelcomePack\">\n<p><img loading=\"lazy\" decoding=\"async\" class=\"alignnone size-full wp-image-1391\" src=\"https:\/\/lootzinocasino.net\/wp-content\/uploads\/2025\/11\/welcome-crown.svg\" alt=\"crown\" width=\"25\" height=\"26\" \/><\/p>\n<div class=\"WelcomePack-Info\">W\u00f6chentlicher Cashback von bis zu 25 %<\/div>\n<p><img loading=\"lazy\" decoding=\"async\" class=\"alignnone size-full wp-image-1391\" src=\"https:\/\/lootzinocasino.net\/wp-content\/uploads\/2025\/11\/welcome-crown.svg\" alt=\"crown\" width=\"25\" height=\"26\" \/><\/p>\n<\/div>\n<\/div>\n<h2>Lootzino App f\u00fcr Mobilger\u00e4te<\/h2>\n<p>Im Gegensatz zum Spielen auf einem PC ist die Lootzino-App leicht zu transportieren und funktioniert gut auf Smartphones und Tablets. Sie bietet Ihnen die gleiche gro\u00dfartige Grafik und eine gro\u00dfe Auswahl an Spielen. Wir haben daf\u00fcr gesorgt, dass sie auf Android- und iOS-Ger\u00e4ten ohne Fehler l\u00e4uft. Die mobilen Optionen von Loot Zino sorgen daf\u00fcr, dass Sie schnell, sicher und unterhaltsam spielen k\u00f6nnen. Es war noch nie so einfach, unsere Online-Slots, Live-Casinospiele und Tischspiele ohne Qualit\u00e4tseinbu\u00dfen zu genie\u00dfen.<\/p>\n<p>Die Lootzino-App f\u00fcr Smartphones und Tablets ist so einfach und schnell wie m\u00f6glich zu bedienen. Sie passt sich an jede Bildschirmgr\u00f6\u00dfe an, sodass Sie sich leicht zurechtfinden \u2013 Sie k\u00f6nnen hinein- und herauszoomen. Sie haben sofort Zugriff auf viele unserer Online-Slots, Live-Casinospiele und Tischspiele. Alle sind f\u00fcr die optimale Nutzung auf Mobilger\u00e4ten ausgelegt. Casino-Apps sind manchmal nervig, weil sie verz\u00f6gert reagieren, aber mit Loot Zino laufen Ihre Spiele auch dann reibungslos, wenn viele Leute gleichzeitig spielen.<\/p>\n<p>Es ist auf Sicherheit ausgelegt, mit gesch\u00fctzten Transaktionen und einer einfachen M\u00f6glichkeit, Ihre Identit\u00e4t zu \u00fcberpr\u00fcfen, sodass Ihre Daten und Ihr Geld sicher sind. Im Gegensatz zum Spielen auf einem PC k\u00f6nnen Sie mit der Lootzino-App Ihre Spiele mitnehmen und beispielsweise im Zug auf dem Weg nach Hause spielen oder die Wartezeit im Stau im Auto verk\u00fcrzen. Sie k\u00f6nnen Ihre Lieblingsspiele spielen, ohne zu Hause bleiben zu m\u00fcssen. Das bedeutet nicht, dass Sie an Qualit\u00e4t einb\u00fc\u00dfen; unsere App bietet weiterhin eine hervorragende Grafik und funktioniert einwandfrei, was uns zu einer gro\u00dfartigen Wahl f\u00fcr alle macht, die mobiles Gaming lieben.<\/p>\n<p><div style=\"clear: both\"><\/div><div class=\"d-flex justify-content-center\"><button data-item=\"decouvrez_link\" data-group=\"website_links\" class=\"goto fw-bold rounded-pill btn btn-orange\" aria-label=\"Lootzino-App herunterladen\" >Lootzino-App herunterladen<\/button><\/div><div class=\"scrollable-content-wrap my-5\"><div class=\"scrollable-content-inner\"><h2>Lootzino-App f\u00fcr Android OS<\/h2>\n<p>Unsere Lootzino-App f\u00fcr Android funktioniert als Web-App PWA, sodass Sie keine Dateien manuell herunterladen m\u00fcssen. Dadurch ist die Installation sicherer und einfacher, und die App wird automatisch aktualisiert, sodass Sie immer Zugriff auf die neuesten Funktionen und Spiele haben.<\/p>\n<p>Zum Installieren tippen Sie einfach auf \u201eCasino App\u201c und Sie werden zu unserer PWA weitergeleitet, wo Sie sehen k\u00f6nnen, dass bereits mehr als 1 Million andere Spieler sie heruntergeladen haben!<\/p>\n<p>Sobald es installiert ist, erscheint ein Symbol unseres Lootzino Casinos auf Ihrem Startbildschirm, \u00fcber das Sie schnell zum Casino gelangen. Unsere Android-Version bietet Ihnen alles, was Sie brauchen, einschlie\u00dflich Echtgeldtransaktionen, Benachrichtigungen \u00fcber neue Angebote und Zugriff auf alle Spiele, wie Online-Slots, Live-Casino-Spiele und Tischspiele. Sie sieht aus und funktioniert \u00e4hnlich wie die Desktop-Version \u2013 praktisch identisch \u2013, sodass sie leicht zu verstehen ist und Sie der Plattform vertrauen k\u00f6nnen.<\/p>\n<p>Sehen wir uns die Vorteile einer PWA-App f\u00fcr Online-Casinos einmal genauer an:<\/p>\n<table>\n<tbody>\n<tr>\n<td>Lootzino Casino Eigenschaften<\/td>\n<td>Vorteile<\/td>\n<\/tr>\n<tr>\n<td>Barrierefreiheit<\/td>\n<td>Funktioniert auf jedem Ger\u00e4t mit einem Browser und auf Mobiltelefonen<\/td>\n<\/tr>\n<tr>\n<td>Loot Zino Updates<\/td>\n<td>Automatisch<\/td>\n<\/tr>\n<tr>\n<td>Leistung<\/td>\n<td>Hervorragende Qualit\u00e4t<\/td>\n<\/tr>\n<tr>\n<td>Verpflichtung<\/td>\n<td>Push-Benachrichtigungen<\/td>\n<\/tr>\n<tr>\n<td>Reichweite<\/td>\n<td>Breite Ger\u00e4tekompatibilit\u00e4t<\/td>\n<\/tr>\n<\/tbody>\n<\/table>\n<h3>Beute Z\u00e4hne APK<\/h3>\n<p>Da wir nun eine Web-App verwenden, Lootzino verwendet keine regul\u00e4ren APK-Dateien mehr. Dies macht es f\u00fcr unsere Spieler viel sicherer, da Sie sich keine Gedanken \u00fcber das Herunterladen von Dateien machen m\u00fcssen, und es vereinfacht die Einrichtung. Oftmals markieren Ihre Telefonkonten unbekannte Apps und lassen Sie diese nicht installieren. Wir haben all diese Probleme beseitigt.<\/p>\n<p>Sie k\u00f6nnen Lootzino direkt \u00fcber Ihren Browser installieren und schnell zu Ihrem Startbildschirm hinzuf\u00fcgen. Die Web-App aktualisiert sich selbst, sodass Sie immer \u00fcber die neuesten Funktionen, Sicherheitsvorkehrungen und Spiele verf\u00fcgen. Dieses einfache System l\u00e4dt schnell und funktioniert gut auf allen Android-Ger\u00e4ten, sodass Sie ein gro\u00dfartiges Spielerlebnis genie\u00dfen k\u00f6nnen, ohne etwas herunterladen oder aktualisieren zu m\u00fcssen.<\/p>\n<p><img loading=\"lazy\" decoding=\"async\" src=\"https:\/\/lootzinocasino.net\/wp-content\/uploads\/2025\/11\/Lootzino-Android-App.webp\" alt=\"Lootzino Android App\" width=\"1248\" height=\"536\" \/><\/p>\n<\/div><\/div><div style=\"clear: both\"><\/div><div class=\"d-flex justify-content-center\"><button data-item=\"decouvrez_link\" data-group=\"website_links\" class=\"goto fw-bold rounded-pill btn btn-orange\" aria-label=\"Lootzino herunterladen\" >Lootzino herunterladen<\/button><\/div><div class=\"scrollable-content-wrap my-5\"><div class=\"scrollable-content-inner\"><h2>Lootzino App f\u00fcr iOS<\/h2>\n<p>F\u00fcr unsere iPhone- und iPad-Spieler bietet Loot Zino auch eine spezielle mobile Casino-PWA-App, die Sie ganz einfach zu Ihrem Startbildschirm hinzuf\u00fcgen k\u00f6nnen. Um sie zu installieren, tippen Sie einfach im Safari-Freigabemen\u00fc auf \u201eZum Startbildschirm hinzuf\u00fcgen\u201d und schon erscheint ein App-Symbol auf dem Startbildschirm Ihres Ger\u00e4ts. So haben Sie wie gewohnt schnellen Zugriff auf alle unsere Online-Slots, Live-Casino-Spiele und Crash-Spiele, die alle perfekt auf Apple-Ger\u00e4ten funktionieren. Das Design sorgt daf\u00fcr, dass es keine Verz\u00f6gerungen gibt, da die Grafiken und Animationen speziell f\u00fcr Apple-Ger\u00e4te entwickelt wurden. Alle Transaktionen sind durch Verschl\u00fcsselung gesch\u00fctzt, und die \u00dcberpr\u00fcfung Ihres Kontos auf Auszahlungen und Einzahlungen erfolgt gem\u00e4\u00df allen Vorschriften. Die Lootzino-App f\u00fcr iOS ist benutzerfreundlich und sicher. Wir bieten Ihnen ein zuverl\u00e4ssiges mobiles Casino-Erlebnis, das dem eines Computers in nichts nachsteht.<\/p>\n<p><img loading=\"lazy\" decoding=\"async\" src=\"https:\/\/lootzinocasino.net\/wp-content\/uploads\/2025\/11\/Lootzino-iOS-App.webp\" alt=\"Lootzino iOS App\" width=\"1248\" height=\"536\" \/><\/p>\n<\/div><\/div><div style=\"clear: both\"><\/div><div class=\"d-flex justify-content-center\"><button data-item=\"decouvrez_link\" data-group=\"website_links\" class=\"goto fw-bold rounded-pill btn btn-orange\" aria-label=\"Lootzino-App herunterladen\" >Lootzino-App herunterladen<\/button><\/div><div class=\"scrollable-content-wrap my-5\"><div class=\"scrollable-content-inner\"><h2>Loot Zino Casino Desktop-Version<\/h2>\n<p>Neben unseren mobilen Optionen bietet Lootzino Casino auch eine Desktop-Version, auf die Sie \u00fcber jeden Webbrowser zugreifen und auf Ihrem Laptop oder Desktop spielen k\u00f6nnen. Unsere Desktop-Version sieht aus wie die mobile App, bietet jedoch eine noch bessere Grafik und ein benutzerfreundliches Design. Sie k\u00f6nnen Ihr Konto verwalten, auf alle Spiele zugreifen \u2013 einschlie\u00dflich Online-Slots, Live-Casino-Spiele und Hold&#8217;em-Poker \u2013 und schnell sichere Transaktionen durchf\u00fchren.<\/p>\n<p>Wenn Sie m\u00f6chten, k\u00f6nnen Sie eine Verkn\u00fcpfung zu Lootzino Casino auf Ihrem Desktop erstellen, damit Sie sofort darauf zugreifen k\u00f6nnen, ohne danach suchen zu m\u00fcssen. Die Desktop-Version funktioniert genauso gut wie die mobile App, sodass Sie immer ein gutes Spielerlebnis haben. Unser Support-Team steht Ihnen bei allen technischen Fragen oder Fragen zu Ihrem Konto \u00fcber den Live-Chat zur Verf\u00fcgung.<\/p>\n<h3>Leistung und Kompatibilit\u00e4t<\/h3>\n<p>Die Apps von Lootzino Casino sind vielseitig und funktionieren einwandfrei. Unsere coole mobile App passt sich an verschiedene Bildschirmgr\u00f6\u00dfen an, sodass Sie ein reibungsloses Spielerlebnis auf Smartphones und Tablets genie\u00dfen k\u00f6nnen. Wir haben unsere PWA so gestaltet, dass sie schnell l\u00e4dt, wenig Akku verbraucht und sich automatisch aktualisiert. Sie m\u00fcssen selbst nichts tun. Sie funktioniert auf allen g\u00e4ngigen Android- und iOS-Ger\u00e4ten und wir testen sie, um sicherzustellen, dass sie stabil und sicher ist. Die Desktop-Version ist mit allen Webbrowsern kompatibel, einschlie\u00dflich Chrome, Firefox, Safari und Edge. Sie bietet gro\u00dfartige Grafiken und ein fl\u00fcssiges Spielerlebnis. Zusammenfassend l\u00e4sst sich sagen:<\/p>\n<ul>\n<li>Die Ladezeiten sind schnell.<\/li>\n<li>Sichere Transaktionen werden durch SSL-Verschl\u00fcsselung gesch\u00fctzt.<\/li>\n<li>Automatische Selbstaktualisierung<\/li>\n<li>Einfache Installation und Zugriff auf alle Lootzino Casino Bibliotheken<\/li>\n<\/ul>\n<p>F\u00fcr unsere Mobil- und Desktop-Versionen haben wir bei Lootzino daf\u00fcr gesorgt, dass alles reibungslos funktioniert und die gleichen Funktionen, Sicherheitsmerkmale und das gleiche benutzerfreundliche Design bietet.<\/p>\n<p><img loading=\"lazy\" decoding=\"async\" src=\"https:\/\/lootzinocasino.net\/wp-content\/uploads\/2025\/11\/Lootzino-Desktop.webp\" alt=\"Lootzino Desktop\" width=\"1248\" height=\"536\" \/><\/p>\n<\/div><\/div><div style=\"clear: both\"><\/div><div class=\"d-flex justify-content-center\"><button data-item=\"decouvrez_link\" data-group=\"website_links\" class=\"goto fw-bold rounded-pill btn btn-orange\" aria-label=\"Lootzino herunterladen\" >Lootzino herunterladen<\/button><\/div><div class=\"scrollable-content-wrap my-5\"><div class=\"scrollable-content-inner\"><h2>H\u00e4ufig gestellte Fragen<\/h2>\n<h3>Kann ich mich mit denselben Daten anmelden, die ich auf der Website von Lootzino Casino verwende?<\/h3>\n<p>Dies gilt gleichzeitig f\u00fcr alle Ger\u00e4te, die Sie auf unserer Plattform verwenden. Unsere Lootzino-App und Desktop-Plattform verwenden dieselben Anmeldedaten, sodass Sie sie problemlos auf jedem Ger\u00e4t nutzen k\u00f6nnen. Ihre Kontodaten, Einstellungen und Ihr Verlauf werden synchronisiert, sodass Sie unabh\u00e4ngig davon, wo Sie spielen, immer dasselbe Erlebnis haben.<\/p>\n<h3>Sind alle Lootzino-Spiele in der App verf\u00fcgbar?<\/h3>\n<p>Unsere App bietet alle Spiele von Lootzino Casino, darunter Online-Slots, Live-Casino und Tischspiele. Die Plattform ist so konzipiert, dass die Spiele reibungslos laufen und leicht zug\u00e4nglich sind. Der Demo-Modus funktioniert genauso wie die PC-Version unserer Loot Zino Plattform, sodass alle Spiele verf\u00fcgbar sind.<\/p>\n<h3>Ben\u00f6tige ich auch f\u00fcr das Spielen in der App eine Verifizierung?<\/h3>\n<p>Der Verifizierungsprozess ist erforderlich, um in unserem Casino um echtes Geld zu spielen. Es handelt sich jedoch um ein einfaches Verfahren. Sie best\u00e4tigen Ihre Identit\u00e4t durch Sicherheitsma\u00dfnahmen (indem Sie uns Ihren Reisepass oder F\u00fchrerschein zusenden), in der Regel wenn Sie zum ersten Mal Geld abheben. Dies entspricht allen Vorschriften und sch\u00fctzt Ihr Geld.<\/p>\n<\/div><\/div><\/p>\n","protected":false},"excerpt":{"rendered":"<p>Lootzino App Unsere technologisch ausgereifte Lootzino App ver\u00e4ndert die Art und Weise, wie Sie Spiele spielen, indem sie Ihnen ein gro\u00dfartiges mobiles Casino bietet, das genauso gut funktioniert wie unsere Desktop-Version. Dank modernster Technologie k\u00f6nnen Sie mit unserer App von \u00fcberall aus eine aufregende Spielwelt genie\u00dfen. Sie ist benutzerfreundlich, schnell zu bedienen und sorgt f\u00fcr [&hellip;]<\/p>\n","protected":false},"author":1,"featured_media":0,"parent":0,"menu_order":0,"comment_status":"closed","ping_status":"closed","template":"template-builder.php","meta":{"_acf_changed":false,"inline_featured_image":false,"footnotes":""},"class_list":["post-1418","page","type-page","status-publish","hentry"],"acf":[],"yoast_head":"<!-- This site is optimized with the Yoast SEO plugin v27.3 - https:\/\/yoast.com\/product\/yoast-seo-wordpress\/ -->\n<title>Lootzino App f\u00fcr Mobile | iOS, Android<\/title>\n<meta name=\"description\" content=\"Lootzino App \u2013 spiele Casinospiele auf iOS und Android mit vollem Zugriff auf Slots, Tische und Live-Dealer. Genie\u00dfe fl\u00fcssiges Gameplay, schnelle Synchronisierung und Echtzeit-Updates bei Loot Zino.\" \/>\n<meta name=\"robots\" content=\"index, follow, max-snippet:-1, max-image-preview:large, max-video-preview:-1\" \/>\n<link rel=\"canonical\" href=\"https:\/\/lootzinocasino.net\/de\/app-2\/\" \/>\n<meta property=\"og:locale\" content=\"de_DE\" \/>\n<meta property=\"og:type\" content=\"article\" \/>\n<meta property=\"og:title\" content=\"Lootzino App f\u00fcr Mobile | iOS, Android\" \/>\n<meta property=\"og:description\" content=\"Lootzino App \u2013 spiele Casinospiele auf iOS und Android mit vollem Zugriff auf Slots, Tische und Live-Dealer. Genie\u00dfe fl\u00fcssiges Gameplay, schnelle Synchronisierung und Echtzeit-Updates bei Loot Zino.\" \/>\n<meta property=\"og:url\" content=\"https:\/\/lootzinocasino.net\/de\/app-2\/\" \/>\n<meta property=\"og:site_name\" content=\"lootzino\" \/>\n<meta property=\"article:modified_time\" content=\"2025-11-18T07:52:19+00:00\" \/>\n<meta name=\"twitter:card\" content=\"summary_large_image\" \/>\n<meta name=\"twitter:label1\" content=\"Gesch\u00e4tzte Lesezeit\" \/>\n\t<meta name=\"twitter:data1\" content=\"2\u00a0Minuten\" \/>\n<script type=\"application\/ld+json\" class=\"yoast-schema-graph\">{\"@context\":\"https:\\\/\\\/schema.org\",\"@graph\":[{\"@type\":\"WebPage\",\"@id\":\"https:\\\/\\\/lootzinocasino.net\\\/de\\\/app-2\\\/\",\"url\":\"https:\\\/\\\/lootzinocasino.net\\\/de\\\/app-2\\\/\",\"name\":\"Lootzino App f\u00fcr Mobile | iOS, Android\",\"isPartOf\":{\"@id\":\"https:\\\/\\\/lootzinocasino.net\\\/de\\\/#website\"},\"datePublished\":\"2025-11-17T14:31:34+00:00\",\"dateModified\":\"2025-11-18T07:52:19+00:00\",\"description\":\"Lootzino App \u2013 spiele Casinospiele auf iOS und Android mit vollem Zugriff auf Slots, Tische und Live-Dealer. Genie\u00dfe fl\u00fcssiges Gameplay, schnelle Synchronisierung und Echtzeit-Updates bei Loot Zino.\",\"breadcrumb\":{\"@id\":\"https:\\\/\\\/lootzinocasino.net\\\/de\\\/app-2\\\/#breadcrumb\"},\"inLanguage\":\"de\",\"potentialAction\":[{\"@type\":\"ReadAction\",\"target\":[\"https:\\\/\\\/lootzinocasino.net\\\/de\\\/app-2\\\/\"]}]},{\"@type\":\"BreadcrumbList\",\"@id\":\"https:\\\/\\\/lootzinocasino.net\\\/de\\\/app-2\\\/#breadcrumb\",\"itemListElement\":[{\"@type\":\"ListItem\",\"position\":1,\"name\":\"Lootzino\",\"item\":\"https:\\\/\\\/lootzinocasino.net\\\/de\\\/\"},{\"@type\":\"ListItem\",\"position\":2,\"name\":\"App\"}]},{\"@type\":\"WebSite\",\"@id\":\"https:\\\/\\\/lootzinocasino.net\\\/de\\\/#website\",\"url\":\"https:\\\/\\\/lootzinocasino.net\\\/de\\\/\",\"name\":\"Lootzino\",\"description\":\"\",\"publisher\":{\"@id\":\"https:\\\/\\\/lootzinocasino.net\\\/de\\\/#organization\"},\"potentialAction\":[{\"@type\":\"SearchAction\",\"target\":{\"@type\":\"EntryPoint\",\"urlTemplate\":\"https:\\\/\\\/lootzinocasino.net\\\/de\\\/?s={search_term_string}\"},\"query-input\":{\"@type\":\"PropertyValueSpecification\",\"valueRequired\":true,\"valueName\":\"search_term_string\"}}],\"inLanguage\":\"de\"},{\"@type\":\"Organization\",\"@id\":\"https:\\\/\\\/lootzinocasino.net\\\/de\\\/#organization\",\"name\":\"Lootzino\",\"url\":\"https:\\\/\\\/lootzinocasino.net\\\/de\\\/\",\"logo\":{\"@type\":\"ImageObject\",\"inLanguage\":\"de\",\"@id\":\"https:\\\/\\\/lootzinocasino.net\\\/de\\\/#\\\/schema\\\/logo\\\/image\\\/\",\"url\":\"https:\\\/\\\/lootzinocasino.net\\\/wp-content\\\/uploads\\\/2025\\\/11\\\/lootzino.svg\",\"contentUrl\":\"https:\\\/\\\/lootzinocasino.net\\\/wp-content\\\/uploads\\\/2025\\\/11\\\/lootzino.svg\",\"width\":16,\"height\":20,\"caption\":\"Lootzino\"},\"image\":{\"@id\":\"https:\\\/\\\/lootzinocasino.net\\\/de\\\/#\\\/schema\\\/logo\\\/image\\\/\"}}]}<\/script>\n<!-- \/ Yoast SEO plugin. -->","yoast_head_json":{"title":"Lootzino App f\u00fcr Mobile | iOS, Android","description":"Lootzino App \u2013 spiele Casinospiele auf iOS und Android mit vollem Zugriff auf Slots, Tische und Live-Dealer. Genie\u00dfe fl\u00fcssiges Gameplay, schnelle Synchronisierung und Echtzeit-Updates bei Loot Zino.","robots":{"index":"index","follow":"follow","max-snippet":"max-snippet:-1","max-image-preview":"max-image-preview:large","max-video-preview":"max-video-preview:-1"},"canonical":"https:\/\/lootzinocasino.net\/de\/app-2\/","og_locale":"de_DE","og_type":"article","og_title":"Lootzino App f\u00fcr Mobile | iOS, Android","og_description":"Lootzino App \u2013 spiele Casinospiele auf iOS und Android mit vollem Zugriff auf Slots, Tische und Live-Dealer. Genie\u00dfe fl\u00fcssiges Gameplay, schnelle Synchronisierung und Echtzeit-Updates bei Loot Zino.","og_url":"https:\/\/lootzinocasino.net\/de\/app-2\/","og_site_name":"lootzino","article_modified_time":"2025-11-18T07:52:19+00:00","twitter_card":"summary_large_image","twitter_misc":{"Gesch\u00e4tzte Lesezeit":"2\u00a0Minuten"},"schema":{"@context":"https:\/\/schema.org","@graph":[{"@type":"WebPage","@id":"https:\/\/lootzinocasino.net\/de\/app-2\/","url":"https:\/\/lootzinocasino.net\/de\/app-2\/","name":"Lootzino App f\u00fcr Mobile | iOS, Android","isPartOf":{"@id":"https:\/\/lootzinocasino.net\/de\/#website"},"datePublished":"2025-11-17T14:31:34+00:00","dateModified":"2025-11-18T07:52:19+00:00","description":"Lootzino App \u2013 spiele Casinospiele auf iOS und Android mit vollem Zugriff auf Slots, Tische und Live-Dealer. Genie\u00dfe fl\u00fcssiges Gameplay, schnelle Synchronisierung und Echtzeit-Updates bei Loot Zino.","breadcrumb":{"@id":"https:\/\/lootzinocasino.net\/de\/app-2\/#breadcrumb"},"inLanguage":"de","potentialAction":[{"@type":"ReadAction","target":["https:\/\/lootzinocasino.net\/de\/app-2\/"]}]},{"@type":"BreadcrumbList","@id":"https:\/\/lootzinocasino.net\/de\/app-2\/#breadcrumb","itemListElement":[{"@type":"ListItem","position":1,"name":"Lootzino","item":"https:\/\/lootzinocasino.net\/de\/"},{"@type":"ListItem","position":2,"name":"App"}]},{"@type":"WebSite","@id":"https:\/\/lootzinocasino.net\/de\/#website","url":"https:\/\/lootzinocasino.net\/de\/","name":"Lootzino","description":"","publisher":{"@id":"https:\/\/lootzinocasino.net\/de\/#organization"},"potentialAction":[{"@type":"SearchAction","target":{"@type":"EntryPoint","urlTemplate":"https:\/\/lootzinocasino.net\/de\/?s={search_term_string}"},"query-input":{"@type":"PropertyValueSpecification","valueRequired":true,"valueName":"search_term_string"}}],"inLanguage":"de"},{"@type":"Organization","@id":"https:\/\/lootzinocasino.net\/de\/#organization","name":"Lootzino","url":"https:\/\/lootzinocasino.net\/de\/","logo":{"@type":"ImageObject","inLanguage":"de","@id":"https:\/\/lootzinocasino.net\/de\/#\/schema\/logo\/image\/","url":"https:\/\/lootzinocasino.net\/wp-content\/uploads\/2025\/11\/lootzino.svg","contentUrl":"https:\/\/lootzinocasino.net\/wp-content\/uploads\/2025\/11\/lootzino.svg","width":16,"height":20,"caption":"Lootzino"},"image":{"@id":"https:\/\/lootzinocasino.net\/de\/#\/schema\/logo\/image\/"}}]}},"_links":{"self":[{"href":"https:\/\/lootzinocasino.net\/de\/wp-json\/wp\/v2\/pages\/1418","targetHints":{"allow":["GET"]}}],"collection":[{"href":"https:\/\/lootzinocasino.net\/de\/wp-json\/wp\/v2\/pages"}],"about":[{"href":"https:\/\/lootzinocasino.net\/de\/wp-json\/wp\/v2\/types\/page"}],"author":[{"embeddable":true,"href":"https:\/\/lootzinocasino.net\/de\/wp-json\/wp\/v2\/users\/1"}],"replies":[{"embeddable":true,"href":"https:\/\/lootzinocasino.net\/de\/wp-json\/wp\/v2\/comments?post=1418"}],"version-history":[{"count":2,"href":"https:\/\/lootzinocasino.net\/de\/wp-json\/wp\/v2\/pages\/1418\/revisions"}],"predecessor-version":[{"id":1611,"href":"https:\/\/lootzinocasino.net\/de\/wp-json\/wp\/v2\/pages\/1418\/revisions\/1611"}],"wp:attachment":[{"href":"https:\/\/lootzinocasino.net\/de\/wp-json\/wp\/v2\/media?parent=1418"}],"curies":[{"name":"wp","href":"https:\/\/api.w.org\/{rel}","templated":true}]}}